{"id":848,"date":"2023-10-05T15:39:44","date_gmt":"2023-10-05T13:39:44","guid":{"rendered":"https:\/\/cgtsafran.com\/nacelles\/?page_id=848"},"modified":"2023-10-05T16:19:43","modified_gmt":"2023-10-05T14:19:43","slug":"simulateur-de-prime-danciennete","status":"publish","type":"page","link":"https:\/\/cgtsafran.com\/sna\/simulateur-de-prime-danciennete\/","title":{"rendered":"Simulateur de prime d&rsquo;anciennet\u00e9"},"content":{"rendered":"<h3>La Nouvelle Convention Collective (NCC) a profond\u00e9ment modifi\u00e9 la valeur des primes d&rsquo;anciennet\u00e9<\/h3>\n<p>Au sein de Safran Nacelles, nous avons fait le choix de travailler a <strong>un nouveau mode de calcul<\/strong> permettant de tr\u00e8s fortement diminuer l&rsquo;impact de la NCC sur cette prime.<\/p>\n<p><strong>La CGT \u00e9t\u00e9 la plus grande force de proposition<\/strong> lors de ces n\u00e9gociations par l&rsquo;intermediaire de ses D\u00e9l\u00e9gu\u00e9s Syndicaux Centraux.<\/p>\n<p>Un accord a \u00e9t\u00e9 trouv\u00e9 entre les diff\u00e9rentes parties prenantes et a \u00e9t\u00e9 sign\u00e9 par notre Organisation Syndicale .<\/p>\n<p>Voici un simulateur qui vous permettra de calculer la prime per\u00e7ue <strong>a partir de janvier 2024<\/strong> avec le nouveau mode de calcul en tenant compte de la cotation d&#8217;emploi qui vous a (ou vous aura tr\u00e8s prochainement) \u00e9t\u00e9 attribu\u00e9:<\/p>\n<p>(dans les quelques cas d&rsquo;\u00e9cart \u00e0 la baisse, le diff\u00e9rentiel sera alors calcul\u00e9 et int\u00e9gr\u00e9 au salaire)<\/p>\n<div class=\"forminator-ui forminator-custom-form forminator-custom-form-847 forminator-design--default  forminator_ajax\" data-forminator-render=\"0\" data-form=\"forminator-module-847\" data-uid=\"69dec20705a43\"><br\/><\/div><form\r\n\t\t\t\tid=\"forminator-module-847\"\r\n\t\t\t\tclass=\"forminator-ui forminator-custom-form forminator-custom-form-847 forminator-design--default  forminator_ajax\"\r\n\t\t\t\tmethod=\"post\"\r\n\t\t\t\tdata-forminator-render=\"0\"\r\n\t\t\t\tdata-form-id=\"847\"\r\n\t\t\t\t data-color-option=\"default\" data-design=\"default\" data-grid=\"open\" style=\"display: none;\"\r\n\t\t\t\tdata-uid=\"69dec20705a43\"\r\n\t\t\t><div role=\"alert\" aria-live=\"polite\" class=\"forminator-response-message forminator-error\" aria-hidden=\"true\"><\/div><div class=\"forminator-row\"><div id=\"checkbox-1\" class=\"forminator-field-checkbox forminator-col forminator-col-12 \"><div role=\"group\" class=\"forminator-field required\" aria-labelledby=\"forminator-checkbox-group-forminator-field-checkbox-1-69dec20705a43-label\"><span id=\"forminator-checkbox-group-forminator-field-checkbox-1-69dec20705a43-label\" class=\"forminator-label\">Etablissement <span class=\"forminator-required\">*<\/span><\/span><label id=\"forminator-field-checkbox-1-1-69dec20705a43-label\" for=\"forminator-field-checkbox-1-1-69dec20705a43\" class=\"forminator-checkbox forminator-checkbox-inline\" title=\"Florange\"><input type=\"checkbox\" name=\"checkbox-1[]\" value=\"one\" id=\"forminator-field-checkbox-1-1-69dec20705a43\" aria-labelledby=\"forminator-field-checkbox-1-1-69dec20705a43-label\" data-calculation=\"8.497\"   data-hidden-behavior=\"zero\"\/><span class=\"forminator-checkbox-box\" aria-hidden=\"true\"><\/span><span class=\"forminator-checkbox-label\">Florange<\/span><\/label><label id=\"forminator-field-checkbox-1-2-69dec20705a43-label\" for=\"forminator-field-checkbox-1-2-69dec20705a43\" class=\"forminator-checkbox forminator-checkbox-inline\" title=\"Le Havre\"><input type=\"checkbox\" name=\"checkbox-1[]\" value=\"two\" id=\"forminator-field-checkbox-1-2-69dec20705a43\" aria-labelledby=\"forminator-field-checkbox-1-2-69dec20705a43-label\" data-calculation=\"8.537\"   data-hidden-behavior=\"zero\"\/><span class=\"forminator-checkbox-box\" aria-hidden=\"true\"><\/span><span class=\"forminator-checkbox-label\">Le Havre<\/span><\/label><label id=\"forminator-field-checkbox-1-3-69dec20705a43-label\" for=\"forminator-field-checkbox-1-3-69dec20705a43\" class=\"forminator-checkbox forminator-checkbox-inline\" title=\"Pont-Audemer\"><input type=\"checkbox\" name=\"checkbox-1[]\" value=\"Pont-Audemer\" id=\"forminator-field-checkbox-1-3-69dec20705a43\" aria-labelledby=\"forminator-field-checkbox-1-3-69dec20705a43-label\" data-calculation=\"8.3\"   data-hidden-behavior=\"zero\"\/><span class=\"forminator-checkbox-box\" aria-hidden=\"true\"><\/span><span class=\"forminator-checkbox-label\">Pont-Audemer<\/span><\/label><label id=\"forminator-field-checkbox-1-4-69dec20705a43-label\" for=\"forminator-field-checkbox-1-4-69dec20705a43\" class=\"forminator-checkbox forminator-checkbox-inline\" title=\"Saclay\"><input type=\"checkbox\" name=\"checkbox-1[]\" value=\"Saclay\" id=\"forminator-field-checkbox-1-4-69dec20705a43\" aria-labelledby=\"forminator-field-checkbox-1-4-69dec20705a43-label\" data-calculation=\"8.3\"   data-hidden-behavior=\"zero\"\/><span class=\"forminator-checkbox-box\" aria-hidden=\"true\"><\/span><span class=\"forminator-checkbox-label\">Saclay<\/span><\/label><label id=\"forminator-field-checkbox-1-5-69dec20705a43-label\" for=\"forminator-field-checkbox-1-5-69dec20705a43\" class=\"forminator-checkbox forminator-checkbox-inline\" title=\"Toulouse\"><input type=\"checkbox\" name=\"checkbox-1[]\" value=\"Le-Havre\" id=\"forminator-field-checkbox-1-5-69dec20705a43\" aria-labelledby=\"forminator-field-checkbox-1-5-69dec20705a43-label\" data-calculation=\"8.3\"   data-hidden-behavior=\"zero\"\/><span class=\"forminator-checkbox-box\" aria-hidden=\"true\"><\/span><span class=\"forminator-checkbox-label\">Toulouse<\/span><\/label><\/div><\/div><\/div><div class=\"forminator-row\"><div id=\"checkbox-2\" class=\"forminator-field-checkbox forminator-col forminator-col-12 \"><div role=\"group\" class=\"forminator-field required\" aria-labelledby=\"forminator-checkbox-group-forminator-field-checkbox-2-69dec20705a43-label\"><span id=\"forminator-checkbox-group-forminator-field-checkbox-2-69dec20705a43-label\" class=\"forminator-label\">Classement <span class=\"forminator-required\">*<\/span><\/span><label id=\"forminator-field-checkbox-2-1-69dec20705a43-label\" for=\"forminator-field-checkbox-2-1-69dec20705a43\" class=\"forminator-checkbox forminator-checkbox-inline\" title=\"A1\"><input type=\"checkbox\" name=\"checkbox-2[]\" value=\"one\" id=\"forminator-field-checkbox-2-1-69dec20705a43\" aria-labelledby=\"forminator-field-checkbox-2-1-69dec20705a43-label\" data-calculation=\"0.018\"   data-hidden-behavior=\"zero\"\/><span class=\"forminator-checkbox-box\" aria-hidden=\"true\"><\/span><span class=\"forminator-checkbox-label\">A1<\/span><\/label><label id=\"forminator-field-checkbox-2-2-69dec20705a43-label\" for=\"forminator-field-checkbox-2-2-69dec20705a43\" class=\"forminator-checkbox forminator-checkbox-inline\" title=\"A2\"><input type=\"checkbox\" name=\"checkbox-2[]\" value=\"two\" id=\"forminator-field-checkbox-2-2-69dec20705a43\" aria-labelledby=\"forminator-field-checkbox-2-2-69dec20705a43-label\" data-calculation=\"0.0195\"   data-hidden-behavior=\"zero\"\/><span class=\"forminator-checkbox-box\" aria-hidden=\"true\"><\/span><span class=\"forminator-checkbox-label\">A2<\/span><\/label><label id=\"forminator-field-checkbox-2-3-69dec20705a43-label\" for=\"forminator-field-checkbox-2-3-69dec20705a43\" class=\"forminator-checkbox forminator-checkbox-inline\" title=\"B3\"><input type=\"checkbox\" name=\"checkbox-2[]\" value=\"B3\" id=\"forminator-field-checkbox-2-3-69dec20705a43\" aria-labelledby=\"forminator-field-checkbox-2-3-69dec20705a43-label\" data-calculation=\"0.021\"   data-hidden-behavior=\"zero\"\/><span class=\"forminator-checkbox-box\" aria-hidden=\"true\"><\/span><span class=\"forminator-checkbox-label\">B3<\/span><\/label><label id=\"forminator-field-checkbox-2-4-69dec20705a43-label\" for=\"forminator-field-checkbox-2-4-69dec20705a43\" class=\"forminator-checkbox forminator-checkbox-inline\" title=\"B4\"><input type=\"checkbox\" name=\"checkbox-2[]\" value=\"B4\" id=\"forminator-field-checkbox-2-4-69dec20705a43\" aria-labelledby=\"forminator-field-checkbox-2-4-69dec20705a43-label\" data-calculation=\"0.023\"   data-hidden-behavior=\"zero\"\/><span class=\"forminator-checkbox-box\" aria-hidden=\"true\"><\/span><span class=\"forminator-checkbox-label\">B4<\/span><\/label><label id=\"forminator-field-checkbox-2-5-69dec20705a43-label\" for=\"forminator-field-checkbox-2-5-69dec20705a43\" class=\"forminator-checkbox forminator-checkbox-inline\" title=\"C5\"><input type=\"checkbox\" name=\"checkbox-2[]\" value=\"C5\" id=\"forminator-field-checkbox-2-5-69dec20705a43\" aria-labelledby=\"forminator-field-checkbox-2-5-69dec20705a43-label\" data-calculation=\"0.025\"   data-hidden-behavior=\"zero\"\/><span class=\"forminator-checkbox-box\" aria-hidden=\"true\"><\/span><span class=\"forminator-checkbox-label\">C5<\/span><\/label><label id=\"forminator-field-checkbox-2-6-69dec20705a43-label\" for=\"forminator-field-checkbox-2-6-69dec20705a43\" class=\"forminator-checkbox forminator-checkbox-inline\" title=\"C6\"><input type=\"checkbox\" name=\"checkbox-2[]\" value=\"C6\" id=\"forminator-field-checkbox-2-6-69dec20705a43\" aria-labelledby=\"forminator-field-checkbox-2-6-69dec20705a43-label\" data-calculation=\"0.027\"   data-hidden-behavior=\"zero\"\/><span class=\"forminator-checkbox-box\" aria-hidden=\"true\"><\/span><span class=\"forminator-checkbox-label\">C6<\/span><\/label><label id=\"forminator-field-checkbox-2-7-69dec20705a43-label\" for=\"forminator-field-checkbox-2-7-69dec20705a43\" class=\"forminator-checkbox forminator-checkbox-inline\" title=\"D7\"><input type=\"checkbox\" name=\"checkbox-2[]\" value=\"D7\" id=\"forminator-field-checkbox-2-7-69dec20705a43\" aria-labelledby=\"forminator-field-checkbox-2-7-69dec20705a43-label\" data-calculation=\"0.028\"   data-hidden-behavior=\"zero\"\/><span class=\"forminator-checkbox-box\" aria-hidden=\"true\"><\/span><span class=\"forminator-checkbox-label\">D7<\/span><\/label><label id=\"forminator-field-checkbox-2-8-69dec20705a43-label\" for=\"forminator-field-checkbox-2-8-69dec20705a43\" class=\"forminator-checkbox forminator-checkbox-inline\" title=\"D8\"><input type=\"checkbox\" name=\"checkbox-2[]\" value=\"D8\" id=\"forminator-field-checkbox-2-8-69dec20705a43\" aria-labelledby=\"forminator-field-checkbox-2-8-69dec20705a43-label\" data-calculation=\"0.030\"   data-hidden-behavior=\"zero\"\/><span class=\"forminator-checkbox-box\" aria-hidden=\"true\"><\/span><span class=\"forminator-checkbox-label\">D8<\/span><\/label><label id=\"forminator-field-checkbox-2-9-69dec20705a43-label\" for=\"forminator-field-checkbox-2-9-69dec20705a43\" class=\"forminator-checkbox forminator-checkbox-inline\" title=\"E9\"><input type=\"checkbox\" name=\"checkbox-2[]\" value=\"E9\" id=\"forminator-field-checkbox-2-9-69dec20705a43\" aria-labelledby=\"forminator-field-checkbox-2-9-69dec20705a43-label\" data-calculation=\"0.033\"   data-hidden-behavior=\"zero\"\/><span class=\"forminator-checkbox-box\" aria-hidden=\"true\"><\/span><span class=\"forminator-checkbox-label\">E9<\/span><\/label><label id=\"forminator-field-checkbox-2-10-69dec20705a43-label\" for=\"forminator-field-checkbox-2-10-69dec20705a43\" class=\"forminator-checkbox forminator-checkbox-inline\" title=\"E10\"><input type=\"checkbox\" name=\"checkbox-2[]\" value=\"E10\" id=\"forminator-field-checkbox-2-10-69dec20705a43\" aria-labelledby=\"forminator-field-checkbox-2-10-69dec20705a43-label\" data-calculation=\"0.038\"   data-hidden-behavior=\"zero\"\/><span class=\"forminator-checkbox-box\" aria-hidden=\"true\"><\/span><span class=\"forminator-checkbox-label\">E10<\/span><\/label><\/div><\/div><\/div><div class=\"forminator-row\"><div id=\"checkbox-3\" class=\"forminator-field-checkbox forminator-col forminator-col-12 \"><div role=\"group\" class=\"forminator-field required\" aria-labelledby=\"forminator-checkbox-group-forminator-field-checkbox-3-69dec20705a43-label\"><span id=\"forminator-checkbox-group-forminator-field-checkbox-3-69dec20705a43-label\" class=\"forminator-label\">Anciennet\u00e9 <span class=\"forminator-required\">*<\/span><\/span><label id=\"forminator-field-checkbox-3-1-69dec20705a43-label\" for=\"forminator-field-checkbox-3-1-69dec20705a43\" class=\"forminator-checkbox forminator-checkbox-inline\" title=\"1 an\"><input type=\"checkbox\" name=\"checkbox-3[]\" value=\"one\" id=\"forminator-field-checkbox-3-1-69dec20705a43\" aria-labelledby=\"forminator-field-checkbox-3-1-69dec20705a43-label\" data-calculation=\"1\"   data-hidden-behavior=\"zero\"\/><span class=\"forminator-checkbox-box\" aria-hidden=\"true\"><\/span><span class=\"forminator-checkbox-label\">1 an<\/span><\/label><label id=\"forminator-field-checkbox-3-2-69dec20705a43-label\" for=\"forminator-field-checkbox-3-2-69dec20705a43\" class=\"forminator-checkbox forminator-checkbox-inline\" title=\"2 ans\"><input type=\"checkbox\" name=\"checkbox-3[]\" value=\"two\" id=\"forminator-field-checkbox-3-2-69dec20705a43\" aria-labelledby=\"forminator-field-checkbox-3-2-69dec20705a43-label\" data-calculation=\"2\"   data-hidden-behavior=\"zero\"\/><span class=\"forminator-checkbox-box\" aria-hidden=\"true\"><\/span><span class=\"forminator-checkbox-label\">2 ans<\/span><\/label><label id=\"forminator-field-checkbox-3-3-69dec20705a43-label\" for=\"forminator-field-checkbox-3-3-69dec20705a43\" class=\"forminator-checkbox forminator-checkbox-inline\" title=\"3 ans\"><input type=\"checkbox\" name=\"checkbox-3[]\" value=\"3-ans\" id=\"forminator-field-checkbox-3-3-69dec20705a43\" aria-labelledby=\"forminator-field-checkbox-3-3-69dec20705a43-label\" data-calculation=\"3\"   data-hidden-behavior=\"zero\"\/><span class=\"forminator-checkbox-box\" aria-hidden=\"true\"><\/span><span class=\"forminator-checkbox-label\">3 ans<\/span><\/label><label id=\"forminator-field-checkbox-3-4-69dec20705a43-label\" for=\"forminator-field-checkbox-3-4-69dec20705a43\" class=\"forminator-checkbox forminator-checkbox-inline\" title=\"4 ans\"><input type=\"checkbox\" name=\"checkbox-3[]\" value=\"4-ans\" id=\"forminator-field-checkbox-3-4-69dec20705a43\" aria-labelledby=\"forminator-field-checkbox-3-4-69dec20705a43-label\" data-calculation=\"4\"   data-hidden-behavior=\"zero\"\/><span class=\"forminator-checkbox-box\" aria-hidden=\"true\"><\/span><span class=\"forminator-checkbox-label\">4 ans<\/span><\/label><label id=\"forminator-field-checkbox-3-5-69dec20705a43-label\" for=\"forminator-field-checkbox-3-5-69dec20705a43\" class=\"forminator-checkbox forminator-checkbox-inline\" title=\"5 ans\"><input type=\"checkbox\" name=\"checkbox-3[]\" value=\"5-ans\" id=\"forminator-field-checkbox-3-5-69dec20705a43\" aria-labelledby=\"forminator-field-checkbox-3-5-69dec20705a43-label\" data-calculation=\"5\"   data-hidden-behavior=\"zero\"\/><span class=\"forminator-checkbox-box\" aria-hidden=\"true\"><\/span><span class=\"forminator-checkbox-label\">5 ans<\/span><\/label><label id=\"forminator-field-checkbox-3-6-69dec20705a43-label\" for=\"forminator-field-checkbox-3-6-69dec20705a43\" class=\"forminator-checkbox forminator-checkbox-inline\" title=\"6 ans\"><input type=\"checkbox\" name=\"checkbox-3[]\" value=\"6-ans\" id=\"forminator-field-checkbox-3-6-69dec20705a43\" aria-labelledby=\"forminator-field-checkbox-3-6-69dec20705a43-label\" data-calculation=\"6\"   data-hidden-behavior=\"zero\"\/><span class=\"forminator-checkbox-box\" aria-hidden=\"true\"><\/span><span class=\"forminator-checkbox-label\">6 ans<\/span><\/label><label id=\"forminator-field-checkbox-3-7-69dec20705a43-label\" for=\"forminator-field-checkbox-3-7-69dec20705a43\" class=\"forminator-checkbox forminator-checkbox-inline\" title=\"7 ans\"><input type=\"checkbox\" name=\"checkbox-3[]\" value=\"7-ans\" id=\"forminator-field-checkbox-3-7-69dec20705a43\" aria-labelledby=\"forminator-field-checkbox-3-7-69dec20705a43-label\" data-calculation=\"7\"   data-hidden-behavior=\"zero\"\/><span class=\"forminator-checkbox-box\" aria-hidden=\"true\"><\/span><span class=\"forminator-checkbox-label\">7 ans<\/span><\/label><label id=\"forminator-field-checkbox-3-8-69dec20705a43-label\" for=\"forminator-field-checkbox-3-8-69dec20705a43\" class=\"forminator-checkbox forminator-checkbox-inline\" title=\"8 ans\"><input type=\"checkbox\" name=\"checkbox-3[]\" value=\"8-ans\" id=\"forminator-field-checkbox-3-8-69dec20705a43\" aria-labelledby=\"forminator-field-checkbox-3-8-69dec20705a43-label\" data-calculation=\"8\"   data-hidden-behavior=\"zero\"\/><span class=\"forminator-checkbox-box\" aria-hidden=\"true\"><\/span><span class=\"forminator-checkbox-label\">8 ans<\/span><\/label><label id=\"forminator-field-checkbox-3-9-69dec20705a43-label\" for=\"forminator-field-checkbox-3-9-69dec20705a43\" class=\"forminator-checkbox forminator-checkbox-inline\" title=\"9 ans\"><input type=\"checkbox\" name=\"checkbox-3[]\" value=\"9-ans\" id=\"forminator-field-checkbox-3-9-69dec20705a43\" aria-labelledby=\"forminator-field-checkbox-3-9-69dec20705a43-label\" data-calculation=\"9\"   data-hidden-behavior=\"zero\"\/><span class=\"forminator-checkbox-box\" aria-hidden=\"true\"><\/span><span class=\"forminator-checkbox-label\">9 ans<\/span><\/label><label id=\"forminator-field-checkbox-3-10-69dec20705a43-label\" for=\"forminator-field-checkbox-3-10-69dec20705a43\" class=\"forminator-checkbox forminator-checkbox-inline\" title=\"10 ans\"><input type=\"checkbox\" name=\"checkbox-3[]\" value=\"10-ans\" id=\"forminator-field-checkbox-3-10-69dec20705a43\" aria-labelledby=\"forminator-field-checkbox-3-10-69dec20705a43-label\" data-calculation=\"10\"   data-hidden-behavior=\"zero\"\/><span class=\"forminator-checkbox-box\" aria-hidden=\"true\"><\/span><span class=\"forminator-checkbox-label\">10 ans<\/span><\/label><label id=\"forminator-field-checkbox-3-11-69dec20705a43-label\" for=\"forminator-field-checkbox-3-11-69dec20705a43\" class=\"forminator-checkbox forminator-checkbox-inline\" title=\"11 ans\"><input type=\"checkbox\" name=\"checkbox-3[]\" value=\"11-ans\" id=\"forminator-field-checkbox-3-11-69dec20705a43\" aria-labelledby=\"forminator-field-checkbox-3-11-69dec20705a43-label\" data-calculation=\"11\"   data-hidden-behavior=\"zero\"\/><span class=\"forminator-checkbox-box\" aria-hidden=\"true\"><\/span><span class=\"forminator-checkbox-label\">11 ans<\/span><\/label><label id=\"forminator-field-checkbox-3-12-69dec20705a43-label\" for=\"forminator-field-checkbox-3-12-69dec20705a43\" class=\"forminator-checkbox forminator-checkbox-inline\" title=\"12 ans\"><input type=\"checkbox\" name=\"checkbox-3[]\" value=\"12\" id=\"forminator-field-checkbox-3-12-69dec20705a43\" aria-labelledby=\"forminator-field-checkbox-3-12-69dec20705a43-label\" data-calculation=\"12\"   data-hidden-behavior=\"zero\"\/><span class=\"forminator-checkbox-box\" aria-hidden=\"true\"><\/span><span class=\"forminator-checkbox-label\">12 ans<\/span><\/label><label id=\"forminator-field-checkbox-3-13-69dec20705a43-label\" for=\"forminator-field-checkbox-3-13-69dec20705a43\" class=\"forminator-checkbox forminator-checkbox-inline\" title=\"13 ans\"><input type=\"checkbox\" name=\"checkbox-3[]\" value=\"13-ans\" id=\"forminator-field-checkbox-3-13-69dec20705a43\" aria-labelledby=\"forminator-field-checkbox-3-13-69dec20705a43-label\" data-calculation=\"13\"   data-hidden-behavior=\"zero\"\/><span class=\"forminator-checkbox-box\" aria-hidden=\"true\"><\/span><span class=\"forminator-checkbox-label\">13 ans<\/span><\/label><label id=\"forminator-field-checkbox-3-14-69dec20705a43-label\" for=\"forminator-field-checkbox-3-14-69dec20705a43\" class=\"forminator-checkbox forminator-checkbox-inline\" title=\"14 ans\"><input type=\"checkbox\" name=\"checkbox-3[]\" value=\"14-ans\" id=\"forminator-field-checkbox-3-14-69dec20705a43\" aria-labelledby=\"forminator-field-checkbox-3-14-69dec20705a43-label\" data-calculation=\"14\"   data-hidden-behavior=\"zero\"\/><span class=\"forminator-checkbox-box\" aria-hidden=\"true\"><\/span><span class=\"forminator-checkbox-label\">14 ans<\/span><\/label><label id=\"forminator-field-checkbox-3-15-69dec20705a43-label\" for=\"forminator-field-checkbox-3-15-69dec20705a43\" class=\"forminator-checkbox forminator-checkbox-inline\" title=\"15 ans ou plus\"><input type=\"checkbox\" name=\"checkbox-3[]\" value=\"15-ans-ou-plus\" id=\"forminator-field-checkbox-3-15-69dec20705a43\" aria-labelledby=\"forminator-field-checkbox-3-15-69dec20705a43-label\" data-calculation=\"15\"   data-hidden-behavior=\"zero\"\/><span class=\"forminator-checkbox-box\" aria-hidden=\"true\"><\/span><span class=\"forminator-checkbox-label\">15 ans ou plus<\/span><\/label><\/div><\/div><\/div><div class=\"forminator-row\"><div id=\"calculation-1\" class=\"forminator-field-calculation forminator-col forminator-col-12 \"><div class=\"forminator-field\"><label for=\"calculation-1-field_69dec20705a43\" id=\"calculation-1-field_69dec20705a43-label\" class=\"forminator-label\">Montant de la prime d&#039;anciennet\u00e9<\/label><div class=\"forminator-input forminator-input-with-prefix\"><input type=\"text\" name=\"calculation-1\" value=\"\" id=\"calculation-1-field_69dec20705a43\" class=\"forminator-calculation\" data-formula=\"{checkbox-1}*{checkbox-2}*100*{checkbox-3}\" data-required=\"\" data-decimal-point=\".\" data-precision=\"2\" data-is-hidden=\"\" disabled=\"disabled\" data-decimals=\"2\" data-inputmask=\"&#039;groupSeparator&#039;: &#039;&#039;, &#039;radixPoint&#039;: &#039;.&#039;, &#039;digits&#039;: &#039;2&#039;\" readonly=\"readonly\" data-hidden-behavior=\"zero\" \/><span class=\"forminator-suffix\">\u20ac par mois<\/span><\/div><\/div><\/div><\/div><div class=\"forminator-row\"><div id=\"textarea-1\" class=\"forminator-field-textarea forminator-col forminator-col-12 \"><div class=\"forminator-field\"><label for=\"forminator-field-textarea-1_69dec20705a43\" id=\"forminator-field-textarea-1_69dec20705a43-label\" class=\"forminator-label\">Commentaire \u00e9ventuel :<\/label><textarea name=\"textarea-1\" placeholder=\"\" id=\"forminator-field-textarea-1_69dec20705a43\" class=\"forminator-textarea\" rows=\"6\" style=\"min-height:140px;\" ><\/textarea><\/div><\/div><\/div><input type=\"hidden\" name=\"referer_url\" value=\"\" \/><div class=\"forminator-row forminator-row-last\"><div class=\"forminator-col\"><div class=\"forminator-field\"><button class=\"forminator-button forminator-button-submit\">Envoyer le message<\/button><\/div><\/div><\/div><input type=\"hidden\" id=\"forminator_nonce\" name=\"forminator_nonce\" value=\"96da0ae6b9\" \/><input type=\"hidden\" name=\"_wp_http_referer\" value=\"\/sna\/wp-json\/wp\/v2\/pages\/848\" \/><input type=\"hidden\" name=\"form_id\" value=\"847\"><input type=\"hidden\" name=\"page_id\" value=\"848\"><input type=\"hidden\" name=\"form_type\" value=\"default\"><input type=\"hidden\" name=\"current_url\" value=\"https:\/\/cgtsafran.com\/sna\/simulateur-de-prime-danciennete\/\"><input type=\"hidden\" name=\"render_id\" value=\"0\"><input type=\"hidden\" name=\"action\" value=\"forminator_submit_form_custom-forms\"><\/form>\n","protected":false},"excerpt":{"rendered":"<p>La Nouvelle Convention Collective (NCC) a profond\u00e9ment modifi\u00e9 la valeur des primes d&rsquo;anciennet\u00e9 Au sein de Safran Nacelles, nous avons fait le choix de travailler a un nouveau mode de calcul permettant de tr\u00e8s fortement diminuer l&rsquo;impact de la NCC sur cette prime. La CGT \u00e9t\u00e9 la plus grande force de proposition lors de ces [&hellip;]<\/p>\n","protected":false},"author":2,"featured_media":0,"parent":0,"menu_order":0,"comment_status":"closed","ping_status":"closed","template":"","meta":{"_acf_changed":false,"footnotes":""},"class_list":["post-848","page","type-page","status-publish","hentry"],"acf":[],"_links":{"self":[{"href":"https:\/\/cgtsafran.com\/sna\/wp-json\/wp\/v2\/pages\/848","targetHints":{"allow":["GET"]}}],"collection":[{"href":"https:\/\/cgtsafran.com\/sna\/wp-json\/wp\/v2\/pages"}],"about":[{"href":"https:\/\/cgtsafran.com\/sna\/wp-json\/wp\/v2\/types\/page"}],"author":[{"embeddable":true,"href":"https:\/\/cgtsafran.com\/sna\/wp-json\/wp\/v2\/users\/2"}],"replies":[{"embeddable":true,"href":"https:\/\/cgtsafran.com\/sna\/wp-json\/wp\/v2\/comments?post=848"}],"version-history":[{"count":2,"href":"https:\/\/cgtsafran.com\/sna\/wp-json\/wp\/v2\/pages\/848\/revisions"}],"predecessor-version":[{"id":854,"href":"https:\/\/cgtsafran.com\/sna\/wp-json\/wp\/v2\/pages\/848\/revisions\/854"}],"wp:attachment":[{"href":"https:\/\/cgtsafran.com\/sna\/wp-json\/wp\/v2\/media?parent=848"}],"curies":[{"name":"wp","href":"https:\/\/api.w.org\/{rel}","templated":true}]}}