{"id":208,"date":"2020-02-09T19:25:08","date_gmt":"2020-02-09T18:25:08","guid":{"rendered":"https:\/\/cgtsafran.com\/nacelles\/?page_id=208"},"modified":"2020-02-09T19:28:36","modified_gmt":"2020-02-09T18:28:36","slug":"egalite-professionnelle","status":"publish","type":"page","link":"https:\/\/cgtsafran.com\/sna\/droits\/egalite-professionnelle\/","title":{"rendered":"\u00c9galit\u00e9 professionnelle"},"content":{"rendered":"<p>Cliquez ci-dessous pour consulter <a href=\"http:\/\/www.egalite-professionnelle.cgt.fr\/\" target=\"_blank\" rel=\"noopener noreferrer\">le site de la CGT d\u00e9di\u00e9 \u00e0 l&rsquo;\u00e9galit\u00e9 pro<\/a><\/p>\n<p><a href=\"http:\/\/www.egalite-professionnelle.cgt.fr\/\" target=\"_blank\" rel=\"noopener noreferrer\"><img loading=\"lazy\" decoding=\"async\" class=\"alignnone wp-image-209 size-full\" src=\"https:\/\/cgtsafran.com\/nacelles\/wp-content\/uploads\/sites\/14\/2020\/02\/ega-pro.png\" alt=\"\" width=\"2048\" height=\"463\" srcset=\"https:\/\/cgtsafran.com\/sna\/wp-content\/uploads\/sites\/14\/2020\/02\/ega-pro.png 2048w, https:\/\/cgtsafran.com\/sna\/wp-content\/uploads\/sites\/14\/2020\/02\/ega-pro-300x68.png 300w, https:\/\/cgtsafran.com\/sna\/wp-content\/uploads\/sites\/14\/2020\/02\/ega-pro-1024x231.png 1024w, https:\/\/cgtsafran.com\/sna\/wp-content\/uploads\/sites\/14\/2020\/02\/ega-pro-768x173.png 768w, https:\/\/cgtsafran.com\/sna\/wp-content\/uploads\/sites\/14\/2020\/02\/ega-pro-1536x347.png 1536w\" sizes=\"auto, (max-width: 2048px) 100vw, 2048px\" \/><\/a><\/p>\n","protected":false},"excerpt":{"rendered":"<p>Cliquez ci-dessous pour consulter le site de la CGT d\u00e9di\u00e9 \u00e0 l&rsquo;\u00e9galit\u00e9 pro<\/p>\n","protected":false},"author":1,"featured_media":0,"parent":180,"menu_order":0,"comment_status":"closed","ping_status":"closed","template":"","meta":{"_acf_changed":false,"footnotes":""},"class_list":["post-208","page","type-page","status-publish","hentry"],"acf":[],"_links":{"self":[{"href":"https:\/\/cgtsafran.com\/sna\/wp-json\/wp\/v2\/pages\/208","targetHints":{"allow":["GET"]}}],"collection":[{"href":"https:\/\/cgtsafran.com\/sna\/wp-json\/wp\/v2\/pages"}],"about":[{"href":"https:\/\/cgtsafran.com\/sna\/wp-json\/wp\/v2\/types\/page"}],"author":[{"embeddable":true,"href":"https:\/\/cgtsafran.com\/sna\/wp-json\/wp\/v2\/users\/1"}],"replies":[{"embeddable":true,"href":"https:\/\/cgtsafran.com\/sna\/wp-json\/wp\/v2\/comments?post=208"}],"version-history":[{"count":2,"href":"https:\/\/cgtsafran.com\/sna\/wp-json\/wp\/v2\/pages\/208\/revisions"}],"predecessor-version":[{"id":219,"href":"https:\/\/cgtsafran.com\/sna\/wp-json\/wp\/v2\/pages\/208\/revisions\/219"}],"up":[{"embeddable":true,"href":"https:\/\/cgtsafran.com\/sna\/wp-json\/wp\/v2\/pages\/180"}],"wp:attachment":[{"href":"https:\/\/cgtsafran.com\/sna\/wp-json\/wp\/v2\/media?parent=208"}],"curies":[{"name":"wp","href":"https:\/\/api.w.org\/{rel}","templated":true}]}}