{"id":188,"date":"2020-02-09T19:10:32","date_gmt":"2020-02-09T18:10:32","guid":{"rendered":"https:\/\/cgtsafran.com\/nacelles\/?page_id=188"},"modified":"2020-02-09T19:25:39","modified_gmt":"2020-02-09T18:25:39","slug":"bilans-sociaux","status":"publish","type":"page","link":"https:\/\/cgtsafran.com\/sna\/droits\/bilans-sociaux\/","title":{"rendered":"Bilans sociaux"},"content":{"rendered":"<p>Cliquez sur les liens ci-dessous pour consulter les diff\u00e9rents bilans sociaux soci\u00e9t\u00e9 :<\/p>\n<p><a class=\"LinkFile\" title=\"bilan social soci\u00e9t\u00e9 2012\" href=\"http:\/\/www.cgtsafrannacelles.com\/media\/bilan_social_societe_2012_vdef__082303200_1035_27072015.pdf\" hreflang=\"fr\">bilan social soci\u00e9t\u00e9 2012<\/a><\/p>\n<p><a class=\"LinkFile\" title=\"bilan social soci\u00e9t\u00e9 2013\" href=\"http:\/\/www.cgtsafrannacelles.com\/media\/bilan_social_societe_2013_23_04_2014__099360600_1035_27072015.pdf\" hreflang=\"fr\">bilan social soci\u00e9t\u00e9 2013<\/a><\/p>\n<p><a class=\"LinkFile\" title=\"bilan social soci\u00e9t\u00e9 2014\" href=\"http:\/\/www.cgtsafrannacelles.com\/media\/bilan_social_societe_2014_vdef__088432300_1036_27072015.pdf\" hreflang=\"fr\">bilan social soci\u00e9t\u00e9 2014<\/a><\/p>\n<p>Cliquez sur les liens ci-dessous pour consulter les diff\u00e9rents bilans sociaux Aircelle Le Havre :<\/p>\n<p><a class=\"LinkFile\" title=\"bilan social 2012\" href=\"http:\/\/www.cgtsafrannacelles.com\/media\/bilan_social_2012__080153100_1412_27072015.pdf\" hreflang=\"fr\">bilan social Aircelle Le Havre 2012<\/a><\/p>\n<p><a class=\"LinkFile\" title=\"Blan social 2013\" href=\"http:\/\/www.cgtsafrannacelles.com\/media\/bilan_social_2013_v3__013904500_1846_22112014.pdf\" hreflang=\"fr\">Bilan social Aircelle Le Havre 2013<\/a><\/p>\n<p><a class=\"LinkFile\" title=\"Bilan social 2014\" href=\"http:\/\/www.cgtsafrannacelles.com\/media\/bilan_social_2014__031978700_1941_22072015.pdf\" hreflang=\"fr\">Bilan social Aircelle Le Havre 2014<\/a><\/p>\n","protected":false},"excerpt":{"rendered":"<p>Cliquez sur les liens ci-dessous pour consulter les diff\u00e9rents bilans sociaux soci\u00e9t\u00e9 : bilan social soci\u00e9t\u00e9 2012 bilan social soci\u00e9t\u00e9 2013 bilan social soci\u00e9t\u00e9 2014 Cliquez sur les liens ci-dessous pour consulter les diff\u00e9rents bilans sociaux Aircelle Le Havre : bilan social Aircelle Le Havre 2012 Bilan social Aircelle Le Havre 2013 Bilan social Aircelle [&hellip;]<\/p>\n","protected":false},"author":1,"featured_media":0,"parent":180,"menu_order":0,"comment_status":"closed","ping_status":"closed","template":"","meta":{"_acf_changed":false,"footnotes":""},"class_list":["post-188","page","type-page","status-publish","hentry"],"acf":[],"_links":{"self":[{"href":"https:\/\/cgtsafran.com\/sna\/wp-json\/wp\/v2\/pages\/188","targetHints":{"allow":["GET"]}}],"collection":[{"href":"https:\/\/cgtsafran.com\/sna\/wp-json\/wp\/v2\/pages"}],"about":[{"href":"https:\/\/cgtsafran.com\/sna\/wp-json\/wp\/v2\/types\/page"}],"author":[{"embeddable":true,"href":"https:\/\/cgtsafran.com\/sna\/wp-json\/wp\/v2\/users\/1"}],"replies":[{"embeddable":true,"href":"https:\/\/cgtsafran.com\/sna\/wp-json\/wp\/v2\/comments?post=188"}],"version-history":[{"count":2,"href":"https:\/\/cgtsafran.com\/sna\/wp-json\/wp\/v2\/pages\/188\/revisions"}],"predecessor-version":[{"id":211,"href":"https:\/\/cgtsafran.com\/sna\/wp-json\/wp\/v2\/pages\/188\/revisions\/211"}],"up":[{"embeddable":true,"href":"https:\/\/cgtsafran.com\/sna\/wp-json\/wp\/v2\/pages\/180"}],"wp:attachment":[{"href":"https:\/\/cgtsafran.com\/sna\/wp-json\/wp\/v2\/media?parent=188"}],"curies":[{"name":"wp","href":"https:\/\/api.w.org\/{rel}","templated":true}]}}