{"id":171,"date":"2020-02-09T19:01:38","date_gmt":"2020-02-09T18:01:38","guid":{"rendered":"https:\/\/cgtsafran.com\/nacelles\/?page_id=171"},"modified":"2020-02-09T19:03:16","modified_gmt":"2020-02-09T18:03:16","slug":"voir-aussi","status":"publish","type":"page","link":"https:\/\/cgtsafran.com\/sna\/syndicat\/voir-aussi\/","title":{"rendered":"Voir aussi"},"content":{"rendered":"<ul>\n<li>Le site de la <a href=\"https:\/\/www.cgt.fr\/\" target=\"_blank\" rel=\"noopener noreferrer\">CGT au niveau national<\/a><\/li>\n<li>Le site de la <a href=\"http:\/\/www.ugict.cgt.fr\/\" target=\"_blank\" rel=\"noopener noreferrer\">CGT Ing\u00e9s Cadres Techs<\/a><\/li>\n<li>Le site de la <a href=\"https:\/\/ftm-cgt.fr\/\" target=\"_blank\" rel=\"noopener noreferrer\">F\u00e9d\u00e9ration CGT des Travailleurs de la M\u00e9tallurgie<\/a><\/li>\n<\/ul>\n","protected":false},"excerpt":{"rendered":"<p>Le site de la CGT au niveau national Le site de la CGT Ing\u00e9s Cadres Techs Le site de la F\u00e9d\u00e9ration CGT des Travailleurs de la M\u00e9tallurgie<\/p>\n","protected":false},"author":1,"featured_media":0,"parent":173,"menu_order":0,"comment_status":"closed","ping_status":"closed","template":"","meta":{"_acf_changed":false,"footnotes":""},"class_list":["post-171","page","type-page","status-publish","hentry"],"acf":[],"_links":{"self":[{"href":"https:\/\/cgtsafran.com\/sna\/wp-json\/wp\/v2\/pages\/171","targetHints":{"allow":["GET"]}}],"collection":[{"href":"https:\/\/cgtsafran.com\/sna\/wp-json\/wp\/v2\/pages"}],"about":[{"href":"https:\/\/cgtsafran.com\/sna\/wp-json\/wp\/v2\/types\/page"}],"author":[{"embeddable":true,"href":"https:\/\/cgtsafran.com\/sna\/wp-json\/wp\/v2\/users\/1"}],"replies":[{"embeddable":true,"href":"https:\/\/cgtsafran.com\/sna\/wp-json\/wp\/v2\/comments?post=171"}],"version-history":[{"count":1,"href":"https:\/\/cgtsafran.com\/sna\/wp-json\/wp\/v2\/pages\/171\/revisions"}],"predecessor-version":[{"id":172,"href":"https:\/\/cgtsafran.com\/sna\/wp-json\/wp\/v2\/pages\/171\/revisions\/172"}],"up":[{"embeddable":true,"href":"https:\/\/cgtsafran.com\/sna\/wp-json\/wp\/v2\/pages\/173"}],"wp:attachment":[{"href":"https:\/\/cgtsafran.com\/sna\/wp-json\/wp\/v2\/media?parent=171"}],"curies":[{"name":"wp","href":"https:\/\/api.w.org\/{rel}","templated":true}]}}