{"id":159,"date":"2020-02-09T18:44:17","date_gmt":"2020-02-09T17:44:17","guid":{"rendered":"https:\/\/cgtsafran.com\/nacelles\/?page_id=159"},"modified":"2020-02-09T18:44:17","modified_gmt":"2020-02-09T17:44:17","slug":"instances-territoriales","status":"publish","type":"page","link":"https:\/\/cgtsafran.com\/sna\/instances\/instances-territoriales\/","title":{"rendered":"Instances territoriales"},"content":{"rendered":"<h3><img loading=\"lazy\" decoding=\"async\" class=\"alignnone size-full wp-image-160\" src=\"https:\/\/cgtsafran.com\/nacelles\/wp-content\/uploads\/sites\/14\/2020\/02\/instances-cgt.jpg\" alt=\"\" width=\"630\" height=\"484\" srcset=\"https:\/\/cgtsafran.com\/sna\/wp-content\/uploads\/sites\/14\/2020\/02\/instances-cgt.jpg 630w, https:\/\/cgtsafran.com\/sna\/wp-content\/uploads\/sites\/14\/2020\/02\/instances-cgt-300x230.jpg 300w\" sizes=\"auto, (max-width: 630px) 100vw, 630px\" \/><\/h3>\n<h3><\/h3>\n<h3>Pour Safran Nacelles LE HAVRE<\/h3>\n<div class=\"simpleText\">\n<div class=\"structured_text_semantique_text\">\n<div class=\"code_html\">\n<ul>\n<li>Notre UL : Union locale CGT d&rsquo;Harfleur Tancarville situ\u00e9e \u00e0 Harfleur Place d&rsquo;armes<\/li>\n<li>Notre UD : Union d\u00e9partementale de Seine Maritime situ\u00e9e \u00e0 Rouen avenue Jean Rondeaux<\/li>\n<li>Notre CR : Comit\u00e9 R\u00e9gional de Normandie situ\u00e9 \u00e0 Caen<\/li>\n<li>Notre f\u00e9d\u00e9ration : F\u00e9d\u00e9ration de la m\u00e9tallurgie situ\u00e9e \u00e0 Paris &#8211; Montreuil si\u00e8ge de la CGT<\/li>\n<li>Notre US : USTM : Union syndicale des travailleurs de la m\u00e9tallurgie situ\u00e9e \u00e0 Rouen dans les locaux de l&rsquo;UD<\/li>\n<\/ul>\n<p>Toutes ces structures sont reli\u00e9es \u00e0 la conf\u00e9d\u00e9ration CGT situ\u00e9e \u00e0 Montreuil.<\/p>\n<p>L&rsquo;ensemble de ces structures servent \u00e0 un syndicalisme de terrain et de proximit\u00e9, proche des salari\u00e9s.<\/p>\n<p>Des unions locales et d\u00e9partementales pour accueillir, renseigner et aider les salari\u00e9s seuls qui n&rsquo;ont ni syndicat ni section syndicale.<\/p>\n<ul>\n<li>Pour aider les sections syndicales dans leur fonctionnement avec l&rsquo;appui des syndicats<\/li>\n<li>Pour cr\u00e9er de nouvelles sections syndicales<\/li>\n<\/ul>\n<p>Des US et des f\u00e9d\u00e9rations pour un syndicalisme de profession ; les probl\u00e8mes, les conventions, les r\u00e8glementations sont diff\u00e9rentes suivant la profession. Pour r\u00e9pondre aux salari\u00e9s il faut \u00eatre au fait de tout cela.<\/p>\n<p>Permanences juridiques tous les lundis sans RDV de 17 h 00 \u00e0 20 h 00<\/p>\n<p><strong>Membres du bureau de l&rsquo;UL Harfleur &#8211; Tancarville\u00a0:<\/strong><br \/>\nPour la CGT Aircelle Le Havre<br \/>\nJenny GRANDET, Laurent COUSSIN<\/p>\n<p><strong>Membres du Collectif Juridique\u00a0:<\/strong><br \/>\nPour la CGT Aircelle Le Havre<br \/>\nJenny GRANDET<\/p>\n<p><strong>Membres du Collectif Retrait\u00e9s\u00a0:<\/strong><br \/>\nPour la CGT Aircelle Le Havre<br \/>\nMichel BELLENGER<br \/>\nClaude CROCHEMORE<\/p>\n<\/div>\n<\/div>\n<\/div>\n<div class=\"clear\"><\/div>\n<h3>Pour Safran Nacelles TOULOUSE<\/h3>\n<div class=\"simpleText\">\n<div class=\"structured_text_semantique_text\">\n<div class=\"code_html\">\n<p>Union Locale des Syndicats CGT<\/p>\n<p>6 rue Abel Royer<br \/>\n31\u00a0770 COLOMIERS<br \/>\nT\u00e9l\u00a0: 05.61.78.32.23.<br \/>\nFax\u00a0: 05.61.78.68.28.<br \/>\nMail\u00a0:\u00a0<a class=\"LinkFile\" href=\"mailto:cgtulcol@guideo.fr\">cgtulcol@guideo.fr<\/a><\/p>\n<\/div>\n<\/div>\n<\/div>\n<div class=\"clear\"><\/div>\n<h3>Pour Safran Nacelles SACLAY<\/h3>\n<div class=\"simpleText\">\n<div class=\"structured_text_semantique_text\">\n<div class=\"code_html\">\n<p>Conf\u00e9d\u00e9ration G\u00e9n\u00e9rale des Travailleurs<\/p>\n<p>4\u00a0av Claude Debussy<br \/>\n78340\u00a0CLAYES SOUS BOIS (LES)<br \/>\nT\u00e9l\u00a0: 01 30 55 79 03<br \/>\nFax : 01 30 81 95 91<\/p>\n<\/div>\n<\/div>\n<\/div>\n<div class=\"clear\"><\/div>\n<div class=\"simpleText\">\n<div class=\"structured_text_semantique_text\">\n<div class=\"code_html\">\n<h3>Pour Safran Nacelles Pont-Audemer<\/h3>\n<\/div>\n<\/div>\n<\/div>\n<div class=\"clear\"><\/div>\n<div class=\"simpleText\">\n<div class=\"structured_text_semantique_text\">\n<div class=\"code_html\">\n<p>UNION LOCALE PONT AUDEMER<\/p>\n<p>RUE ARISTIDE BRIAND<br \/>\n27500 PONT AUDEMER<br \/>\nT\u00e9l\u00e9phone : 02 32 56 95 96<\/p>\n<\/div>\n<\/div>\n<\/div>\n","protected":false},"excerpt":{"rendered":"<p>Pour Safran Nacelles LE HAVRE Notre UL : Union locale CGT d&rsquo;Harfleur Tancarville situ\u00e9e \u00e0 Harfleur Place d&rsquo;armes Notre UD : Union d\u00e9partementale de Seine Maritime situ\u00e9e \u00e0 Rouen avenue Jean Rondeaux Notre CR : Comit\u00e9 R\u00e9gional de Normandie situ\u00e9 \u00e0 Caen Notre f\u00e9d\u00e9ration : F\u00e9d\u00e9ration de la m\u00e9tallurgie situ\u00e9e \u00e0 Paris &#8211; Montreuil si\u00e8ge [&hellip;]<\/p>\n","protected":false},"author":1,"featured_media":0,"parent":142,"menu_order":0,"comment_status":"closed","ping_status":"closed","template":"","meta":{"_acf_changed":false,"footnotes":""},"class_list":["post-159","page","type-page","status-publish","hentry"],"acf":[],"_links":{"self":[{"href":"https:\/\/cgtsafran.com\/sna\/wp-json\/wp\/v2\/pages\/159","targetHints":{"allow":["GET"]}}],"collection":[{"href":"https:\/\/cgtsafran.com\/sna\/wp-json\/wp\/v2\/pages"}],"about":[{"href":"https:\/\/cgtsafran.com\/sna\/wp-json\/wp\/v2\/types\/page"}],"author":[{"embeddable":true,"href":"https:\/\/cgtsafran.com\/sna\/wp-json\/wp\/v2\/users\/1"}],"replies":[{"embeddable":true,"href":"https:\/\/cgtsafran.com\/sna\/wp-json\/wp\/v2\/comments?post=159"}],"version-history":[{"count":1,"href":"https:\/\/cgtsafran.com\/sna\/wp-json\/wp\/v2\/pages\/159\/revisions"}],"predecessor-version":[{"id":161,"href":"https:\/\/cgtsafran.com\/sna\/wp-json\/wp\/v2\/pages\/159\/revisions\/161"}],"up":[{"embeddable":true,"href":"https:\/\/cgtsafran.com\/sna\/wp-json\/wp\/v2\/pages\/142"}],"wp:attachment":[{"href":"https:\/\/cgtsafran.com\/sna\/wp-json\/wp\/v2\/media?parent=159"}],"curies":[{"name":"wp","href":"https:\/\/api.w.org\/{rel}","templated":true}]}}