{"id":157,"date":"2020-02-09T18:42:45","date_gmt":"2020-02-09T17:42:45","guid":{"rendered":"https:\/\/cgtsafran.com\/nacelles\/?page_id=157"},"modified":"2020-04-27T17:23:41","modified_gmt":"2020-04-27T15:23:41","slug":"pont-audemer","status":"publish","type":"page","link":"https:\/\/cgtsafran.com\/sna\/instances\/pont-audemer\/","title":{"rendered":"Site de Pont-Audemer &#8211; \u00c9lus et mandat\u00e9s"},"content":{"rendered":"<h3>\u00c9lus et mandat\u00e9s du CE<\/h3>\n<div>\n<div>\n<div>\n<table border=\"1\" cellspacing=\"1\" cellpadding=\"1\">\n<tbody>\n<tr>\n<td>Secr\u00e9taire du CE (dup)<\/td>\n<td>Virginie LEMMER<\/td>\n<td><img loading=\"lazy\" decoding=\"async\" class=\"alignnone size-medium wp-image-325\" src=\"https:\/\/cgtsafran.com\/nacelles\/wp-content\/uploads\/sites\/14\/2020\/04\/virginie-199x300.jpg\" alt=\"\" width=\"199\" height=\"300\" srcset=\"https:\/\/cgtsafran.com\/sna\/wp-content\/uploads\/sites\/14\/2020\/04\/virginie-199x300.jpg 199w, https:\/\/cgtsafran.com\/sna\/wp-content\/uploads\/sites\/14\/2020\/04\/virginie-678x1024.jpg 678w, https:\/\/cgtsafran.com\/sna\/wp-content\/uploads\/sites\/14\/2020\/04\/virginie-768x1160.jpg 768w, https:\/\/cgtsafran.com\/sna\/wp-content\/uploads\/sites\/14\/2020\/04\/virginie-1017x1536.jpg 1017w, https:\/\/cgtsafran.com\/sna\/wp-content\/uploads\/sites\/14\/2020\/04\/virginie-scaled.jpg 1356w\" sizes=\"auto, (max-width: 199px) 100vw, 199px\" \/><\/td>\n<\/tr>\n<tr>\n<td>Secr\u00e9taire adjointe du CE (dup)<\/td>\n<td>Sylvaine MARTIGNONI<\/td>\n<td><img loading=\"lazy\" decoding=\"async\" class=\"alignnone size-medium wp-image-319\" src=\"https:\/\/cgtsafran.com\/nacelles\/wp-content\/uploads\/sites\/14\/2020\/04\/sylvaine-199x300.jpg\" alt=\"\" width=\"199\" height=\"300\" srcset=\"https:\/\/cgtsafran.com\/sna\/wp-content\/uploads\/sites\/14\/2020\/04\/sylvaine-199x300.jpg 199w, https:\/\/cgtsafran.com\/sna\/wp-content\/uploads\/sites\/14\/2020\/04\/sylvaine-678x1024.jpg 678w, https:\/\/cgtsafran.com\/sna\/wp-content\/uploads\/sites\/14\/2020\/04\/sylvaine-768x1160.jpg 768w, https:\/\/cgtsafran.com\/sna\/wp-content\/uploads\/sites\/14\/2020\/04\/sylvaine-1017x1536.jpg 1017w, https:\/\/cgtsafran.com\/sna\/wp-content\/uploads\/sites\/14\/2020\/04\/sylvaine-scaled.jpg 1356w\" sizes=\"auto, (max-width: 199px) 100vw, 199px\" \/><\/td>\n<\/tr>\n<tr>\n<td>Tr\u00e9sori\u00e8re du CE (dup)<\/td>\n<td>\u00c9lisabeth ROLAND<\/td>\n<td><img loading=\"lazy\" decoding=\"async\" class=\"alignnone size-medium wp-image-320\" src=\"https:\/\/cgtsafran.com\/nacelles\/wp-content\/uploads\/sites\/14\/2020\/04\/elizabeth-199x300.jpg\" alt=\"\" width=\"199\" height=\"300\" srcset=\"https:\/\/cgtsafran.com\/sna\/wp-content\/uploads\/sites\/14\/2020\/04\/elizabeth-199x300.jpg 199w, https:\/\/cgtsafran.com\/sna\/wp-content\/uploads\/sites\/14\/2020\/04\/elizabeth-678x1024.jpg 678w, https:\/\/cgtsafran.com\/sna\/wp-content\/uploads\/sites\/14\/2020\/04\/elizabeth-768x1160.jpg 768w, https:\/\/cgtsafran.com\/sna\/wp-content\/uploads\/sites\/14\/2020\/04\/elizabeth-1017x1536.jpg 1017w, https:\/\/cgtsafran.com\/sna\/wp-content\/uploads\/sites\/14\/2020\/04\/elizabeth-scaled.jpg 1356w\" sizes=\"auto, (max-width: 199px) 100vw, 199px\" \/><\/td>\n<\/tr>\n<tr>\n<td>Repr\u00e9sentant Syndical au CE<\/td>\n<td>Fabrice LEBLANC<\/td>\n<td><img loading=\"lazy\" decoding=\"async\" class=\"alignnone size-medium wp-image-321\" src=\"https:\/\/cgtsafran.com\/nacelles\/wp-content\/uploads\/sites\/14\/2020\/04\/fabrice-199x300.jpg\" alt=\"\" width=\"199\" height=\"300\" srcset=\"https:\/\/cgtsafran.com\/sna\/wp-content\/uploads\/sites\/14\/2020\/04\/fabrice-199x300.jpg 199w, https:\/\/cgtsafran.com\/sna\/wp-content\/uploads\/sites\/14\/2020\/04\/fabrice-678x1024.jpg 678w, https:\/\/cgtsafran.com\/sna\/wp-content\/uploads\/sites\/14\/2020\/04\/fabrice-768x1160.jpg 768w, https:\/\/cgtsafran.com\/sna\/wp-content\/uploads\/sites\/14\/2020\/04\/fabrice-1017x1536.jpg 1017w, https:\/\/cgtsafran.com\/sna\/wp-content\/uploads\/sites\/14\/2020\/04\/fabrice-scaled.jpg 1356w\" sizes=\"auto, (max-width: 199px) 100vw, 199px\" \/><\/td>\n<\/tr>\n<\/tbody>\n<\/table>\n<h3>\u00c9lus et mandat\u00e9s du CHSCT<\/h3>\n<\/div>\n<\/div>\n<\/div>\n<div>\n<div>\n<div>\n<table border=\"1\" cellspacing=\"1\" cellpadding=\"1\">\n<tbody>\n<tr>\n<td>Secr\u00e9taire du CHSCT<\/td>\n<td>Yann BOULEUX<\/td>\n<td><img loading=\"lazy\" decoding=\"async\" class=\"alignnone size-full wp-image-266\" src=\"https:\/\/cgtsafran.com\/nacelles\/wp-content\/uploads\/sites\/14\/2020\/04\/yann.jpg\" alt=\"\" width=\"130\" height=\"130\" \/><\/td>\n<\/tr>\n<tr>\n<td>\u00c9lu du CHSCT (dup)<\/td>\n<td>Jean-Baptiste SIMONIN<\/td>\n<td><img loading=\"lazy\" decoding=\"async\" class=\"alignnone size-full wp-image-262\" src=\"https:\/\/cgtsafran.com\/nacelles\/wp-content\/uploads\/sites\/14\/2020\/04\/jb.jpg\" alt=\"\" width=\"130\" height=\"130\" \/><\/td>\n<\/tr>\n<tr>\n<td>Repr\u00e9sentant syndical au CHSCT<\/td>\n<td>Mickael LAIGNEL<\/td>\n<td><img loading=\"lazy\" decoding=\"async\" class=\"alignnone size-medium wp-image-317\" src=\"https:\/\/cgtsafran.com\/nacelles\/wp-content\/uploads\/sites\/14\/2020\/04\/mickael-220x300.jpg\" alt=\"\" width=\"220\" height=\"300\" \/><\/td>\n<\/tr>\n<\/tbody>\n<\/table>\n<h3>D\u00e9l\u00e9gu\u00e9s Syndicaux<\/h3>\n<\/div>\n<\/div>\n<\/div>\n<div>\n<div>\n<div>\n<table border=\"1\" cellspacing=\"1\" cellpadding=\"1\">\n<tbody>\n<tr>\n<td>D\u00e9l\u00e9gu\u00e9 Syndical Central<\/td>\n<td>Jean-Baptiste SIMONIN<\/td>\n<td><img loading=\"lazy\" decoding=\"async\" class=\"alignnone size-full wp-image-262\" src=\"https:\/\/cgtsafran.com\/nacelles\/wp-content\/uploads\/sites\/14\/2020\/04\/jb.jpg\" alt=\"\" width=\"130\" height=\"130\" \/><\/td>\n<\/tr>\n<tr>\n<td>D\u00e9l\u00e9gu\u00e9 Syndical Local<\/td>\n<td>Jean-Baptiste SIMONIN<\/td>\n<td><img loading=\"lazy\" decoding=\"async\" class=\"alignnone size-full wp-image-262\" src=\"https:\/\/cgtsafran.com\/nacelles\/wp-content\/uploads\/sites\/14\/2020\/04\/jb.jpg\" alt=\"\" width=\"130\" height=\"130\" \/><\/td>\n<\/tr>\n<\/tbody>\n<\/table>\n<p>&nbsp;<\/p>\n<\/div>\n<\/div>\n<\/div>\n","protected":false},"excerpt":{"rendered":"<p>\u00c9lus et mandat\u00e9s du CE Secr\u00e9taire du CE (dup) Virginie LEMMER Secr\u00e9taire adjointe du CE (dup) Sylvaine MARTIGNONI Tr\u00e9sori\u00e8re du CE (dup) \u00c9lisabeth ROLAND Repr\u00e9sentant Syndical au CE Fabrice LEBLANC \u00c9lus et mandat\u00e9s du CHSCT Secr\u00e9taire du CHSCT Yann BOULEUX \u00c9lu du CHSCT (dup) Jean-Baptiste SIMONIN Repr\u00e9sentant syndical au CHSCT Mickael LAIGNEL D\u00e9l\u00e9gu\u00e9s Syndicaux D\u00e9l\u00e9gu\u00e9 [&hellip;]<\/p>\n","protected":false},"author":1,"featured_media":0,"parent":142,"menu_order":0,"comment_status":"closed","ping_status":"closed","template":"","meta":{"_acf_changed":false,"footnotes":""},"class_list":["post-157","page","type-page","status-publish","hentry"],"acf":[],"_links":{"self":[{"href":"https:\/\/cgtsafran.com\/sna\/wp-json\/wp\/v2\/pages\/157","targetHints":{"allow":["GET"]}}],"collection":[{"href":"https:\/\/cgtsafran.com\/sna\/wp-json\/wp\/v2\/pages"}],"about":[{"href":"https:\/\/cgtsafran.com\/sna\/wp-json\/wp\/v2\/types\/page"}],"author":[{"embeddable":true,"href":"https:\/\/cgtsafran.com\/sna\/wp-json\/wp\/v2\/users\/1"}],"replies":[{"embeddable":true,"href":"https:\/\/cgtsafran.com\/sna\/wp-json\/wp\/v2\/comments?post=157"}],"version-history":[{"count":2,"href":"https:\/\/cgtsafran.com\/sna\/wp-json\/wp\/v2\/pages\/157\/revisions"}],"predecessor-version":[{"id":327,"href":"https:\/\/cgtsafran.com\/sna\/wp-json\/wp\/v2\/pages\/157\/revisions\/327"}],"up":[{"embeddable":true,"href":"https:\/\/cgtsafran.com\/sna\/wp-json\/wp\/v2\/pages\/142"}],"wp:attachment":[{"href":"https:\/\/cgtsafran.com\/sna\/wp-json\/wp\/v2\/media?parent=157"}],"curies":[{"name":"wp","href":"https:\/\/api.w.org\/{rel}","templated":true}]}}