{"id":155,"date":"2020-02-09T18:40:26","date_gmt":"2020-02-09T17:40:26","guid":{"rendered":"https:\/\/cgtsafran.com\/nacelles\/?page_id=155"},"modified":"2024-02-12T15:50:24","modified_gmt":"2024-02-12T14:50:24","slug":"toulouse","status":"publish","type":"page","link":"https:\/\/cgtsafran.com\/sna\/instances\/toulouse\/","title":{"rendered":"Site de Toulouse &#8211; \u00c9lus et mandat\u00e9s"},"content":{"rendered":"<h3><strong>Repr\u00e9sentant Syndical au CSE<\/strong><\/h3>\n<p>&nbsp;<\/p>\n<table>\n<tbody>\n<tr>\n<td><strong>Thierry ANDRAU\u00a0<\/strong><\/td>\n<td><img loading=\"lazy\" decoding=\"async\" class=\"alignright wp-image-265 size-full\" src=\"https:\/\/cgtsafran.com\/nacelles\/wp-content\/uploads\/sites\/14\/2020\/04\/thierryandrau.jpg\" alt=\"\" width=\"130\" height=\"130\" \/><\/td>\n<\/tr>\n<\/tbody>\n<\/table>\n<div><\/div>\n<div><\/div>\n<h3><strong>D\u00e9l\u00e9gu\u00e9 Syndical Local<\/strong><\/h3>\n<table>\n<tbody>\n<tr>\n<td><strong>Jean-Fran\u00e7ois BEQUET<\/strong><\/td>\n<td><img loading=\"lazy\" decoding=\"async\" class=\"alignright wp-image-263 size-full\" src=\"https:\/\/cgtsafran.com\/nacelles\/wp-content\/uploads\/sites\/14\/2020\/04\/jeanfrancoisbequet.jpg\" alt=\"\" width=\"130\" height=\"130\" \/><\/td>\n<\/tr>\n<\/tbody>\n<\/table>\n<h3><strong>D\u00e9l\u00e9gu\u00e9 Syndical Central<\/strong><\/h3>\n<table>\n<tbody>\n<tr>\n<td><strong>Thierry ANDRAU<\/strong><\/td>\n<td><img loading=\"lazy\" decoding=\"async\" class=\"alignright wp-image-265 size-full\" src=\"https:\/\/cgtsafran.com\/nacelles\/wp-content\/uploads\/sites\/14\/2020\/04\/thierryandrau.jpg\" alt=\"\" width=\"130\" height=\"130\" \/><\/td>\n<\/tr>\n<\/tbody>\n<\/table>\n<div><\/div>\n<div><\/div>\n<h3><strong>Le Comit\u00e9 Social et \u00c9conomique (CSE)<\/strong><\/h3>\n<div>\n<table>\n<tbody>\n<tr>\n<th colspan=\"2\">\n<h5>Titulaires<\/h5>\n<\/th>\n<\/tr>\n<tr>\n<td><strong>Nad\u00e8ge LEVASSEUR<\/strong><\/td>\n<td><img loading=\"lazy\" decoding=\"async\" class=\"alignright wp-image-870 size-thumbnail\" src=\"https:\/\/cgtsafran.com\/nacelles\/wp-content\/uploads\/sites\/14\/2023\/11\/NadegeLEVASSEUR-Mecanicenne-150x150.png\" alt=\"\" width=\"150\" height=\"150\" srcset=\"https:\/\/cgtsafran.com\/sna\/wp-content\/uploads\/sites\/14\/2023\/11\/NadegeLEVASSEUR-Mecanicenne-150x150.png 150w, https:\/\/cgtsafran.com\/sna\/wp-content\/uploads\/sites\/14\/2023\/11\/NadegeLEVASSEUR-Mecanicenne-300x300.png 300w, https:\/\/cgtsafran.com\/sna\/wp-content\/uploads\/sites\/14\/2023\/11\/NadegeLEVASSEUR-Mecanicenne-116x116.png 116w, https:\/\/cgtsafran.com\/sna\/wp-content\/uploads\/sites\/14\/2023\/11\/NadegeLEVASSEUR-Mecanicenne.png 400w\" sizes=\"auto, (max-width: 150px) 100vw, 150px\" \/><\/td>\n<\/tr>\n<tr>\n<td><strong>Timoth\u00e9e GATHERCOLE<\/strong><\/td>\n<td><img loading=\"lazy\" decoding=\"async\" class=\"alignright wp-image-868 size-thumbnail\" src=\"https:\/\/cgtsafran.com\/nacelles\/wp-content\/uploads\/sites\/14\/2023\/11\/TimotheeGathercole-Mecanicien-150x150.png\" alt=\"\" width=\"150\" height=\"150\" srcset=\"https:\/\/cgtsafran.com\/sna\/wp-content\/uploads\/sites\/14\/2023\/11\/TimotheeGathercole-Mecanicien-150x150.png 150w, https:\/\/cgtsafran.com\/sna\/wp-content\/uploads\/sites\/14\/2023\/11\/TimotheeGathercole-Mecanicien-300x300.png 300w, https:\/\/cgtsafran.com\/sna\/wp-content\/uploads\/sites\/14\/2023\/11\/TimotheeGathercole-Mecanicien-116x116.png 116w, https:\/\/cgtsafran.com\/sna\/wp-content\/uploads\/sites\/14\/2023\/11\/TimotheeGathercole-Mecanicien.png 400w\" sizes=\"auto, (max-width: 150px) 100vw, 150px\" \/><\/td>\n<\/tr>\n<tr>\n<td><strong>Fabrice MONCHATRE<\/strong><\/td>\n<td><img loading=\"lazy\" decoding=\"async\" class=\"alignright wp-image-871 size-thumbnail\" src=\"https:\/\/cgtsafran.com\/nacelles\/wp-content\/uploads\/sites\/14\/2023\/11\/FabriceMONCHATRE-ResponsableAtelier-150x150.png\" alt=\"\" width=\"150\" height=\"150\" srcset=\"https:\/\/cgtsafran.com\/sna\/wp-content\/uploads\/sites\/14\/2023\/11\/FabriceMONCHATRE-ResponsableAtelier-150x150.png 150w, https:\/\/cgtsafran.com\/sna\/wp-content\/uploads\/sites\/14\/2023\/11\/FabriceMONCHATRE-ResponsableAtelier-300x300.png 300w, https:\/\/cgtsafran.com\/sna\/wp-content\/uploads\/sites\/14\/2023\/11\/FabriceMONCHATRE-ResponsableAtelier-116x116.png 116w, https:\/\/cgtsafran.com\/sna\/wp-content\/uploads\/sites\/14\/2023\/11\/FabriceMONCHATRE-ResponsableAtelier.png 400w\" sizes=\"auto, (max-width: 150px) 100vw, 150px\" \/><\/td>\n<\/tr>\n<tr>\n<td>\n<p style=\"text-align: left;\"><strong>C\u00e9dric VIDAL<\/strong><\/p>\n<\/td>\n<td><img loading=\"lazy\" decoding=\"async\" class=\"alignright wp-image-872 size-thumbnail\" src=\"https:\/\/cgtsafran.com\/nacelles\/wp-content\/uploads\/sites\/14\/2023\/11\/CedricVIDAL-Peintre-150x150.png\" alt=\"\" width=\"150\" height=\"150\" srcset=\"https:\/\/cgtsafran.com\/sna\/wp-content\/uploads\/sites\/14\/2023\/11\/CedricVIDAL-Peintre-150x150.png 150w, https:\/\/cgtsafran.com\/sna\/wp-content\/uploads\/sites\/14\/2023\/11\/CedricVIDAL-Peintre-300x300.png 300w, https:\/\/cgtsafran.com\/sna\/wp-content\/uploads\/sites\/14\/2023\/11\/CedricVIDAL-Peintre-116x116.png 116w, https:\/\/cgtsafran.com\/sna\/wp-content\/uploads\/sites\/14\/2023\/11\/CedricVIDAL-Peintre.png 400w\" sizes=\"auto, (max-width: 150px) 100vw, 150px\" \/><\/td>\n<\/tr>\n<tr>\n<th colspan=\"2\">\n<h5>Suppl\u00e9ants<\/h5>\n<\/th>\n<\/tr>\n<tr>\n<td><strong>Alexandre BAUDIN<\/strong><\/td>\n<td><img loading=\"lazy\" decoding=\"async\" class=\"alignright wp-image-873 size-thumbnail\" src=\"https:\/\/cgtsafran.com\/nacelles\/wp-content\/uploads\/sites\/14\/2023\/11\/AlexandreBAUDIN-Mecanicien-150x150.png\" alt=\"\" width=\"150\" height=\"150\" srcset=\"https:\/\/cgtsafran.com\/sna\/wp-content\/uploads\/sites\/14\/2023\/11\/AlexandreBAUDIN-Mecanicien-150x150.png 150w, https:\/\/cgtsafran.com\/sna\/wp-content\/uploads\/sites\/14\/2023\/11\/AlexandreBAUDIN-Mecanicien-300x300.png 300w, https:\/\/cgtsafran.com\/sna\/wp-content\/uploads\/sites\/14\/2023\/11\/AlexandreBAUDIN-Mecanicien-116x116.png 116w, https:\/\/cgtsafran.com\/sna\/wp-content\/uploads\/sites\/14\/2023\/11\/AlexandreBAUDIN-Mecanicien.png 400w\" sizes=\"auto, (max-width: 150px) 100vw, 150px\" \/><\/td>\n<\/tr>\n<tr>\n<td>\n<p style=\"text-align: left;\"><strong>Nicolas MOUNIER<\/strong><\/p>\n<\/td>\n<td><img loading=\"lazy\" decoding=\"async\" class=\"alignright wp-image-874 size-thumbnail\" src=\"https:\/\/cgtsafran.com\/nacelles\/wp-content\/uploads\/sites\/14\/2023\/11\/NicolasMOUNIER-Peintre-150x150.png\" alt=\"\" width=\"150\" height=\"150\" srcset=\"https:\/\/cgtsafran.com\/sna\/wp-content\/uploads\/sites\/14\/2023\/11\/NicolasMOUNIER-Peintre-150x150.png 150w, https:\/\/cgtsafran.com\/sna\/wp-content\/uploads\/sites\/14\/2023\/11\/NicolasMOUNIER-Peintre-300x300.png 300w, https:\/\/cgtsafran.com\/sna\/wp-content\/uploads\/sites\/14\/2023\/11\/NicolasMOUNIER-Peintre-116x116.png 116w, https:\/\/cgtsafran.com\/sna\/wp-content\/uploads\/sites\/14\/2023\/11\/NicolasMOUNIER-Peintre.png 400w\" sizes=\"auto, (max-width: 150px) 100vw, 150px\" \/><\/td>\n<\/tr>\n<tr>\n<td><strong>Philippe PASQUIOU<\/strong><\/td>\n<td><img loading=\"lazy\" decoding=\"async\" class=\"alignright wp-image-875 size-thumbnail\" src=\"https:\/\/cgtsafran.com\/nacelles\/wp-content\/uploads\/sites\/14\/2023\/11\/PhilippePASQUIOU-Peintre-150x150.png\" alt=\"\" width=\"150\" height=\"150\" srcset=\"https:\/\/cgtsafran.com\/sna\/wp-content\/uploads\/sites\/14\/2023\/11\/PhilippePASQUIOU-Peintre-150x150.png 150w, https:\/\/cgtsafran.com\/sna\/wp-content\/uploads\/sites\/14\/2023\/11\/PhilippePASQUIOU-Peintre-300x300.png 300w, https:\/\/cgtsafran.com\/sna\/wp-content\/uploads\/sites\/14\/2023\/11\/PhilippePASQUIOU-Peintre-116x116.png 116w, https:\/\/cgtsafran.com\/sna\/wp-content\/uploads\/sites\/14\/2023\/11\/PhilippePASQUIOU-Peintre.png 400w\" sizes=\"auto, (max-width: 150px) 100vw, 150px\" \/><\/td>\n<\/tr>\n<tr>\n<td>\n<p style=\"text-align: left;\"><strong>Denis PR\u00c9<\/strong><\/p>\n<\/td>\n<td><img loading=\"lazy\" decoding=\"async\" class=\"alignright wp-image-876 size-thumbnail\" src=\"https:\/\/cgtsafran.com\/nacelles\/wp-content\/uploads\/sites\/14\/2023\/11\/DenisPRE-TechnicienMethodes-150x150.png\" alt=\"\" width=\"150\" height=\"150\" srcset=\"https:\/\/cgtsafran.com\/sna\/wp-content\/uploads\/sites\/14\/2023\/11\/DenisPRE-TechnicienMethodes-150x150.png 150w, https:\/\/cgtsafran.com\/sna\/wp-content\/uploads\/sites\/14\/2023\/11\/DenisPRE-TechnicienMethodes-300x300.png 300w, https:\/\/cgtsafran.com\/sna\/wp-content\/uploads\/sites\/14\/2023\/11\/DenisPRE-TechnicienMethodes-116x116.png 116w, https:\/\/cgtsafran.com\/sna\/wp-content\/uploads\/sites\/14\/2023\/11\/DenisPRE-TechnicienMethodes.png 400w\" sizes=\"auto, (max-width: 150px) 100vw, 150px\" \/><\/td>\n<\/tr>\n<\/tbody>\n<\/table>\n<\/div>\n","protected":false},"excerpt":{"rendered":"<p>Repr\u00e9sentant Syndical au CSE &nbsp; Thierry ANDRAU\u00a0 D\u00e9l\u00e9gu\u00e9 Syndical Local Jean-Fran\u00e7ois BEQUET D\u00e9l\u00e9gu\u00e9 Syndical Central Thierry ANDRAU Le Comit\u00e9 Social et \u00c9conomique (CSE) Titulaires Nad\u00e8ge LEVASSEUR Timoth\u00e9e GATHERCOLE Fabrice MONCHATRE C\u00e9dric VIDAL Suppl\u00e9ants Alexandre BAUDIN Nicolas MOUNIER Philippe PASQUIOU Denis PR\u00c9<\/p>\n","protected":false},"author":1,"featured_media":0,"parent":142,"menu_order":0,"comment_status":"closed","ping_status":"closed","template":"","meta":{"_acf_changed":false,"footnotes":""},"class_list":["post-155","page","type-page","status-publish","hentry"],"acf":[],"_links":{"self":[{"href":"https:\/\/cgtsafran.com\/sna\/wp-json\/wp\/v2\/pages\/155","targetHints":{"allow":["GET"]}}],"collection":[{"href":"https:\/\/cgtsafran.com\/sna\/wp-json\/wp\/v2\/pages"}],"about":[{"href":"https:\/\/cgtsafran.com\/sna\/wp-json\/wp\/v2\/types\/page"}],"author":[{"embeddable":true,"href":"https:\/\/cgtsafran.com\/sna\/wp-json\/wp\/v2\/users\/1"}],"replies":[{"embeddable":true,"href":"https:\/\/cgtsafran.com\/sna\/wp-json\/wp\/v2\/comments?post=155"}],"version-history":[{"count":3,"href":"https:\/\/cgtsafran.com\/sna\/wp-json\/wp\/v2\/pages\/155\/revisions"}],"predecessor-version":[{"id":884,"href":"https:\/\/cgtsafran.com\/sna\/wp-json\/wp\/v2\/pages\/155\/revisions\/884"}],"up":[{"embeddable":true,"href":"https:\/\/cgtsafran.com\/sna\/wp-json\/wp\/v2\/pages\/142"}],"wp:attachment":[{"href":"https:\/\/cgtsafran.com\/sna\/wp-json\/wp\/v2\/media?parent=155"}],"curies":[{"name":"wp","href":"https:\/\/api.w.org\/{rel}","templated":true}]}}