{"id":140,"date":"2020-02-09T18:22:25","date_gmt":"2020-02-09T17:22:25","guid":{"rendered":"https:\/\/cgtsafran.com\/nacelles\/?page_id=140"},"modified":"2020-02-09T19:03:10","modified_gmt":"2020-02-09T18:03:10","slug":"retraites","status":"publish","type":"page","link":"https:\/\/cgtsafran.com\/sna\/syndicat\/retraites\/","title":{"rendered":"Retrait\u00e9s"},"content":{"rendered":"<div class=\"simpleText\">\n<div class=\"structured_text_semantique_text\">\n<div class=\"code_html\">\n<p>La section syndicale CGT retrait\u00e9s AIRCELLE existe depuis 1995, cr\u00e9\u00e9e par Andr\u00e9 Cadinot et Jean-Jacques Losser, et ensuite sous la forme actuelle, par Jean-Pierre Szafran et Michel Bellenger.<\/p>\n<p>La section compte aujourd&rsquo;hui 74\u00a0adh\u00e9rents, dont 11 femmes et lors de nos r\u00e9unions (5 ou 6 par an) nous sommes environ une quarantaine de camarades, ce qui n&rsquo;est pas mal du tout, comparativement aux autres r\u00e9unions de retrait\u00e9s de l&rsquo;UL d&rsquo;Harfleur.<\/p>\n<\/div>\n<\/div>\n<\/div>\n<div class=\"clear\"><\/div>\n<h2>Composition du bureau<\/h2>\n<div class=\"simpleText\">\n<div class=\"structured_text_semantique_text\">\n<div class=\"code_html\">\n<table>\n<tbody>\n<tr>\n<th>Pr\u00e9sidents d&rsquo;honneurs<\/th>\n<td>Henri Mehl &#8211; Jean-Pierre Szafran<\/td>\n<\/tr>\n<tr>\n<th>Secr\u00e9taire<\/th>\n<td>Michel Bellenger<\/td>\n<\/tr>\n<tr>\n<th>Tr\u00e9soriers<\/th>\n<td>G\u00e9rard Vaudry et Claude Crochemore<\/td>\n<\/tr>\n<tr>\n<th>Membres<\/th>\n<td>Dani\u00e8le Douville &#8211; Jacky Kahn<br \/>\nClaude Chatel &#8211; Jean-Paul Vattier<\/td>\n<\/tr>\n<\/tbody>\n<\/table>\n<\/div>\n<\/div>\n<\/div>\n<div class=\"clear\"><\/div>\n<div class=\"simpleText\">\n<div class=\"structured_text_semantique_text\">\n<div class=\"code_html\">\n<p>Notre section est repr\u00e9sent\u00e9e \u00e0 l&rsquo;USR (Union Syndicale Retrait\u00e9s) \u00e0 la commission ex\u00e9cutive d&rsquo;Harfleur et du Havre, \u00e0 l&rsquo;UFR M\u00e9taux (Union F\u00e9d\u00e9rale retrait\u00e9s) \u00e0 l&rsquo;USTM (Union Syndicale des Travailleurs de la M\u00e9tallurgie) et il y a toujours un ou plusieurs repr\u00e9sentants de notre section dans les diff\u00e9rentes instances de la CGT.<\/p>\n<p>Ce syndicalisme retrait\u00e9s a pour but de pr\u00e9server nos acquis, d&rsquo;assurer la continuit\u00e9 syndicale, la d\u00e9fense de notre pouvoir d&rsquo;achat et d&rsquo;am\u00e9liorer nos conditions de vie.<\/p>\n<\/div>\n<\/div>\n<\/div>\n","protected":false},"excerpt":{"rendered":"<p>La section syndicale CGT retrait\u00e9s AIRCELLE existe depuis 1995, cr\u00e9\u00e9e par Andr\u00e9 Cadinot et Jean-Jacques Losser, et ensuite sous la forme actuelle, par Jean-Pierre Szafran et Michel Bellenger. La section compte aujourd&rsquo;hui 74\u00a0adh\u00e9rents, dont 11 femmes et lors de nos r\u00e9unions (5 ou 6 par an) nous sommes environ une quarantaine de camarades, ce qui [&hellip;]<\/p>\n","protected":false},"author":1,"featured_media":0,"parent":173,"menu_order":0,"comment_status":"open","ping_status":"closed","template":"","meta":{"_acf_changed":false,"footnotes":""},"class_list":["post-140","page","type-page","status-publish","hentry"],"acf":[],"_links":{"self":[{"href":"https:\/\/cgtsafran.com\/sna\/wp-json\/wp\/v2\/pages\/140","targetHints":{"allow":["GET"]}}],"collection":[{"href":"https:\/\/cgtsafran.com\/sna\/wp-json\/wp\/v2\/pages"}],"about":[{"href":"https:\/\/cgtsafran.com\/sna\/wp-json\/wp\/v2\/types\/page"}],"author":[{"embeddable":true,"href":"https:\/\/cgtsafran.com\/sna\/wp-json\/wp\/v2\/users\/1"}],"replies":[{"embeddable":true,"href":"https:\/\/cgtsafran.com\/sna\/wp-json\/wp\/v2\/comments?post=140"}],"version-history":[{"count":1,"href":"https:\/\/cgtsafran.com\/sna\/wp-json\/wp\/v2\/pages\/140\/revisions"}],"predecessor-version":[{"id":141,"href":"https:\/\/cgtsafran.com\/sna\/wp-json\/wp\/v2\/pages\/140\/revisions\/141"}],"up":[{"embeddable":true,"href":"https:\/\/cgtsafran.com\/sna\/wp-json\/wp\/v2\/pages\/173"}],"wp:attachment":[{"href":"https:\/\/cgtsafran.com\/sna\/wp-json\/wp\/v2\/media?parent=140"}],"curies":[{"name":"wp","href":"https:\/\/api.w.org\/{rel}","templated":true}]}}