{"id":134,"date":"2020-02-09T18:21:59","date_gmt":"2020-02-09T17:21:59","guid":{"rendered":"https:\/\/cgtsafran.com\/nacelles\/?page_id=134"},"modified":"2020-02-09T19:03:02","modified_gmt":"2020-02-09T18:03:02","slug":"resultats-elections","status":"publish","type":"page","link":"https:\/\/cgtsafran.com\/sna\/syndicat\/resultats-elections\/","title":{"rendered":"Les r\u00e9sultats aux \u00e9lections"},"content":{"rendered":"<p><a href=\"https:\/\/cgtsafran.com\/nacelles\/wp-content\/uploads\/sites\/14\/2020\/02\/elections_ce_2015__080157700_1040_26112015.pdf\">\u00c9lection_CE_2015<\/a><\/p>\n<p><a href=\"https:\/\/cgtsafran.com\/nacelles\/wp-content\/uploads\/sites\/14\/2020\/02\/elections_dp_2015__000346100_1040_26112015.pdf\">\u00c9lection_DP_2015<\/a><\/p>\n<p>&nbsp;<\/p>\n<p>&nbsp;<\/p>\n<p><a href=\"https:\/\/cgtsafran.com\/nacelles\/wp-content\/uploads\/sites\/14\/2020\/02\/election_ce_2011__061494600_1155_24052013.pdf\">\u00c9lection_CE_2011<\/a><\/p>\n<p><a href=\"https:\/\/cgtsafran.com\/nacelles\/wp-content\/uploads\/sites\/14\/2020\/02\/elections_dp_2011__043946900_1155_24052013.pdf\">\u00c9lection_DP_2011<\/a><\/p>\n<p>&nbsp;<\/p>\n<p>&nbsp;<\/p>\n","protected":false},"excerpt":{"rendered":"<p>\u00c9lection_CE_2015 \u00c9lection_DP_2015 &nbsp; &nbsp; \u00c9lection_CE_2011 \u00c9lection_DP_2011 &nbsp; &nbsp;<\/p>\n","protected":false},"author":1,"featured_media":0,"parent":173,"menu_order":0,"comment_status":"closed","ping_status":"closed","template":"","meta":{"_acf_changed":false,"footnotes":""},"class_list":["post-134","page","type-page","status-publish","hentry"],"acf":[],"_links":{"self":[{"href":"https:\/\/cgtsafran.com\/sna\/wp-json\/wp\/v2\/pages\/134","targetHints":{"allow":["GET"]}}],"collection":[{"href":"https:\/\/cgtsafran.com\/sna\/wp-json\/wp\/v2\/pages"}],"about":[{"href":"https:\/\/cgtsafran.com\/sna\/wp-json\/wp\/v2\/types\/page"}],"author":[{"embeddable":true,"href":"https:\/\/cgtsafran.com\/sna\/wp-json\/wp\/v2\/users\/1"}],"replies":[{"embeddable":true,"href":"https:\/\/cgtsafran.com\/sna\/wp-json\/wp\/v2\/comments?post=134"}],"version-history":[{"count":1,"href":"https:\/\/cgtsafran.com\/sna\/wp-json\/wp\/v2\/pages\/134\/revisions"}],"predecessor-version":[{"id":139,"href":"https:\/\/cgtsafran.com\/sna\/wp-json\/wp\/v2\/pages\/134\/revisions\/139"}],"up":[{"embeddable":true,"href":"https:\/\/cgtsafran.com\/sna\/wp-json\/wp\/v2\/pages\/173"}],"wp:attachment":[{"href":"https:\/\/cgtsafran.com\/sna\/wp-json\/wp\/v2\/media?parent=134"}],"curies":[{"name":"wp","href":"https:\/\/api.w.org\/{rel}","templated":true}]}}