{"id":420,"date":"2023-10-27T16:40:10","date_gmt":"2023-10-27T14:40:10","guid":{"rendered":"https:\/\/cgtsafran.com\/sls\/?page_id=420"},"modified":"2025-10-17T11:26:44","modified_gmt":"2025-10-17T09:26:44","slug":"actus-site-de-bidos","status":"publish","type":"page","link":"https:\/\/cgtsafran.com\/sls\/actus-site-de-bidos\/","title":{"rendered":"Actus site de Bidos"},"content":{"rendered":"<p><a href=\"https:\/\/cgtsafran.com\/sls\/le-mensuel-de-la-cgt-bidos\/\" rel=\"attachment wp-att-603\"><img loading=\"lazy\" decoding=\"async\" class=\"aligncenter size-full wp-image-603\" src=\"https:\/\/cgtsafran.com\/sls\/wp-content\/uploads\/sites\/13\/2024\/03\/Bandeau-mag.jpg\" alt=\"\" width=\"1105\" height=\"196\" srcset=\"https:\/\/cgtsafran.com\/sls\/wp-content\/uploads\/sites\/13\/2024\/03\/Bandeau-mag.jpg 1105w, https:\/\/cgtsafran.com\/sls\/wp-content\/uploads\/sites\/13\/2024\/03\/Bandeau-mag-300x53.jpg 300w, https:\/\/cgtsafran.com\/sls\/wp-content\/uploads\/sites\/13\/2024\/03\/Bandeau-mag-1024x182.jpg 1024w, https:\/\/cgtsafran.com\/sls\/wp-content\/uploads\/sites\/13\/2024\/03\/Bandeau-mag-768x136.jpg 768w\" sizes=\"auto, (max-width: 1105px) 100vw, 1105px\" \/><\/a><\/p>\n<p><a href=\"https:\/\/cgtsafran.com\/sls\/wp-content\/uploads\/sites\/13\/2025\/10\/tract-nego-competitivite.pdf\"><img loading=\"lazy\" decoding=\"async\" class=\"wp-image-1049 aligncenter\" src=\"https:\/\/cgtsafran.com\/sls\/wp-content\/uploads\/sites\/13\/2025\/10\/mini-nego-competitivite-210x300.png\" alt=\"\" width=\"294\" height=\"420\" srcset=\"https:\/\/cgtsafran.com\/sls\/wp-content\/uploads\/sites\/13\/2025\/10\/mini-nego-competitivite-210x300.png 210w, https:\/\/cgtsafran.com\/sls\/wp-content\/uploads\/sites\/13\/2025\/10\/mini-nego-competitivite.png 684w\" sizes=\"auto, (max-width: 294px) 100vw, 294px\" \/><\/a><\/p>\n<p>&nbsp;<\/p>\n<p><a href=\"https:\/\/cgtsafran.com\/sls\/wp-content\/uploads\/sites\/13\/2025\/08\/Declaration-de-la-CGT-bilan-social-egalite-et-4eme-usine.pdf\" rel=\"attachment wp-att-935\"><img loading=\"lazy\" decoding=\"async\" class=\" wp-image-935 alignleft\" src=\"https:\/\/cgtsafran.com\/sls\/wp-content\/uploads\/sites\/13\/2025\/08\/decla-et-4eme-usine.png\" alt=\"\" width=\"323\" height=\"459\" srcset=\"https:\/\/cgtsafran.com\/sls\/wp-content\/uploads\/sites\/13\/2025\/08\/decla-et-4eme-usine.png 640w, https:\/\/cgtsafran.com\/sls\/wp-content\/uploads\/sites\/13\/2025\/08\/decla-et-4eme-usine-211x300.png 211w\" sizes=\"auto, (max-width: 323px) 100vw, 323px\" \/><\/a><\/p>\n<p><a href=\"https:\/\/cgtsafran.com\/sls\/wp-content\/uploads\/sites\/13\/2025\/07\/Tract-deplacement-cadre-1-juillet-2025.pdf\" rel=\"attachment wp-att-909\"><img loading=\"lazy\" decoding=\"async\" class=\" wp-image-909 alignright\" src=\"https:\/\/cgtsafran.com\/sls\/wp-content\/uploads\/sites\/13\/2025\/07\/mini-accord-cadre.png\" alt=\"\" width=\"347\" height=\"476\" srcset=\"https:\/\/cgtsafran.com\/sls\/wp-content\/uploads\/sites\/13\/2025\/07\/mini-accord-cadre.png 637w, https:\/\/cgtsafran.com\/sls\/wp-content\/uploads\/sites\/13\/2025\/07\/mini-accord-cadre-219x300.png 219w\" sizes=\"auto, (max-width: 347px) 100vw, 347px\" \/><\/a><a href=\"https:\/\/cgtsafran.com\/sls\/wp-content\/uploads\/sites\/13\/2025\/07\/Tract-Tuteur-18-juin-2025.pdf\" rel=\"attachment wp-att-907\"><img loading=\"lazy\" decoding=\"async\" class=\" wp-image-907 alignleft\" src=\"https:\/\/cgtsafran.com\/sls\/wp-content\/uploads\/sites\/13\/2025\/07\/mini-tuteur.png\" alt=\"\" width=\"313\" height=\"430\" srcset=\"https:\/\/cgtsafran.com\/sls\/wp-content\/uploads\/sites\/13\/2025\/07\/mini-tuteur.png 655w, https:\/\/cgtsafran.com\/sls\/wp-content\/uploads\/sites\/13\/2025\/07\/mini-tuteur-218x300.png 218w\" sizes=\"auto, (max-width: 313px) 100vw, 313px\" \/><\/a><\/p>\n<p><a href=\"https:\/\/cgtsafran.com\/sls\/wp-content\/uploads\/sites\/13\/2025\/06\/tract-CGT64-5-juin-2025.pdf\" rel=\"attachment wp-att-881\"><img loading=\"lazy\" decoding=\"async\" class=\" wp-image-881 alignleft\" src=\"https:\/\/cgtsafran.com\/sls\/wp-content\/uploads\/sites\/13\/2025\/06\/mini-tract-05-2025.png\" alt=\"\" width=\"306\" height=\"439\" srcset=\"https:\/\/cgtsafran.com\/sls\/wp-content\/uploads\/sites\/13\/2025\/06\/mini-tract-05-2025.png 573w, https:\/\/cgtsafran.com\/sls\/wp-content\/uploads\/sites\/13\/2025\/06\/mini-tract-05-2025-209x300.png 209w\" sizes=\"auto, (max-width: 306px) 100vw, 306px\" \/><\/a><\/p>\n<p style=\"text-align: right\"><a href=\"https:\/\/cgtsafran.com\/sls\/wp-content\/uploads\/sites\/13\/2025\/05\/tract-mois-de-mai.pdf\" rel=\"attachment wp-att-876\"><img loading=\"lazy\" decoding=\"async\" class=\"wp-image-876 alignright\" src=\"https:\/\/cgtsafran.com\/sls\/wp-content\/uploads\/sites\/13\/2025\/05\/miniature-tract-mois-de-mai.png\" alt=\"\" width=\"341\" height=\"443\" srcset=\"https:\/\/cgtsafran.com\/sls\/wp-content\/uploads\/sites\/13\/2025\/05\/miniature-tract-mois-de-mai.png 576w, https:\/\/cgtsafran.com\/sls\/wp-content\/uploads\/sites\/13\/2025\/05\/miniature-tract-mois-de-mai-231x300.png 231w\" sizes=\"auto, (max-width: 341px) 100vw, 341px\" \/><\/a><a href=\"https:\/\/cgtsafran.com\/sls\/wp-content\/uploads\/sites\/13\/2025\/05\/rien-ne-change.pdf\" rel=\"attachment wp-att-878\"><img loading=\"lazy\" decoding=\"async\" class=\"wp-image-878 alignleft\" src=\"https:\/\/cgtsafran.com\/sls\/wp-content\/uploads\/sites\/13\/2025\/05\/rien-ne-change.png\" alt=\"\" width=\"312\" height=\"452\" srcset=\"https:\/\/cgtsafran.com\/sls\/wp-content\/uploads\/sites\/13\/2025\/05\/rien-ne-change.png 556w, https:\/\/cgtsafran.com\/sls\/wp-content\/uploads\/sites\/13\/2025\/05\/rien-ne-change-207x300.png 207w\" sizes=\"auto, (max-width: 312px) 100vw, 312px\" \/><\/a><\/p>\n<p><a href=\"https:\/\/cgtsafran.com\/sls\/wp-content\/uploads\/sites\/13\/2024\/10\/HALLOWEEN-AVANT-LHEURE-CHEZ-SLS-Bidos.pdf\" rel=\"attachment wp-att-831\"><img loading=\"lazy\" decoding=\"async\" class=\"wp-image-831 alignright\" src=\"https:\/\/cgtsafran.com\/sls\/wp-content\/uploads\/sites\/13\/2024\/10\/halloween-avant-lheure.jpg\" alt=\"\" width=\"280\" height=\"391\" srcset=\"https:\/\/cgtsafran.com\/sls\/wp-content\/uploads\/sites\/13\/2024\/10\/halloween-avant-lheure.jpg 583w, https:\/\/cgtsafran.com\/sls\/wp-content\/uploads\/sites\/13\/2024\/10\/halloween-avant-lheure-215x300.jpg 215w\" sizes=\"auto, (max-width: 280px) 100vw, 280px\" \/><\/a><a href=\"https:\/\/cgtsafran.com\/sls\/wp-content\/uploads\/sites\/13\/2024\/10\/TRACT-Horaire-2.pdf\" rel=\"attachment wp-att-837\"><img loading=\"lazy\" decoding=\"async\" class=\"wp-image-837 alignleft\" src=\"https:\/\/cgtsafran.com\/sls\/wp-content\/uploads\/sites\/13\/2024\/10\/temps-de-travail.jpg\" alt=\"\" width=\"280\" height=\"392\" srcset=\"https:\/\/cgtsafran.com\/sls\/wp-content\/uploads\/sites\/13\/2024\/10\/temps-de-travail.jpg 562w, https:\/\/cgtsafran.com\/sls\/wp-content\/uploads\/sites\/13\/2024\/10\/temps-de-travail-214x300.jpg 214w\" sizes=\"auto, (max-width: 280px) 100vw, 280px\" \/><\/a><a href=\"https:\/\/cgtsafran.com\/sls\/wp-content\/uploads\/sites\/13\/2024\/10\/tract-salaire.pdf\" rel=\"attachment wp-att-819\"><img loading=\"lazy\" decoding=\"async\" class=\"wp-image-819 alignright\" src=\"https:\/\/cgtsafran.com\/sls\/wp-content\/uploads\/sites\/13\/2024\/10\/tract-salaire.jpg\" alt=\"\" width=\"311\" height=\"440\" srcset=\"https:\/\/cgtsafran.com\/sls\/wp-content\/uploads\/sites\/13\/2024\/10\/tract-salaire.jpg 552w, https:\/\/cgtsafran.com\/sls\/wp-content\/uploads\/sites\/13\/2024\/10\/tract-salaire-212x300.jpg 212w\" sizes=\"auto, (max-width: 311px) 100vw, 311px\" \/><\/a><a href=\"https:\/\/cgtsafran.com\/sls\/wp-content\/uploads\/sites\/13\/2024\/10\/Appel-1er-octobre-bidos.pdf\" rel=\"attachment wp-att-815\"><img loading=\"lazy\" decoding=\"async\" class=\"wp-image-815 alignleft\" src=\"https:\/\/cgtsafran.com\/sls\/wp-content\/uploads\/sites\/13\/2024\/10\/Appel-1er-octobre-bidos.jpg\" alt=\"\" width=\"309\" height=\"421\" srcset=\"https:\/\/cgtsafran.com\/sls\/wp-content\/uploads\/sites\/13\/2024\/10\/Appel-1er-octobre-bidos.jpg 388w, https:\/\/cgtsafran.com\/sls\/wp-content\/uploads\/sites\/13\/2024\/10\/Appel-1er-octobre-bidos-220x300.jpg 220w\" sizes=\"auto, (max-width: 309px) 100vw, 309px\" \/><\/a><\/p>\n<p><a href=\"https:\/\/cgtsafran.com\/sls\/wp-content\/uploads\/sites\/13\/2024\/10\/tract-objectif-bidos.pdf\" rel=\"attachment wp-att-812\"><img loading=\"lazy\" decoding=\"async\" class=\"wp-image-812 alignleft\" src=\"https:\/\/cgtsafran.com\/sls\/wp-content\/uploads\/sites\/13\/2024\/10\/tract-objectif-bidos.jpg\" alt=\"\" width=\"326\" height=\"456\" srcset=\"https:\/\/cgtsafran.com\/sls\/wp-content\/uploads\/sites\/13\/2024\/10\/tract-objectif-bidos.jpg 514w, https:\/\/cgtsafran.com\/sls\/wp-content\/uploads\/sites\/13\/2024\/10\/tract-objectif-bidos-215x300.jpg 215w\" sizes=\"auto, (max-width: 326px) 100vw, 326px\" \/><\/a><\/p>\n<p>&nbsp;<\/p>\n<h1 style=\"text-align: center\"><\/h1>\n<p>&nbsp;<\/p>\n<p>&nbsp;<\/p>\n<p>&nbsp;<\/p>\n<p>&nbsp;<\/p>\n<p>&nbsp;<\/p>\n<p>&nbsp;<\/p>\n<p>&nbsp;<\/p>\n<p>&nbsp;<\/p>\n<p>&nbsp;<\/p>\n<p>&nbsp;<\/p>\n<p>&nbsp;<\/p>\n<p>&nbsp;<\/p>\n<p>&nbsp;<\/p>\n<p>&nbsp;<\/p>\n<p>&nbsp;<\/p>\n<p>&nbsp;<\/p>\n<p>&nbsp;<\/p>\n<p>&nbsp;<\/p>\n<p>&nbsp;<\/p>\n<p>&nbsp;<\/p>\n<p>&nbsp;<\/p>\n<p>&nbsp;<\/p>\n<p>&nbsp;<\/p>\n<p>&nbsp;<\/p>\n<p>&nbsp;<\/p>\n<p>&nbsp;<\/p>\n<p>&nbsp;<\/p>\n<p>&nbsp;<\/p>\n<p>&nbsp;<\/p>\n<p>&nbsp;<\/p>\n<p>&nbsp;<\/p>\n<p>&nbsp;<\/p>\n<p>&nbsp;<\/p>\n<p>&nbsp;<\/p>\n<p>&nbsp;<\/p>\n<p>&nbsp;<\/p>\n<p>&nbsp;<\/p>\n<p>&nbsp;<\/p>\n<p>&nbsp;<\/p>\n<p>&nbsp;<\/p>\n<p>&nbsp;<\/p>\n<p>&nbsp;<\/p>\n<p>&nbsp;<\/p>\n<p>&nbsp;<\/p>\n<p>&nbsp;<\/p>\n<p>&nbsp;<\/p>\n<p>&nbsp;<\/p>\n<p>&nbsp;<\/p>\n<p>&nbsp;<\/p>\n<p>&nbsp;<\/p>\n<p>&nbsp;<\/p>\n<p>&nbsp;<\/p>\n<p>&nbsp;<\/p>\n<h1 style=\"text-align: center\"><a href=\"https:\/\/cgtsafran.com\/sls\/actus-site-de-bidos\/ouvriers-bidos-c5-2\/\" rel=\"attachment wp-att-569\"><img loading=\"lazy\" decoding=\"async\" class=\"aligncenter wp-image-580 size-full\" src=\"https:\/\/cgtsafran.com\/sls\/wp-content\/uploads\/sites\/13\/2024\/02\/ouvriers-Bidos-c5-1.jpg\" alt=\"\" width=\"1000\" height=\"500\" srcset=\"https:\/\/cgtsafran.com\/sls\/wp-content\/uploads\/sites\/13\/2024\/02\/ouvriers-Bidos-c5-1.jpg 1000w, https:\/\/cgtsafran.com\/sls\/wp-content\/uploads\/sites\/13\/2024\/02\/ouvriers-Bidos-c5-1-300x150.jpg 300w, https:\/\/cgtsafran.com\/sls\/wp-content\/uploads\/sites\/13\/2024\/02\/ouvriers-Bidos-c5-1-768x384.jpg 768w, https:\/\/cgtsafran.com\/sls\/wp-content\/uploads\/sites\/13\/2024\/02\/ouvriers-Bidos-c5-1-228x114.jpg 228w\" sizes=\"auto, (max-width: 1000px) 100vw, 1000px\" \/><\/a> \u00a0 <a href=\"https:\/\/cgtsafran.com\/sls\/wp-content\/uploads\/sites\/13\/2024\/02\/Cahier-revendicatif-2024.pdf\"><img loading=\"lazy\" decoding=\"async\" class=\"aligncenter wp-image-523\" src=\"https:\/\/cgtsafran.com\/sls\/wp-content\/uploads\/sites\/13\/2024\/01\/NOE.jpg\" alt=\"\" width=\"559\" height=\"313\" srcset=\"https:\/\/cgtsafran.com\/sls\/wp-content\/uploads\/sites\/13\/2024\/01\/NOE.jpg 300w, https:\/\/cgtsafran.com\/sls\/wp-content\/uploads\/sites\/13\/2024\/01\/NOE-207x116.jpg 207w\" sizes=\"auto, (max-width: 559px) 100vw, 559px\" \/><\/a><\/h1>\n<h1 style=\"text-align: center\"><a href=\"https:\/\/cgtsafran.com\/sls\/actus-site-de-bidos\/roadshow\/\" rel=\"attachment wp-att-517\"><br \/>\n<img loading=\"lazy\" decoding=\"async\" class=\"aligncenter size-full wp-image-517\" src=\"https:\/\/cgtsafran.com\/sls\/wp-content\/uploads\/sites\/13\/2024\/01\/BOYCOTT-ROADSHOW.png\" alt=\"\" width=\"1033\" height=\"584\" srcset=\"https:\/\/cgtsafran.com\/sls\/wp-content\/uploads\/sites\/13\/2024\/01\/BOYCOTT-ROADSHOW.png 1033w, https:\/\/cgtsafran.com\/sls\/wp-content\/uploads\/sites\/13\/2024\/01\/BOYCOTT-ROADSHOW-300x170.png 300w, https:\/\/cgtsafran.com\/sls\/wp-content\/uploads\/sites\/13\/2024\/01\/BOYCOTT-ROADSHOW-1024x579.png 1024w, https:\/\/cgtsafran.com\/sls\/wp-content\/uploads\/sites\/13\/2024\/01\/BOYCOTT-ROADSHOW-768x434.png 768w, https:\/\/cgtsafran.com\/sls\/wp-content\/uploads\/sites\/13\/2024\/01\/BOYCOTT-ROADSHOW-205x116.png 205w\" sizes=\"auto, (max-width: 1033px) 100vw, 1033px\" \/><\/a><br \/>\n<a href=\"https:\/\/cgtsafran.com\/sls\/actus-site-de-bidos\/tract-vendeur-de-reve\/\" rel=\"attachment wp-att-491\">Charges\/Emploi, Actualit\u00e9 a\u00e9ro, OATT, 4\u00e8me Usine Carbone<\/a><\/h1>\n<hr \/>\n<h1 style=\"text-align: center\"><em><strong>R\u00e9capitulatif de novembre<\/strong><\/em><\/h1>\n<p style=\"text-align: center\"><a href=\"https:\/\/cgtsafran.com\/sls\/?attachment_id=474\" rel=\"attachment wp-att-474\">tract de l&rsquo;intersyndicale 14 novembre<\/a><\/p>\n<p style=\"text-align: center\"><a href=\"https:\/\/cgtsafran.com\/sls\/?attachment_id=475\" rel=\"attachment wp-att-475\">r\u00e9union intersyndicale du 23 novembre 2023<\/a><\/p>\n<hr \/>\n<pre style=\"text-align: left\"><span style=\"color: #ff0000\"><strong>Voici un plan de l'usine avec la r\u00e9partition de nos \u00e9lus dans leurs zones de travail.<\/strong><\/span><\/pre>\n<p><img loading=\"lazy\" decoding=\"async\" class=\"aligncenter size-full wp-image-438\" src=\"https:\/\/cgtsafran.com\/sls\/wp-content\/uploads\/sites\/13\/2023\/10\/Elus-sur-le-site.png\" alt=\"\" width=\"2258\" height=\"2450\" srcset=\"https:\/\/cgtsafran.com\/sls\/wp-content\/uploads\/sites\/13\/2023\/10\/Elus-sur-le-site.png 2258w, https:\/\/cgtsafran.com\/sls\/wp-content\/uploads\/sites\/13\/2023\/10\/Elus-sur-le-site-276x300.png 276w, https:\/\/cgtsafran.com\/sls\/wp-content\/uploads\/sites\/13\/2023\/10\/Elus-sur-le-site-944x1024.png 944w, https:\/\/cgtsafran.com\/sls\/wp-content\/uploads\/sites\/13\/2023\/10\/Elus-sur-le-site-768x833.png 768w, https:\/\/cgtsafran.com\/sls\/wp-content\/uploads\/sites\/13\/2023\/10\/Elus-sur-le-site-1416x1536.png 1416w, https:\/\/cgtsafran.com\/sls\/wp-content\/uploads\/sites\/13\/2023\/10\/Elus-sur-le-site-1888x2048.png 1888w, https:\/\/cgtsafran.com\/sls\/wp-content\/uploads\/sites\/13\/2023\/10\/Elus-sur-le-site-107x116.png 107w\" sizes=\"auto, (max-width: 2258px) 100vw, 2258px\" \/><\/p>\n","protected":false},"excerpt":{"rendered":"<p>&nbsp; &nbsp; &nbsp; &nbsp; &nbsp; &nbsp; &nbsp; &nbsp; &nbsp; &nbsp; &nbsp; &nbsp; &nbsp; &nbsp; &nbsp; &nbsp; &nbsp; &nbsp; &nbsp; &nbsp; &nbsp; &nbsp; &nbsp; &nbsp; &nbsp; &nbsp; &nbsp; &nbsp; &nbsp; &nbsp; &nbsp; &nbsp; &nbsp; &nbsp; &nbsp; &nbsp; &nbsp; &nbsp; &nbsp; &nbsp; &nbsp; &nbsp; &nbsp; &nbsp; &nbsp; &nbsp; &nbsp; &nbsp; &nbsp; &nbsp; &nbsp; &nbsp; &nbsp; &nbsp; &nbsp; [&hellip;]<\/p>\n","protected":false},"author":14,"featured_media":421,"parent":0,"menu_order":0,"comment_status":"closed","ping_status":"closed","template":"","meta":{"_acf_changed":false,"footnotes":""},"class_list":["post-420","page","type-page","status-publish","has-post-thumbnail","hentry"],"acf":[],"_links":{"self":[{"href":"https:\/\/cgtsafran.com\/sls\/wp-json\/wp\/v2\/pages\/420","targetHints":{"allow":["GET"]}}],"collection":[{"href":"https:\/\/cgtsafran.com\/sls\/wp-json\/wp\/v2\/pages"}],"about":[{"href":"https:\/\/cgtsafran.com\/sls\/wp-json\/wp\/v2\/types\/page"}],"author":[{"embeddable":true,"href":"https:\/\/cgtsafran.com\/sls\/wp-json\/wp\/v2\/users\/14"}],"replies":[{"embeddable":true,"href":"https:\/\/cgtsafran.com\/sls\/wp-json\/wp\/v2\/comments?post=420"}],"version-history":[{"count":3,"href":"https:\/\/cgtsafran.com\/sls\/wp-json\/wp\/v2\/pages\/420\/revisions"}],"predecessor-version":[{"id":1047,"href":"https:\/\/cgtsafran.com\/sls\/wp-json\/wp\/v2\/pages\/420\/revisions\/1047"}],"wp:featuredmedia":[{"embeddable":true,"href":"https:\/\/cgtsafran.com\/sls\/wp-json\/wp\/v2\/media\/421"}],"wp:attachment":[{"href":"https:\/\/cgtsafran.com\/sls\/wp-json\/wp\/v2\/media?parent=420"}],"curies":[{"name":"wp","href":"https:\/\/api.w.org\/{rel}","templated":true}]}}