{"id":400,"date":"2023-10-09T17:16:42","date_gmt":"2023-10-09T15:16:42","guid":{"rendered":"https:\/\/cgtsafran.com\/sls\/?page_id=400"},"modified":"2025-08-21T09:25:46","modified_gmt":"2025-08-21T07:25:46","slug":"videos","status":"publish","type":"page","link":"https:\/\/cgtsafran.com\/sls\/videos\/","title":{"rendered":"Vid\u00e9os et podcast"},"content":{"rendered":"<h2 style=\"text-align: center\">S\u00e9ries de vid\u00e9os traitant de divers sujets de la NCC de la m\u00e9tallurgie<\/h2>\n<p><a href=\"https:\/\/www.youtube.com\/watch?v=sccdRA0LT1o\" rel=\"attachment wp-att-487\"><img loading=\"lazy\" decoding=\"async\" class=\"wp-image-487 alignleft\" src=\"https:\/\/cgtsafran.com\/sls\/wp-content\/uploads\/sites\/13\/2023\/11\/dangers-de-la-NCC.png\" alt=\"25 mai 2022 Les dangers de la nouvelle convention collective. La CGT m\u00e9tallurgie \u00e0 l'offensive !\" width=\"306\" height=\"172\" srcset=\"https:\/\/cgtsafran.com\/sls\/wp-content\/uploads\/sites\/13\/2023\/11\/dangers-de-la-NCC.png 1920w, https:\/\/cgtsafran.com\/sls\/wp-content\/uploads\/sites\/13\/2023\/11\/dangers-de-la-NCC-300x169.png 300w, https:\/\/cgtsafran.com\/sls\/wp-content\/uploads\/sites\/13\/2023\/11\/dangers-de-la-NCC-1024x576.png 1024w, https:\/\/cgtsafran.com\/sls\/wp-content\/uploads\/sites\/13\/2023\/11\/dangers-de-la-NCC-768x432.png 768w, https:\/\/cgtsafran.com\/sls\/wp-content\/uploads\/sites\/13\/2023\/11\/dangers-de-la-NCC-1536x864.png 1536w, https:\/\/cgtsafran.com\/sls\/wp-content\/uploads\/sites\/13\/2023\/11\/dangers-de-la-NCC-206x116.png 206w\" sizes=\"auto, (max-width: 306px) 100vw, 306px\" \/><\/a><a href=\"https:\/\/www.youtube.com\/watch?v=V_EyIpfmygw\" rel=\"attachment wp-att-595\"><img loading=\"lazy\" decoding=\"async\" class=\"wp-image-595 alignright\" src=\"https:\/\/cgtsafran.com\/sls\/wp-content\/uploads\/sites\/13\/2024\/02\/fiche-emploi.png\" alt=\"\" width=\"306\" height=\"168\" srcset=\"https:\/\/cgtsafran.com\/sls\/wp-content\/uploads\/sites\/13\/2024\/02\/fiche-emploi.png 583w, https:\/\/cgtsafran.com\/sls\/wp-content\/uploads\/sites\/13\/2024\/02\/fiche-emploi-300x165.png 300w\" sizes=\"auto, (max-width: 306px) 100vw, 306px\" \/><\/a><a href=\"https:\/\/www.youtube.com\/watch?v=LhxAgEb-Dac\" rel=\"attachment wp-att-558\"><img loading=\"lazy\" decoding=\"async\" class=\"wp-image-558 alignright\" src=\"https:\/\/cgtsafran.com\/sls\/wp-content\/uploads\/sites\/13\/2024\/02\/conges.jpg\" alt=\"\" width=\"306\" height=\"216\" srcset=\"https:\/\/cgtsafran.com\/sls\/wp-content\/uploads\/sites\/13\/2024\/02\/conges.jpg 509w, https:\/\/cgtsafran.com\/sls\/wp-content\/uploads\/sites\/13\/2024\/02\/conges-300x212.jpg 300w, https:\/\/cgtsafran.com\/sls\/wp-content\/uploads\/sites\/13\/2024\/02\/conges-164x116.jpg 164w\" sizes=\"auto, (max-width: 306px) 100vw, 306px\" \/><\/a><a href=\"https:\/\/www.youtube.com\/watch?v=ri9gqXOfwp8\" rel=\"attachment wp-att-592\"><img loading=\"lazy\" decoding=\"async\" class=\"wp-image-592 size-medium alignright\" src=\"https:\/\/cgtsafran.com\/sls\/wp-content\/uploads\/sites\/13\/2024\/02\/baisse-salaire-300x164.jpg\" alt=\"\" width=\"300\" height=\"164\" srcset=\"https:\/\/cgtsafran.com\/sls\/wp-content\/uploads\/sites\/13\/2024\/02\/baisse-salaire-300x164.jpg 300w, https:\/\/cgtsafran.com\/sls\/wp-content\/uploads\/sites\/13\/2024\/02\/baisse-salaire.jpg 585w\" sizes=\"auto, (max-width: 300px) 100vw, 300px\" \/><\/a><\/p>\n<p>&nbsp;<\/p>\n<p>&nbsp;<\/p>\n<p>&nbsp;<\/p>\n<p>&nbsp;<\/p>\n<p>&nbsp;<\/p>\n<p><a href=\"https:\/\/www.youtube.com\/watch?v=KUj6YO-Z01k\" rel=\"attachment wp-att-590\"><img loading=\"lazy\" decoding=\"async\" class=\"wp-image-590 size-medium alignleft\" src=\"https:\/\/cgtsafran.com\/sls\/wp-content\/uploads\/sites\/13\/2024\/02\/PRIME-300x146.png\" alt=\"\" width=\"300\" height=\"146\" srcset=\"https:\/\/cgtsafran.com\/sls\/wp-content\/uploads\/sites\/13\/2024\/02\/PRIME-300x146.png 300w, https:\/\/cgtsafran.com\/sls\/wp-content\/uploads\/sites\/13\/2024\/02\/PRIME-228x111.png 228w, https:\/\/cgtsafran.com\/sls\/wp-content\/uploads\/sites\/13\/2024\/02\/PRIME.png 583w\" sizes=\"auto, (max-width: 300px) 100vw, 300px\" \/><\/a><\/p>\n","protected":false},"excerpt":{"rendered":"<p>S\u00e9ries de vid\u00e9os traitant de divers sujets de la NCC de la m\u00e9tallurgie &nbsp; &nbsp; &nbsp; &nbsp; &nbsp;<\/p>\n","protected":false},"author":14,"featured_media":419,"parent":0,"menu_order":0,"comment_status":"closed","ping_status":"closed","template":"","meta":{"_acf_changed":false,"footnotes":""},"class_list":["post-400","page","type-page","status-publish","has-post-thumbnail","hentry"],"acf":[],"_links":{"self":[{"href":"https:\/\/cgtsafran.com\/sls\/wp-json\/wp\/v2\/pages\/400","targetHints":{"allow":["GET"]}}],"collection":[{"href":"https:\/\/cgtsafran.com\/sls\/wp-json\/wp\/v2\/pages"}],"about":[{"href":"https:\/\/cgtsafran.com\/sls\/wp-json\/wp\/v2\/types\/page"}],"author":[{"embeddable":true,"href":"https:\/\/cgtsafran.com\/sls\/wp-json\/wp\/v2\/users\/14"}],"replies":[{"embeddable":true,"href":"https:\/\/cgtsafran.com\/sls\/wp-json\/wp\/v2\/comments?post=400"}],"version-history":[{"count":3,"href":"https:\/\/cgtsafran.com\/sls\/wp-json\/wp\/v2\/pages\/400\/revisions"}],"predecessor-version":[{"id":589,"href":"https:\/\/cgtsafran.com\/sls\/wp-json\/wp\/v2\/pages\/400\/revisions\/589"}],"wp:featuredmedia":[{"embeddable":true,"href":"https:\/\/cgtsafran.com\/sls\/wp-json\/wp\/v2\/media\/419"}],"wp:attachment":[{"href":"https:\/\/cgtsafran.com\/sls\/wp-json\/wp\/v2\/media?parent=400"}],"curies":[{"name":"wp","href":"https:\/\/api.w.org\/{rel}","templated":true}]}}