{"id":322,"date":"2013-10-31T14:50:13","date_gmt":"2013-10-31T14:50:13","guid":{"rendered":"http:\/\/turbomeca.reference-syndicale.fr\/?page_id=322"},"modified":"2021-06-15T10:59:52","modified_gmt":"2021-06-15T08:59:52","slug":"pourquoi-se-syndiquer","status":"publish","type":"page","link":"https:\/\/cgtsafran.com\/she\/syndicats\/pourquoi-se-syndiquer\/","title":{"rendered":"Pourquoi se syndiquer ?"},"content":{"rendered":"<p><b><i>\u00ab Les syndicats sont trop loin des pr\u00e9occupations des salari\u00e9s, trop politiciens ?\u00bb<\/i><\/b><\/p>\n<p><b><i>\u00ab Il y a trop de syndicats, je ne sais pas lequel choisir !\u00bb <\/i><\/b><\/p>\n<p><b><i>\u00a0<\/i><\/b><b><i>\u00ab Si je me syndique, est-ce que mon avis sera pris en compte ?\u00bb<\/i><\/b><\/p>\n<p><strong>Ces expressions, vous les avez<i> <\/i>toutes d\u00e9j\u00e0 entendues, voire m\u00eame<i> <\/i>prononc\u00e9es. Ne vous posez plus<i> <\/i>ces questions. Voici 8 bonnes raisons pour adh\u00e9rer \u00e0 la CGT :<\/strong><\/p>\n<p style=\"text-align: center\"><a href=\"https:\/\/cgtsafran.com\/she\/wp-content\/uploads\/sites\/12\/2021\/06\/8-raisons-pour-se-syndiquer.pdf\">8-raisons-pour-se-syndiquer<\/a><\/p>\n<div style=\"text-align: center; width:300px; margin: 12px auto;\"><div style=\"margin: 4px 0px;\"><a href=\"http:\/\/calameo.com\/books\/0028412977db882c810ec\">View this publication on Calam&eacute;o<\/a><\/div><iframe loading=\"lazy\" src=\"\/\/v.calameo.com\/?bkcode=0028412977db882c810ec&amp;language=fr&amp;page=&amp;showsharemenu=true\" width=\"300\" height=\"194\" style=\"width:300px;height:194px\" frameborder=\"0\" scrolling=\"no\" allowtransparency allowfullscreen><\/iframe><div style=\"margin: 4px 0px; font-size: 90%;\"><a rel=\"nofollow\" href=\"http:\/\/calameo.com\/upload\">Publish<\/a> at <a href=\"http:\/\/calameo.com\">Calam&eacute;o<\/a> or <a href=\"http:\/\/calameo.com\/browse\/weekly\/?o=7&amp;w=DESC\">browse<\/a> the library.<\/div><\/div>\n<h1 align=\"justify\">Pourquoi se syndiquer, \u00e0 la CGT ?<\/h1>\n<div align=\"justify\">\n<p>Le paysage syndical est particuli\u00e8rement dense et il est souvent difficile de saisir les diff\u00e9rences entre les syndicats, sans parler de leurs conceptions du syndicalisme.La CGT est un syndicat conf\u00e9d\u00e9r\u00e9. A ce titre, chaque syndicat est affili\u00e9 \u00e0 une F\u00e9d\u00e9ration professionnelle CGT (transport, mines et \u00e9nergies, sant\u00e9 et action sociale\u2026) ou a une union syndicale (int\u00e9rimaires, priv\u00e9e d\u2019emplois\u2026) qui sont\u00a0affili\u00e9es \u00e0 la Conf\u00e9d\u00e9ration, l\u2019organe national de notre syndicat. Nous poss\u00e9dons donc une vue d\u2019ensemble de la situation des salari\u00e9s au plan national.Contrairement au syndicalisme corporatiste (ou cat\u00e9goriel) qui ne d\u00e9fend qu\u2019une\u00a0profession, parfois au d\u00e9triment des autres, nous d\u00e9fendons tous les salari\u00e9s.Nous croyons que l\u2019union fait la force et que seule l\u2019action collective et le rapport de force font bouger les lignes.Bien que nous ayons des m\u00e9tiers diff\u00e9rents, nous avons aussi de nombreuses revendications communes. Pour exemple, les conventions collectives, les n\u00e9gociations salariales annuelles obligatoires,\u00a0et bien d\u2019autres sujets touchent directement l\u2019ensemble des salari\u00e9s d\u2019une entreprise. Il est donc important de pouvoir compter sur un syndicat rassembleur et uni pour l\u2019int\u00e9r\u00eat commun.<\/p>\n<p align=\"justify\">De plus, notre action va bien au-del\u00e0 des portes de l\u2019entreprise. Lorsque nous nous mobilisons pour d\u00e9fendre, avec tous les salari\u00e9s de France, la retraite par r\u00e9partition, la s\u00e9curit\u00e9 sociale, l\u2019\u00e9ducation et l\u2019h\u00f4pital public, c\u2019est bien l\u2019affaire de tous, y compris nos familles et nos proches.<\/p>\n<p align=\"justify\">Si la CGT est la premi\u00e8re organisation syndicale, c\u2019est qu\u2019elle a d\u00e9montr\u00e9 par son action qu\u2019elle portait les aspirations et les attentes des salari\u00e9s. Nous d\u00e9cidons et construisons collectivement les orientations et les revendications que souhaitent nos syndiqu\u00e9s. En rejoignant la CGT, tu pourras faire entendre ta voix et participer \u00e0 la vie syndicale avec tes \u00e9lus et mandat\u00e9s et pourquoi pas t\u2019y investir.<\/p>\n<h1 align=\"justify\">Que propose la CGT ?<\/h1>\n<h2><strong>Un syndicalisme de masse<\/strong><\/h2>\n<p align=\"justify\">L\u2019efficacit\u00e9 du syndicalisme d\u00e9pend du rassemblement du plus grand nombre de salari\u00e9s. En ce sens, nous souhaitons que les salari\u00e9s s\u2019emparent massivement du syndicat pour lui redonner un caract\u00e8re de masse et inscrire le syndiqu\u00e9 au c\u0153ur de l\u2019action syndicale comme acteur et non comme simple spectateur.<\/p>\n<h2 align=\"justify\"><strong>Un syndicalisme de classe<\/strong><\/h2>\n<p align=\"justify\">Nous vivons dans un syst\u00e8me o\u00f9 les int\u00e9r\u00eats des uns, ceux qui d\u00e9tiennent les capitaux et moyens de production sont incompatibles avec les int\u00e9r\u00eats des autres, ceux qui produisent les richesses et vivent de leur travail, nous, les salari\u00e9s. De l\u2019ouvrier au cadre, la CGT d\u00e9fend donc tous les salari\u00e9s de l\u2019entreprise et ne laisse personne sur la touche.<\/p>\n<h2 align=\"justify\"><strong>Un syndicalisme citoyen, ind\u00e9pendant<\/strong><\/h2>\n<p align=\"justify\">La CGT est autonome dans son analyse et ses prises de positions. Elle est ind\u00e9pendante par rapport au patronat, au gouvernement, aux institutions religieuses, europ\u00e9ennes et internationales, aux partis politiques\u2026 Cependant, nous ne sommes pas indiff\u00e9rents aux d\u00e9cisions politiques et aux r\u00e9formes qui ont un impact sur les acquis sociaux gagn\u00e9s par le pass\u00e9, parfois au prix du sang. Ce sont les revendications et l\u2019am\u00e9lioration des conditions de vie qui guident l\u2019action de la CGT et non des consid\u00e9rations ext\u00e9rieures.<\/p>\n<h2 align=\"justify\"><strong>Un syndicalisme d\u00e9mocratique<\/strong><\/h2>\n<p align=\"justify\">Rassembler les syndiqu\u00e9s puis les salari\u00e9s, d\u00e9battre, \u00e9laborer les revendications, d\u00e9finir des objectifs clairs et atteignables et d\u00e9cider de l\u2019action afin de les faire aboutir sont des gages de la d\u00e9mocratie. Chacun peut exprimer son avis et participer aux d\u00e9cisions.<\/p>\n<h2 align=\"justify\"><strong>Un syndicalisme unitaire<\/strong><\/h2>\n<p align=\"justify\">La CGT n\u2019a pas la pr\u00e9tention de faire avancer \u00e0 elle seule les revendications, aucune organisation syndicale ne le peut. Le caract\u00e8re pluraliste du syndicalisme fran\u00e7ais auquel nous pouvons rajouter le syndicalisme europ\u00e9en exige une d\u00e9marche unitaire volontariste. A ce titre nous sommes toujours force de propositions et souvent \u00e0 l\u2019initiative des r\u00e9unions intersyndicales.<\/p>\n<h1 align=\"justify\">Si je me syndique, a quoi aurai-je droit ?<\/h1>\n<h2><strong>Droit de participer et de d\u00e9cider<\/strong><\/h2>\n<p align=\"justify\">La CGT fait le choix de la d\u00e9mocratie. Elle d\u00e9cide de ses orientations avec les syndiqu\u00e9-e-s. Ses adh\u00e9rents sont regroup\u00e9s dans des syndicats qui sont les organisations de bases de la CGT.<br \/>\n\u00catre citoyen dans le syndicat est au c\u0153ur de la vie syndicale\u00a0: donner son opinion, d\u00e9battre et participer \u00e0 la prise de d\u00e9cision, s\u2019impliquer dans la vie syndicale, y exercer des responsabilit\u00e9s si on le souhaite. La chose la plus importante est que tu seras un salari\u00e9 engag\u00e9. Tu feras partie d\u2019une famille importante et solidaire, celle de ceux qui ne veulent pas rester spectateurs face \u00e0 tout ce qui touche nos droits, nos salaires et nos conditions de travail. Tu auras le droit, sinon le devoir, de faire entendre ta voix au sein de l\u2019organisation syndicale CGT et de faire valoir ton point de vue.<\/p>\n<h2 align=\"justify\"><strong>Droit de se former<\/strong><\/h2>\n<p align=\"justify\">Tu auras \u00e9galement le droit de participer \u00e0 des stages syndicaux dans la limite de 12 jours par an, sans perte de r\u00e9mun\u00e9ration. La CGT poss\u00e8de une grande quantit\u00e9 de stages qui te permettront de trouver toutes les r\u00e9ponses aux questions que tu te poses (Retraites, Salaires, Management alternatif, Juridique, Prud\u2019hommes, N\u00e9gociation, Fiche de paie, etc\u2026).<\/p>\n<h2 align=\"justify\"><strong>Droit \u00e0 l\u2019information<\/strong><\/h2>\n<div align=\"justify\">\n<p>La CGT dispose d\u2019une presse conf\u00e9d\u00e9rale dont l\u2019objectif est d\u2019\u00eatre utile \u00e0 la r\u00e9flexion de chacun-e pour se forger son opinion, participer \u00e0 l\u2019\u00e9change collectif pour d\u00e9cider ensemble:<\/p>\n<p>&#8211; <strong>Ensemble<\/strong>, mensuel adress\u00e9 \u00e0 l\u2019ensemble des adh\u00e9rents de la CGT<br \/>\n&#8211; <a href=\"https:\/\/nvo.fr\/\"><strong>La Nouvelle Vie Ouvri\u00e8re<\/strong><\/a>, hebdomadaire d\u2019actualit\u00e9s, pour tous les syndiqu\u00e9-e-s<br \/>\n&#8211; <a href=\"http:\/\/www.ugict.cgt.fr\/options\"><strong>Options<\/strong><\/a>, mensuel pour les ing\u00e9nieurs, cadres, techniciens<br \/>\n&#8211; <a href=\"http:\/\/www.ucr.cgt.fr\/911-81-297-Vie-nouvelle,-le-magazine-engag%C3%A9-des-retrait%C3%A9-e-s\"><strong>Vie Nouvelle<\/strong><\/a>, 6 num\u00e9ros par an pour les retrait\u00e9s<\/p>\n<\/div>\n<div align=\"justify\">En tant que syndiqu\u00e9, tu seras \u00e9galement adh\u00e9rent \u00e0 titre gratuit de l\u2019<a href=\"http:\/\/www.indecosa.cgt.fr\/\" target=\"_blank\" rel=\"noopener\">INDECOSA CGT\u00a0<\/a>(INformation et DEfense des COnsommateurs SAlari\u00e9s). Cette association de consommateurs salari\u00e9s CGT t\u2019aidera \u00e0 r\u00e9gler tes difficult\u00e9s et litiges avec des commer\u00e7ants ou plus simplement t\u2019informera sur ta vie et tes droits de consommateur.<\/div>\n<h2 style=\"text-align: center\" align=\"justify\"><strong>Le syndicat a un r\u00f4le d\u2019acteur social dans la soci\u00e9t\u00e9 et dans l\u2019entreprise. C\u2019est un contre pouvoir indispensable.<\/strong><\/h2>\n<\/div>\n","protected":false},"excerpt":{"rendered":"<p>\u00ab Les syndicats sont trop loin des pr\u00e9occupations des salari\u00e9s, trop politiciens ?\u00bb \u00ab Il y a trop de syndicats, je ne sais pas lequel choisir !\u00bb \u00a0\u00ab Si je me syndique, est-ce que mon avis sera pris en compte ?\u00bb Ces expressions, vous les avez toutes d\u00e9j\u00e0 entendues, voire m\u00eame prononc\u00e9es. Ne vous posez [&hellip;]<\/p>\n","protected":false},"author":2,"featured_media":760,"parent":312,"menu_order":0,"comment_status":"open","ping_status":"closed","template":"","meta":{"_acf_changed":false,"footnotes":""},"class_list":["post-322","page","type-page","status-publish","has-post-thumbnail","hentry"],"acf":[],"_links":{"self":[{"href":"https:\/\/cgtsafran.com\/she\/wp-json\/wp\/v2\/pages\/322","targetHints":{"allow":["GET"]}}],"collection":[{"href":"https:\/\/cgtsafran.com\/she\/wp-json\/wp\/v2\/pages"}],"about":[{"href":"https:\/\/cgtsafran.com\/she\/wp-json\/wp\/v2\/types\/page"}],"author":[{"embeddable":true,"href":"https:\/\/cgtsafran.com\/she\/wp-json\/wp\/v2\/users\/2"}],"replies":[{"embeddable":true,"href":"https:\/\/cgtsafran.com\/she\/wp-json\/wp\/v2\/comments?post=322"}],"version-history":[{"count":3,"href":"https:\/\/cgtsafran.com\/she\/wp-json\/wp\/v2\/pages\/322\/revisions"}],"predecessor-version":[{"id":2536,"href":"https:\/\/cgtsafran.com\/she\/wp-json\/wp\/v2\/pages\/322\/revisions\/2536"}],"up":[{"embeddable":true,"href":"https:\/\/cgtsafran.com\/she\/wp-json\/wp\/v2\/pages\/312"}],"wp:featuredmedia":[{"embeddable":true,"href":"https:\/\/cgtsafran.com\/she\/wp-json\/wp\/v2\/media\/760"}],"wp:attachment":[{"href":"https:\/\/cgtsafran.com\/she\/wp-json\/wp\/v2\/media?parent=322"}],"curies":[{"name":"wp","href":"https:\/\/api.w.org\/{rel}","templated":true}]}}