{"id":2890,"date":"2022-05-02T14:37:45","date_gmt":"2022-05-02T12:37:45","guid":{"rendered":"https:\/\/cgtsafran.com\/she\/?page_id=2890"},"modified":"2022-05-02T14:42:35","modified_gmt":"2022-05-02T12:42:35","slug":"droit-de-greve","status":"publish","type":"page","link":"https:\/\/cgtsafran.com\/she\/droit-de-greve\/","title":{"rendered":"Droit de gr\u00e8ve"},"content":{"rendered":"<h4>A la gr\u00e8ve !!!<\/h4>\n<p><em>Derri\u00e8re ce cri de ralliement et toutes ces images de manifestations, de pancartes, banderoles\u00a0et drapeaux, de p\u00e9tards, de sifflets, de musique et de m\u00e9gaphone, de prises de parole, de piquets de gr\u00e8ve et de palettes qui brulent\u2026<br \/>\nDerri\u00e8re la couverture des m\u00e9dias pas toujours avantageuse, derri\u00e8re tout cela se cache un droit.<\/em><\/p>\n<p><em>Le droit de gr\u00e8ve a ceci de particulier qu\u2019il s\u2019agit d\u2019un droit de d\u00e9sob\u00e9ir, d\u2019un droit \u00e0 la r\u00e9volte, d\u2019un droit \u00e0 la r\u00e9sistance reconnu par la Constitution \u00e0 l&rsquo;alin\u00e9a 7 du <a href=\"https:\/\/www.legifrance.gouv.fr\/contenu\/menu\/droit-national-en-vigueur\/constitution\/preambule-de-la-constitution-du-27-octobre-1946\">pr\u00e9ambule de la constitution de 1946.<\/a><\/em><\/p>\n<p><em>Ce droit de nuire reste souvent l\u2019ultime recours pour obliger l\u2019employeur \u00e0 s\u2019asseoir \u00e0 la table des n\u00e9gociations et \u00e0 ouvrir des discussions ! <strong>Ce droit essentiel constitue l\u2019un des principaux contre-pouvoirs \u00e0 la disposition de tous les salari\u00e9s<\/strong> (cadres, ouvriers, employ\u00e9s, pr\u00e9caires, apprentis etc.).<\/em><\/p>\n<p><em>Il est important de le faire vivre car <strong>\u00ab il ne s\u2019use que si l\u2019on ne s\u2019en sert pas \u00bb<\/strong>.<\/em><\/p>\n<h4>Qu&rsquo;est ce qu&rsquo;une gr\u00e8ve ?<\/h4>\n<p>La gr\u00e8ve est une cessation collective et concert\u00e9e de travail en vue d&rsquo;appuyer des revendications professionnelles. C&rsquo;est un droit de porter atteinte aux int\u00e9r\u00eats de l&#8217;employeur (perte de production, de clients etc.), pour faire pression afin d&rsquo;obtenir des droits ou les faire respecter.<\/p>\n<p>Il s&rsquo;agit donc d&rsquo;une cessation totale de travail. Si sa dur\u00e9e et sa r\u00e9p\u00e9titivit\u00e9 peut varier, la cessation du travail doit \u00eatre compl\u00e8te et ne peut \u00eatre s\u00e9lective (certaines t\u00e2ches et pas d&rsquo;autres).<\/p>\n<p>Il s&rsquo;agit d&rsquo;une <strong>cessation collective du travail<\/strong>. Il faut \u00eatre au moins deux pour faire gr\u00e8ve.<\/p>\n<p>La gr\u00e8ve doit s&rsquo;appuyer sur des revendications professionnelles. Il faut un motif.<\/p>\n<p>Pour en savoir plus, cliquez sur <a href=\"https:\/\/www.cgt.fr\/actualites\/droit-mobilisation\/secteur-prive-quest-ce-quune-greve\">Qu&rsquo;est ce qu&rsquo;une gr\u00e8ve ?<\/a><\/p>\n<h4>Comment faire gr\u00e8ve ?<\/h4>\n<p>Nous avons vu que pour faire gr\u00e8ve, nous avions besoin d&rsquo;une revendication collective et professionnelle.<\/p>\n<p>Avant de faire gr\u00e8ve, il faut faire connaitre ces revendications. Lorsque le syndicat CGT appelle \u00e0 la gr\u00e8ve, la revendication est identifi\u00e9e.<\/p>\n<p>Si les salari\u00e9s pr\u00e9viennent leur hi\u00e9rarchie avant de se mettre en gr\u00e8ve, l&rsquo;information pr\u00e9alable n&rsquo;est pas obligatoire. La r\u00e9gularisation de l&rsquo;absence peut se faire \u00e0 post\u00e9riori.<\/p>\n<p>La dur\u00e9e de gr\u00e8ve peut \u00e9galement varier de quelques minutes \u00e0 plusieurs semaines.<\/p>\n<p>Pour en savoir plus, cliquez sur <a href=\"https:\/\/www.cgt.fr\/actualites\/mobilisation-droit\/secteur-prive-comment-participer-une-greve-nationale-ou-locale\">Comment participer \u00e0 une gr\u00e8ve nationale ou locale ?<\/a><\/p>\n<h4>Protection du droit de gr\u00e8ve<\/h4>\n<p>Les salari\u00e9s ont un droit personnel \u00e0 la gr\u00e8ve, <strong>aucun salari\u00e9 ne peut \u00eatre sanctionn\u00e9 ou licenci\u00e9 en raison de l\u2019exercice normal du droit de gr\u00e8ve<\/strong>. Toute disposition ou tout acte contraire est nul de plein droit.<\/p>\n<p>La justice a tranch\u00e9 diff\u00e9rentes situations qui sont venues encadrer la protection du droit de gr\u00e8ve.<\/p>\n<p>Pourtant, nous assistons \u00e0 des man\u0153uvres plus insidieuses pour essayer de dissuader les salari\u00e9s de faire gr\u00e8ve. Si vous \u00eates confront\u00e9s \u00e0 une telle situation, rapprochez vous de vos repr\u00e9sentants.<\/p>\n<p>Un droit que l&rsquo;on ne peut exercer n&rsquo;est plus un droit.<\/p>\n<p>Pour en savoir plus, cliquez sur <a href=\"https:\/\/www.cgt.fr\/actualites\/droit-mobilisation\/secteur-prive-protection-du-droit-de-greve\">Protection du droit de gr\u00e8ve<\/a><\/p>\n","protected":false},"excerpt":{"rendered":"<p>A la gr\u00e8ve !!! Derri\u00e8re ce cri de ralliement et toutes ces images de manifestations, de pancartes, banderoles\u00a0et drapeaux, de p\u00e9tards, de sifflets, de musique et de m\u00e9gaphone, de prises de parole, de piquets de gr\u00e8ve et de palettes qui brulent\u2026 Derri\u00e8re la couverture des m\u00e9dias pas toujours avantageuse, derri\u00e8re tout cela se cache un [&hellip;]<\/p>\n","protected":false},"author":23,"featured_media":2761,"parent":0,"menu_order":0,"comment_status":"closed","ping_status":"closed","template":"","meta":{"_acf_changed":false,"footnotes":""},"class_list":["post-2890","page","type-page","status-publish","has-post-thumbnail","hentry"],"acf":[],"_links":{"self":[{"href":"https:\/\/cgtsafran.com\/she\/wp-json\/wp\/v2\/pages\/2890","targetHints":{"allow":["GET"]}}],"collection":[{"href":"https:\/\/cgtsafran.com\/she\/wp-json\/wp\/v2\/pages"}],"about":[{"href":"https:\/\/cgtsafran.com\/she\/wp-json\/wp\/v2\/types\/page"}],"author":[{"embeddable":true,"href":"https:\/\/cgtsafran.com\/she\/wp-json\/wp\/v2\/users\/23"}],"replies":[{"embeddable":true,"href":"https:\/\/cgtsafran.com\/she\/wp-json\/wp\/v2\/comments?post=2890"}],"version-history":[{"count":2,"href":"https:\/\/cgtsafran.com\/she\/wp-json\/wp\/v2\/pages\/2890\/revisions"}],"predecessor-version":[{"id":2896,"href":"https:\/\/cgtsafran.com\/she\/wp-json\/wp\/v2\/pages\/2890\/revisions\/2896"}],"wp:featuredmedia":[{"embeddable":true,"href":"https:\/\/cgtsafran.com\/she\/wp-json\/wp\/v2\/media\/2761"}],"wp:attachment":[{"href":"https:\/\/cgtsafran.com\/she\/wp-json\/wp\/v2\/media?parent=2890"}],"curies":[{"name":"wp","href":"https:\/\/api.w.org\/{rel}","templated":true}]}}