{"id":2062,"date":"2020-02-23T17:29:23","date_gmt":"2020-02-23T16:29:23","guid":{"rendered":"http:\/\/turbomeca.reference-syndicale.fr\/?page_id=2062"},"modified":"2021-11-06T19:54:21","modified_gmt":"2021-11-06T18:54:21","slug":"elus-et-mandates-bordes","status":"publish","type":"page","link":"https:\/\/cgtsafran.com\/she\/bordes\/contacts-bordes\/elus-et-mandates-bordes\/","title":{"rendered":"Elus et mandat\u00e9s Bordes"},"content":{"rendered":"<h2>Elus CGT au Comit\u00e9 Social et Economique (CSE)<\/h2>\n<p><em>Commission Sant\u00e9 S\u00e9curit\u00e9 Conditions de Travail : CSSCT (ex CHSCT)<\/em><\/p>\n<h4>Titulaires:<\/h4>\n<h6>1er coll\u00e8ge<\/h6>\n<p>Pierre LUPIET<\/p>\n<p>K\u00e9vin LANGLOIS<\/p>\n<p>Laurent LACAZE &#8211; CSSCT<\/p>\n<p>Christian NAVARRO<\/p>\n<h6>2\u00e8me coll\u00e8ge<\/h6>\n<p>Aurelie CABIROU &#8211; Tr\u00e9sori\u00e8re CSE<\/p>\n<p>Herv\u00e9 RAMBAUT &#8211; Secr\u00e9taire Adjoint CSE<\/p>\n<p>J\u00e9r\u00f4me WALTER<\/p>\n<p>Thierry CAMUS &#8211; CSSCT<\/p>\n<h4>Suppl\u00e9ants:<\/h4>\n<h6>1er coll\u00e8ge<\/h6>\n<p>Herv\u00e9 COSCUJUELA<\/p>\n<p>Claude OTHATS<\/p>\n<p>Damien DIDIER-HOUNTA<\/p>\n<p>C\u00e9dric DOS SANTOS<\/p>\n<h6>2\u00e8me coll\u00e8ge<\/h6>\n<p>Anne Marie GARROCQ &#8211; CSSCT<\/p>\n<p>Thierry LANGLOIS<\/p>\n<p>Christophe LARTIGUET<\/p>\n<p>Laurent MEYER &#8211; CSSCT<\/p>\n<h4>Repr\u00e9sentants de la Vie Sociale :<\/h4>\n<p>Agathe VERCOUTTER &#8211; CSSCT<\/p>\n<p>Michel THEZ &#8211; CSSCT<\/p>\n<h2>Mandat\u00e9s syndicaux CGT<\/h2>\n<h4>Repr\u00e9sentant syndical au CSE:<\/h4>\n<p>Daniel BAQUE<\/p>\n<h4>D\u00e9l\u00e9gu\u00e9s syndicaux:<\/h4>\n<p>Fran\u00e7ois NICOLAS<\/p>\n<p>S\u00e9bastien HOURCADE<\/p>\n<p>Philippe CENAC-MORTHE<\/p>\n<p>Fr\u00e9d\u00e9ric HERBIN<\/p>\n","protected":false},"excerpt":{"rendered":"<p>Elus CGT au Comit\u00e9 Social et Economique (CSE) Commission Sant\u00e9 S\u00e9curit\u00e9 Conditions de Travail : CSSCT (ex CHSCT) Titulaires: 1er coll\u00e8ge Pierre LUPIET K\u00e9vin LANGLOIS Laurent LACAZE &#8211; CSSCT Christian NAVARRO 2\u00e8me coll\u00e8ge Aurelie CABIROU &#8211; Tr\u00e9sori\u00e8re CSE Herv\u00e9 RAMBAUT &#8211; Secr\u00e9taire Adjoint CSE J\u00e9r\u00f4me WALTER Thierry CAMUS &#8211; CSSCT Suppl\u00e9ants: 1er coll\u00e8ge Herv\u00e9 COSCUJUELA [&hellip;]<\/p>\n","protected":false},"author":2,"featured_media":0,"parent":2450,"menu_order":0,"comment_status":"closed","ping_status":"closed","template":"","meta":{"_acf_changed":false,"footnotes":""},"class_list":["post-2062","page","type-page","status-publish","hentry"],"acf":[],"_links":{"self":[{"href":"https:\/\/cgtsafran.com\/she\/wp-json\/wp\/v2\/pages\/2062","targetHints":{"allow":["GET"]}}],"collection":[{"href":"https:\/\/cgtsafran.com\/she\/wp-json\/wp\/v2\/pages"}],"about":[{"href":"https:\/\/cgtsafran.com\/she\/wp-json\/wp\/v2\/types\/page"}],"author":[{"embeddable":true,"href":"https:\/\/cgtsafran.com\/she\/wp-json\/wp\/v2\/users\/2"}],"replies":[{"embeddable":true,"href":"https:\/\/cgtsafran.com\/she\/wp-json\/wp\/v2\/comments?post=2062"}],"version-history":[{"count":2,"href":"https:\/\/cgtsafran.com\/she\/wp-json\/wp\/v2\/pages\/2062\/revisions"}],"predecessor-version":[{"id":2664,"href":"https:\/\/cgtsafran.com\/she\/wp-json\/wp\/v2\/pages\/2062\/revisions\/2664"}],"up":[{"embeddable":true,"href":"https:\/\/cgtsafran.com\/she\/wp-json\/wp\/v2\/pages\/2450"}],"wp:attachment":[{"href":"https:\/\/cgtsafran.com\/she\/wp-json\/wp\/v2\/media?parent=2062"}],"curies":[{"name":"wp","href":"https:\/\/api.w.org\/{rel}","templated":true}]}}