{"id":4440,"date":"2022-09-01T12:26:05","date_gmt":"2022-09-01T10:26:05","guid":{"rendered":"https:\/\/cgtsafran.com\/sas\/?page_id=4440"},"modified":"2022-10-26T17:10:40","modified_gmt":"2022-10-26T15:10:40","slug":"telecharg","status":"publish","type":"page","link":"https:\/\/cgtsafran.com\/sao\/telecharg\/","title":{"rendered":"Page T\u00e9l\u00e9chargement"},"content":{"rendered":"<p>Vous trouverez sur cette page un ensemble de document \u00e0 t\u00e9l\u00e9charger ( Accord, loi&#8230;)<\/p>\n<blockquote class=\"wp-embedded-content\" data-secret=\"zhEgiyhwwa\"><p><a href=\"https:\/\/cgtsafran.com\/sas\/download\/accord-damenagement-et-de-reduction-du-temps-de-travail-avril-2000\/\">Accord d&rsquo;am\u00e9nagement et de r\u00e9duction du temps de travail -Avril 2000<\/a><\/p><\/blockquote>\n<p><iframe loading=\"lazy\" class=\"wp-embedded-content\" sandbox=\"allow-scripts\" security=\"restricted\" style=\"position: absolute; visibility: hidden;\" title=\"\u00ab\u00a0Accord d&rsquo;am\u00e9nagement et de r\u00e9duction du temps de travail -Avril 2000\u00a0\u00bb &#8212; CGT Safran AeroSystems\" src=\"https:\/\/cgtsafran.com\/sas\/download\/accord-damenagement-et-de-reduction-du-temps-de-travail-avril-2000\/embed\/#?secret=rxEru5x5GD#?secret=zhEgiyhwwa\" data-secret=\"zhEgiyhwwa\" width=\"500\" height=\"282\" frameborder=\"0\" marginwidth=\"0\" marginheight=\"0\" scrolling=\"no\"><\/iframe><\/p>\n<p>&nbsp;<\/p>\n","protected":false},"excerpt":{"rendered":"<p>Vous trouverez sur cette page un ensemble de document \u00e0 t\u00e9l\u00e9charger ( Accord, loi&#8230;) Accord d&rsquo;am\u00e9nagement et de r\u00e9duction du temps de travail -Avril 2000 &nbsp;<\/p>\n","protected":false},"author":2,"featured_media":0,"parent":0,"menu_order":0,"comment_status":"closed","ping_status":"closed","template":"","meta":{"_acf_changed":false,"footnotes":""},"class_list":["post-4440","page","type-page","status-publish","hentry"],"acf":[],"_links":{"self":[{"href":"https:\/\/cgtsafran.com\/sao\/wp-json\/wp\/v2\/pages\/4440","targetHints":{"allow":["GET"]}}],"collection":[{"href":"https:\/\/cgtsafran.com\/sao\/wp-json\/wp\/v2\/pages"}],"about":[{"href":"https:\/\/cgtsafran.com\/sao\/wp-json\/wp\/v2\/types\/page"}],"author":[{"embeddable":true,"href":"https:\/\/cgtsafran.com\/sao\/wp-json\/wp\/v2\/users\/2"}],"replies":[{"embeddable":true,"href":"https:\/\/cgtsafran.com\/sao\/wp-json\/wp\/v2\/comments?post=4440"}],"version-history":[{"count":2,"href":"https:\/\/cgtsafran.com\/sao\/wp-json\/wp\/v2\/pages\/4440\/revisions"}],"predecessor-version":[{"id":4479,"href":"https:\/\/cgtsafran.com\/sao\/wp-json\/wp\/v2\/pages\/4440\/revisions\/4479"}],"wp:attachment":[{"href":"https:\/\/cgtsafran.com\/sao\/wp-json\/wp\/v2\/media?parent=4440"}],"curies":[{"name":"wp","href":"https:\/\/api.w.org\/{rel}","templated":true}]}}