{"id":532,"date":"2020-06-22T14:46:23","date_gmt":"2020-06-22T12:46:23","guid":{"rendered":"https:\/\/cgtsafran.com\/sae\/?page_id=532"},"modified":"2025-12-16T12:43:05","modified_gmt":"2025-12-16T11:43:05","slug":"autres-accords","status":"publish","type":"page","link":"https:\/\/cgtsafran.com\/sae\/autres-accords\/","title":{"rendered":"Autres accords SAE &#8230;"},"content":{"rendered":"<h5>Accord droit syndical et d\u00e9clarations\/comparaisons\/synth\u00e8ses CGT :<\/h5>\n<ul>\n<li><a href=\"https:\/\/cgtsafran.com\/sae\/autres-accords\/2023-avenant-n2-droit-syndical-2\/\" rel=\"attachment wp-att-2453\">2023 avenant n\u00b02 droit syndical<\/a><\/li>\n<li><a href=\"https:\/\/cgtsafran.com\/sae\/autres-accords\/2023-avenant-n2-droit-syndical-declaration-cgt-2\/\" rel=\"attachment wp-att-2454\">2023 avenant n\u00b02 droit syndical d\u00e9claration CGT<\/a><\/li>\n<li><a href=\"https:\/\/cgtsafran.com\/sae\/wp-content\/uploads\/sites\/8\/2022\/08\/2021-avenant-n\u00b01-droit-syndical.pdf\" target=\"_blank\" rel=\"noopener\">2021 avenant n\u00b01 droit syndical<\/a><\/li>\n<li><a href=\"https:\/\/cgtsafran.com\/sae\/wp-content\/uploads\/sites\/8\/2022\/08\/2021-avenant-n\u00b01-droit-syndical-declaration-CGT.pdf\" target=\"_blank\" rel=\"noopener\">2021 avenant n\u00b01 droit syndical d\u00e9claration CGT<\/a><\/li>\n<li><a href=\"https:\/\/cgtsafran.com\/sae\/wp-content\/uploads\/sites\/8\/2022\/08\/2018-accord-droit-syndical.pdf\" target=\"_blank\" rel=\"noopener\">2018 accord droit syndical<\/a><\/li>\n<li><a href=\"https:\/\/cgtsafran.com\/sae\/wp-content\/uploads\/sites\/8\/2022\/08\/2018-accord-droit-syndical-declaration-CGT.pdf\" target=\"_blank\" rel=\"noopener\">2018 accord droit syndical d\u00e9claration CGT<\/a><\/li>\n<li><a href=\"https:\/\/cgtsafran.com\/sae\/wp-content\/uploads\/sites\/8\/2022\/08\/2018-accord-droit-syndical-synthese-CGT.pdf\" target=\"_blank\" rel=\"noopener\">2018 accord droit syndical synth\u00e8se CGT<\/a><\/li>\n<li><a href=\"https:\/\/cgtsafran.com\/sae\/wp-content\/uploads\/sites\/8\/2022\/08\/2018-accord-droit-syndical-comparaison-avant-apres.pdf\" target=\"_blank\" rel=\"noopener\">2018 accord droit syndical comparaison avant apr\u00e8s<\/a><\/li>\n<li><a href=\"https:\/\/cgtsafran.com\/sae\/wp-content\/uploads\/sites\/8\/2022\/08\/2018-accord-droit-syndical-comparaison-avant-apres-par-site.pdf\" target=\"_blank\" rel=\"noopener\">2018 accord droit syndical comparaison avant apr\u00e8s par site<\/a><\/li>\n<\/ul>\n<h5>Accord travaux p\u00e9nibles et d\u00e9clarations\/positionnements de la CGT :<\/h5>\n<ul>\n<li><a href=\"https:\/\/cgtsafran.com\/sae\/autres-accords\/2024-position-cgt-travaux-penibles\/\" rel=\"attachment wp-att-2385\">2024 Position CGT travaux pe\u0301nibles<\/a><\/li>\n<li><a href=\"https:\/\/cgtsafran.com\/sae\/autres-accords\/2024-accord-cessation-activite-travaux-penibles\/\" rel=\"attachment wp-att-2384\">2024 Accord Cessation Activite\u0301 Travaux Penibles<\/a><\/li>\n<li><a href=\"https:\/\/cgtsafran.com\/sae\/wp-content\/uploads\/sites\/8\/2022\/07\/2022-accord-travaux-penibles.pdf\" target=\"_blank\" rel=\"noopener\">2022 accord travaux p\u00e9nibles<\/a><\/li>\n<li><a href=\"https:\/\/cgtsafran.com\/sae\/wp-content\/uploads\/sites\/8\/2022\/07\/2020-accord-travaux-penibles.pdf\" target=\"_blank\" rel=\"noopener\">2020 accord travaux p\u00e9nibles<\/a><\/li>\n<li><a href=\"https:\/\/cgtsafran.com\/sae\/wp-content\/uploads\/sites\/8\/2022\/07\/2020-accord-travaux-penibles-positionnement-CGT.pdf\" target=\"_blank\" rel=\"noopener\">2020 accord travaux p\u00e9nibles positionnement CGT<\/a><\/li>\n<li><a href=\"https:\/\/cgtsafran.com\/sae\/wp-content\/uploads\/sites\/8\/2022\/07\/2015-accord-travaux-penibles.pdf\" target=\"_blank\" rel=\"noopener\">2015 accord travaux p\u00e9nibles<\/a><\/li>\n<li><a href=\"https:\/\/cgtsafran.com\/sae\/wp-content\/uploads\/sites\/8\/2022\/07\/2015-accord-travaux-penibles-declaration-CGT.pdf\" target=\"_blank\" rel=\"noopener\">2015 accord travaux p\u00e9nibles d\u00e9claration CGT<\/a><\/li>\n<\/ul>\n<h5>Accord \u00e9volution de carri\u00e8re et temps partiel aid\u00e9 fin de carri\u00e8re et tracts CGT :<\/h5>\n<ul>\n<li><a href=\"https:\/\/cgtsafran.com\/sae\/autres-accords\/2023-accord-tpafc\/\" rel=\"attachment wp-att-2466\">2023 Accord TPAFC<\/a><\/li>\n<li><a href=\"https:\/\/cgtsafran.com\/sae\/autres-accords\/2023-accord-droits-transitoires\/\" rel=\"attachment wp-att-2465\">2023 Accord droits transitoires<\/a><\/li>\n<li><a href=\"https:\/\/cgtsafran.com\/sae\/autres-accords\/2023-accord-droits-transitoires-declaration-cgt\/\" rel=\"attachment wp-att-2464\">2023 Accord droits transitoires d\u00e9claration CGT<\/a><\/li>\n<li><a href=\"https:\/\/cgtsafran.com\/sae\/wp-content\/uploads\/sites\/8\/2023\/01\/2022-Accord-evolution-carriere.pdf\" target=\"_blank\" rel=\"noopener\">2022 Accord \u00e9volution carri\u00e8re<\/a><\/li>\n<li><a href=\"https:\/\/cgtsafran.com\/sae\/wp-content\/uploads\/sites\/8\/2023\/01\/2022-Accord-evolution-carriere-declaration-CGT.pdf\" target=\"_blank\" rel=\"noopener\">2022 Accord \u00e9volution carri\u00e8re d\u00e9claration CGT<\/a><\/li>\n<li><a href=\"https:\/\/cgtsafran.com\/sae\/wp-content\/uploads\/sites\/8\/2022\/07\/2020-Avenant-n%C2%B02-Accord-evolution-carriere.pdf\" target=\"_blank\" rel=\"noopener\">2020 Avenant n\u00b02 Accord \u00e9volution carri\u00e8re<\/a><\/li>\n<li><a href=\"https:\/\/cgtsafran.com\/sae\/wp-content\/uploads\/sites\/8\/2022\/07\/2020-Temps-Partiel-Aide-Fin-de-Carriere-Tract-n\u00b01-CGT.pdf\" target=\"_blank\" rel=\"noopener\">2020 Temps Partiel Aid\u00e9 Fin de Carri\u00e8re Tract n\u00b01 CGT<\/a><\/li>\n<li><a href=\"https:\/\/cgtsafran.com\/sae\/wp-content\/uploads\/sites\/8\/2022\/07\/2020-Temps-Partiel-Aide-Fin-de-Carriere-Tract-n%C2%B02-CGT.pdf\" target=\"_blank\" rel=\"noopener\">2020 Temps Partiel Aid\u00e9 Fin de Carri\u00e8re Tract n\u00b02 CGT<\/a><\/li>\n<li><a href=\"https:\/\/cgtsafran.com\/sae\/wp-content\/uploads\/sites\/8\/2022\/07\/2011-Avenant-n\u00b01-Accord-evolution-carriere.pdf\" target=\"_blank\" rel=\"noopener\">2011 Avenant n\u00b01 Accord \u00e9volution carri\u00e8re<\/a><\/li>\n<li><a href=\"https:\/\/cgtsafran.com\/sae\/wp-content\/uploads\/sites\/8\/2022\/07\/2005-Accord-evolution-carriere.pdf\" target=\"_blank\" rel=\"noopener\">2005 Accord \u00e9volution carri\u00e8re<\/a><\/li>\n<\/ul>\n<h5>Accord tutorat et d\u00e9claration \/ tract CGT :<\/h5>\n<ul>\n<li><a href=\"https:\/\/cgtsafran.com\/sae\/autres-accords\/accord-tutorat-signe-16-06-2025\/\" rel=\"attachment wp-att-2993\">2025 Accord-tutorat-sign\u00e9-16.06.2025<\/a><\/li>\n<li><a href=\"https:\/\/cgtsafran.com\/sae\/wp-content\/uploads\/sites\/8\/2022\/07\/2017-Accord-tutorat-Declaration-CGT.pdf\" target=\"_blank\" rel=\"noopener\">2017 Accord tutorat D\u00e9claration CGT<\/a><\/li>\n<li><a href=\"https:\/\/cgtsafran.com\/sae\/wp-content\/uploads\/sites\/8\/2022\/07\/2017-Accord-tutorat-Tract-CGT.pdf\" target=\"_blank\" rel=\"noopener\">2017 Accord tutorat Tract CGT<\/a><\/li>\n<li><a href=\"https:\/\/cgtsafran.com\/sae\/wp-content\/uploads\/sites\/8\/2022\/07\/2017-Accord-tutorat-Projet.pdf\" target=\"_blank\" rel=\"noopener\">2017 Accord tutorat Projet<\/a><\/li>\n<li><a href=\"https:\/\/cgtsafran.com\/sae\/wp-content\/uploads\/sites\/8\/2022\/07\/2007-Accord-tutorat.pdf\" target=\"_blank\" rel=\"noopener\">2007 Accord tutorat<\/a><\/li>\n<\/ul>\n<h5>Accord CET (Compte Epargne Temps) et d\u00e9claration CGT :<\/h5>\n<ul>\n<li><a href=\"https:\/\/cgtsafran.com\/sae\/wp-content\/uploads\/sites\/8\/2023\/07\/2023-Accord-CET.pdf\">2023 Accord CET<\/a><\/li>\n<li><a href=\"https:\/\/cgtsafran.com\/sae\/wp-content\/uploads\/sites\/8\/2023\/07\/2023-Accord-CET-Declaration-CGT.pdf\">2023 Accord CET D\u00e9claration CGT<\/a><\/li>\n<li><a href=\"https:\/\/cgtsafran.com\/sae\/wp-content\/uploads\/sites\/8\/2022\/07\/avenant-3-CET-9-juin-2022.pdf\" target=\"_blank\" rel=\"noopener\">avenant 3 CET 9 juin 2022<\/a><\/li>\n<li><a href=\"https:\/\/cgtsafran.com\/sae\/wp-content\/uploads\/sites\/8\/2022\/06\/avenant-2-CET-23-mai-2022.pdf\" target=\"_blank\" rel=\"noopener\">avenant 2 CET 23 mai 2022<\/a><\/li>\n<li><a href=\"https:\/\/cgtsafran.com\/sae\/wp-content\/uploads\/sites\/8\/2022\/06\/avenant-2-CET-declaration-CGT.pdf\" target=\"_blank\" rel=\"noopener\">avenant 2 CET d\u00e9claration CGT<\/a><\/li>\n<li><a href=\"https:\/\/cgtsafran.com\/sae\/wp-content\/uploads\/sites\/8\/2022\/06\/avenant-1-CET-30-mai-2017.pdf\" target=\"_blank\" rel=\"noopener\">avenant 1 CET 30 mai 2017<\/a><\/li>\n<li><a href=\"https:\/\/cgtsafran.com\/sae\/wp-content\/uploads\/sites\/8\/2022\/06\/accord-CET-27-septembre-2006.pdf\" target=\"_blank\" rel=\"noopener\">accord CET 27 septembre 2006<\/a><\/li>\n<\/ul>\n<h5>Accord int\u00e9ressement SAE et d\u00e9clarations\/positionnements CGT :<\/h5>\n<ul>\n<li><a href=\"https:\/\/cgtsafran.com\/sae\/autres-accords\/2024-accord-interessement-revendications-cgt\/\" rel=\"attachment wp-att-2449\">2024 Accord int\u00e9ressement revendications CGT<\/a><\/li>\n<li><a href=\"https:\/\/cgtsafran.com\/sae\/autres-accords\/2024-accord-interessement-proposition-cgt\/\" rel=\"attachment wp-att-2448\">2024 Accord int\u00e9ressement proposition CGT<\/a><\/li>\n<li><a href=\"https:\/\/cgtsafran.com\/sae\/autres-accords\/2024-accord-interessement-positionnement-cgt\/\" rel=\"attachment wp-att-2447\">2024 Accord interessement positionnement CGT<\/a><\/li>\n<li><a href=\"https:\/\/cgtsafran.com\/sae\/autres-accords\/2024-accord-interessement-2024-2026\/\" rel=\"attachment wp-att-2446\">2024 Accord int\u00e9ressement 2024-2026<\/a><\/li>\n<li><a href=\"https:\/\/cgtsafran.com\/sae\/wp-content\/uploads\/sites\/8\/2022\/03\/2021-Avenant-accord-interessement-SAE-2021-2023.pdf\" target=\"_blank\" rel=\"noopener\">2021 Avenant accord int\u00e9ressement SAE 2021-2023<\/a><\/li>\n<li><a href=\"https:\/\/cgtsafran.com\/sae\/wp-content\/uploads\/sites\/8\/2022\/03\/2021-Avenant-accord-interessement-SAE-2021-2023-declaration-CGT.pdf\" target=\"_blank\" rel=\"noopener\">2021 Avenant accord int\u00e9ressement SAE 2021-2023 d\u00e9claration CGT<\/a><\/li>\n<li><a href=\"https:\/\/cgtsafran.com\/sae\/wp-content\/uploads\/sites\/8\/2022\/03\/2021-Accord-interessement-SAE-2021-2023.pdf\" target=\"_blank\" rel=\"noopener\">2021 Accord int\u00e9ressement SAE 2021-2023<\/a><\/li>\n<li><a href=\"https:\/\/cgtsafran.com\/sae\/wp-content\/uploads\/sites\/8\/2022\/03\/2021-Accord-interessement-SAE-2021-2023-positionnement-CGT.pdf\" target=\"_blank\" rel=\"noopener\">2021 Accord int\u00e9ressement SAE 2021-2023 positionnement CGT<\/a><\/li>\n<li><a href=\"https:\/\/cgtsafran.com\/sae\/wp-content\/uploads\/sites\/8\/2020\/06\/2018-Accord_Interessement_SAE_2018-2020.pdf\" target=\"_blank\" rel=\"noopener\">2018 Accord_Interessement_SAE_2018-2020<\/a><\/li>\n<li><a href=\"https:\/\/cgtsafran.com\/sae\/wp-content\/uploads\/sites\/8\/2020\/06\/d\u00e9claration-CGT-int\u00e9ressement-2018.pdf\" target=\"_blank\" rel=\"noopener\">d\u00e9claration CGT int\u00e9ressement 2018<\/a><\/li>\n<\/ul>\n<h5>Accord QVT (qualit\u00e9 de vie au travail), analyse et positionnement de la CGT\u00a0 :<\/h5>\n<ul>\n<li><a href=\"https:\/\/cgtsafran.com\/sae\/autres-accords\/2023-12-14-avenant-2-qualite-de-vie-et-bien-etre-au-travail_vsignee\/\" rel=\"attachment wp-att-2484\">2023 12 14 Avenant 2 Qualit\u00e9 de vie et bien \u00eatre au travail_VSign\u00e9e<\/a><\/li>\n<li><a href=\"https:\/\/cgtsafran.com\/sae\/wp-content\/uploads\/sites\/8\/2020\/10\/2019-SAEAccord-Qualit\u00e9-de-Vie-et-Bien-Etre-au-Travail.pdf\" target=\"_blank\" rel=\"noopener\">2019 SAEAccord Qualit\u00e9 de Vie et Bien-Etre au Travail<\/a><\/li>\n<li><a href=\"https:\/\/cgtsafran.com\/sae\/wp-content\/uploads\/sites\/8\/2022\/07\/2019-accord-QVT-SAE-analyse-CGT.pdf\" target=\"_blank\" rel=\"noopener\">2019 accord QVT SAE analyse CGT<\/a><\/li>\n<li><a href=\"https:\/\/cgtsafran.com\/sae\/wp-content\/uploads\/sites\/8\/2022\/07\/2019-accord-QVT-SAE-positionnement-CGT.pdf\">2019 accord QVT SAE positionnement CGT<\/a><\/li>\n<\/ul>\n<h5>Accord t\u00e9l\u00e9travail\u00a0 et d\u00e9claration\/tract CGT :<\/h5>\n<ul>\n<li><a href=\"https:\/\/cgtsafran.com\/sae\/wp-content\/uploads\/sites\/8\/2022\/06\/2022-avenant-n\u00b01-accord-teletravail-SAE.pdf\" target=\"_blank\" rel=\"noopener\">2022 avenant n\u00b01 accord t\u00e9l\u00e9travail SAE<\/a><\/li>\n<li><a href=\"https:\/\/cgtsafran.com\/sae\/wp-content\/uploads\/sites\/8\/2022\/06\/2022-avenant-n\u00b01-accord-teletravail-SAE-declaration-CGT.pdf\" target=\"_blank\" rel=\"noopener\">2022 avenant n\u00b01 accord t\u00e9l\u00e9travail SAE d\u00e9claration CGT<\/a><\/li>\n<li><a href=\"https:\/\/cgtsafran.com\/sae\/wp-content\/uploads\/sites\/8\/2022\/03\/2020-Accord-Teletravail-SAE-2021-2024.pdf\" target=\"_blank\" rel=\"noopener\">2020 Accord T\u00e9l\u00e9travail SAE 2021 2024<\/a><\/li>\n<li><a href=\"https:\/\/cgtsafran.com\/sae\/wp-content\/uploads\/sites\/8\/2022\/03\/2020-Accord-Teletravail-SAE-2021-2024-tract-CGT.pdf\" target=\"_blank\" rel=\"noopener\">2020 Accord T\u00e9l\u00e9travail SAE 2021 2024 tract CGT<\/a><\/li>\n<li><a href=\"https:\/\/cgtsafran.com\/sae\/wp-content\/uploads\/sites\/8\/2022\/03\/2017-Accord-Teletravail-SAE-2018-2020-declaration-CGT.pdf\" target=\"_blank\" rel=\"noopener\">2017 Accord T\u00e9l\u00e9travail SAE 2018 2020 d\u00e9claration CGT<\/a><\/li>\n<li><a href=\"https:\/\/cgtsafran.com\/sae\/wp-content\/uploads\/sites\/8\/2020\/06\/2017-1108-ACCORD-TELETRAVAIL.pdf\" target=\"_blank\" rel=\"noopener\">2017 1108 ACCORD TELETRAVAIL<\/a><\/li>\n<\/ul>\n<h5>Accord vote \u00e9lectronique et d\u00e9claration CGT :<\/h5>\n<ul>\n<li><a href=\"https:\/\/cgtsafran.com\/sae\/wp-content\/uploads\/sites\/8\/2022\/03\/2018-Accord-vote-electronique-SAE.pdf\" target=\"_blank\" rel=\"noopener\">2018 Accord vote \u00e9lectronique SAE<\/a><\/li>\n<li><a href=\"https:\/\/cgtsafran.com\/sae\/wp-content\/uploads\/sites\/8\/2022\/03\/2018-Accord-vote-electronique-SAE-declaration-CGT.pdf\" target=\"_blank\" rel=\"noopener\">2018 Accord vote \u00e9lectronique SAE declaration CGT<\/a><\/li>\n<\/ul>\n<h5>Accord techniciens :<\/h5>\n<ul>\n<li><a href=\"https:\/\/cgtsafran.com\/sae\/wp-content\/uploads\/sites\/8\/2022\/08\/2013-accord-techniciens.pdf\" target=\"_blank\" rel=\"noopener\">2013 accord techniciens<\/a><\/li>\n<li><a href=\"https:\/\/cgtsafran.com\/sae\/wp-content\/uploads\/sites\/8\/2022\/08\/2013-accord-techniciens-declaration-CGT.pdf\" target=\"_blank\" rel=\"noopener\">2013 accord techniciens d\u00e9claration CGT<\/a><\/li>\n<\/ul>\n<h5>Accord ing\u00e9nieur cadre sign\u00e9 par la CGT et d\u00e9nonc\u00e9 par la CFE-CGC, d\u00e9claration\/tract CGT :<\/h5>\n<ul>\n<li><a href=\"https:\/\/cgtsafran.com\/sae\/wp-content\/uploads\/sites\/8\/2022\/03\/Accord-relatif-a-levolution-de-carriere-des-IC-signe-le-6-octobre-2016.pdf\" target=\"_blank\" rel=\"noopener\">Accord relatif \u00e0 l&rsquo;\u00e9volution de carri\u00e8re des IC sign\u00e9 le 6 octobre 2016<\/a><\/li>\n<li><a href=\"https:\/\/cgtsafran.com\/sae\/wp-content\/uploads\/sites\/8\/2022\/03\/2016-10-20-Tract-CGT-accord-IC-reponse-a-CFE-CGC.pdf\" target=\"_blank\" rel=\"noopener\">2016-10-20 Tract CGT accord IC r\u00e9ponse \u00e0 CFE-CGC<\/a><\/li>\n<li><a href=\"https:\/\/cgtsafran.com\/sae\/wp-content\/uploads\/sites\/8\/2022\/03\/2016-10-06-declaration-CGT-accord-IC.pdf\" target=\"_blank\" rel=\"noopener\">2016-10-06 d\u00e9claration CGT accord IC<\/a><\/li>\n<li><a href=\"https:\/\/cgtsafran.com\/sae\/wp-content\/uploads\/sites\/8\/2022\/03\/2016-10-26-Tract-CGT-accord-IC.pdf\" target=\"_blank\" rel=\"noopener\">2016-10-26 Tract CGT accord IC<\/a><\/li>\n<\/ul>\n<h5>Accord ouverture des sites SAE lors de la p\u00e9riode de fin d&rsquo;ann\u00e9e et tract CGT :<\/h5>\n<ul>\n<li><a href=\"https:\/\/cgtsafran.com\/sae\/wp-content\/uploads\/sites\/8\/2020\/06\/2016-Accord-ouverture-des-sites.pdf\" target=\"_blank\" rel=\"noopener\">2016 Accord ouverture des sites<\/a><\/li>\n<li><a href=\"https:\/\/cgtsafran.com\/sae\/wp-content\/uploads\/sites\/8\/2022\/03\/2016-10-06-la-CGT-Snecma-signe-pour-louverture-de-fin-danneI-e.pdf\" target=\"_blank\" rel=\"noopener\">2016-10-06 la CGT Snecma signe pour l&rsquo;ouverture de fin d&rsquo;anne\u00cc e<\/a><\/li>\n<\/ul>\n<h5>Convention d&rsquo;entreprise SAE, d\u00e9claration CGT :<\/h5>\n<ul>\n<li><a href=\"https:\/\/cgtsafran.com\/sae\/autres-accords\/2023-convention-entreprise_sae_svt_ncc_positionnement-cgt\/\" rel=\"attachment wp-att-2382\">2023 convention entreprise_SAE_svt_NCC_positionnement CGT<\/a><\/li>\n<li><a href=\"https:\/\/cgtsafran.com\/sae\/autres-accords\/2023-convention-d-entreprise_sae_svt_ncc\/\" rel=\"attachment wp-att-2381\">2023 convention d entreprise_SAE_svt_NCC<\/a><\/li>\n<li><a href=\"https:\/\/cgtsafran.com\/sae\/wp-content\/uploads\/sites\/8\/2022\/06\/2022-Convention-dentreprise-SAE.pdf\" target=\"_blank\" rel=\"noopener\">2022 Convention d\u2019entreprise SAE<\/a><\/li>\n<li><a href=\"https:\/\/cgtsafran.com\/sae\/wp-content\/uploads\/sites\/8\/2022\/06\/2022-Convention-dentreprise-SAE-declaration-CGT.pdf\" target=\"_blank\" rel=\"noopener\">2022 Convention d&rsquo;entreprise SAE d\u00e9claration CGT<\/a><\/li>\n<li>2010 Avenant de r\u00e9vision de la Convention d&rsquo;entreprise SNECMA de 1997 :<\/li>\n<\/ul>\n<div style=\"text-align: center; width:480px; margin: 12px auto;\"><div style=\"margin: 4px 0px;\"><a href=\"http:\/\/calameo.com\/books\/0066571160f80ad8e44f9\">View this publication on Calam&eacute;o<\/a><\/div><iframe loading=\"lazy\" src=\"\/\/v.calameo.com\/?bkcode=0066571160f80ad8e44f9&amp;language=fr&amp;page=&amp;showsharemenu=true&amp;clickTo=public&amp;clickTarget=_self&amp;clickToUrl=&amp;autoFlip=0&amp;mode=mini&amp;wmode=transparent\" width=\"480\" height=\"300\" style=\"width:480px;height:300px\" frameborder=\"0\" scrolling=\"no\" allowtransparency allowfullscreen><\/iframe><div style=\"margin: 4px 0px; font-size: 90%;\"><a rel=\"nofollow\" href=\"http:\/\/calameo.com\/upload\">Publish<\/a> at <a href=\"http:\/\/calameo.com\">Calam&eacute;o<\/a> or <a href=\"http:\/\/calameo.com\/browse\/weekly\/?o=7&amp;w=DESC\">browse<\/a> the library.<\/div><\/div>\n<p>&nbsp;<\/p>\n","protected":false},"excerpt":{"rendered":"<p>Accord droit syndical et d\u00e9clarations\/comparaisons\/synth\u00e8ses CGT : 2023 avenant n\u00b02 droit syndical 2023 avenant n\u00b02 droit syndical d\u00e9claration CGT 2021 avenant n\u00b01 droit syndical 2021 avenant n\u00b01 droit syndical d\u00e9claration CGT 2018 accord droit syndical 2018 accord droit syndical d\u00e9claration CGT 2018 accord droit syndical synth\u00e8se CGT 2018 accord droit syndical comparaison avant apr\u00e8s 2018 [&hellip;]<\/p>\n","protected":false},"author":7,"featured_media":1523,"parent":0,"menu_order":0,"comment_status":"closed","ping_status":"closed","template":"","meta":{"_acf_changed":false,"footnotes":""},"class_list":["post-532","page","type-page","status-publish","has-post-thumbnail","hentry"],"acf":[],"_links":{"self":[{"href":"https:\/\/cgtsafran.com\/sae\/wp-json\/wp\/v2\/pages\/532","targetHints":{"allow":["GET"]}}],"collection":[{"href":"https:\/\/cgtsafran.com\/sae\/wp-json\/wp\/v2\/pages"}],"about":[{"href":"https:\/\/cgtsafran.com\/sae\/wp-json\/wp\/v2\/types\/page"}],"author":[{"embeddable":true,"href":"https:\/\/cgtsafran.com\/sae\/wp-json\/wp\/v2\/users\/7"}],"replies":[{"embeddable":true,"href":"https:\/\/cgtsafran.com\/sae\/wp-json\/wp\/v2\/comments?post=532"}],"version-history":[{"count":3,"href":"https:\/\/cgtsafran.com\/sae\/wp-json\/wp\/v2\/pages\/532\/revisions"}],"predecessor-version":[{"id":2994,"href":"https:\/\/cgtsafran.com\/sae\/wp-json\/wp\/v2\/pages\/532\/revisions\/2994"}],"wp:featuredmedia":[{"embeddable":true,"href":"https:\/\/cgtsafran.com\/sae\/wp-json\/wp\/v2\/media\/1523"}],"wp:attachment":[{"href":"https:\/\/cgtsafran.com\/sae\/wp-json\/wp\/v2\/media?parent=532"}],"curies":[{"name":"wp","href":"https:\/\/api.w.org\/{rel}","templated":true}]}}