{"id":451,"date":"2020-06-04T09:44:11","date_gmt":"2020-06-04T07:44:11","guid":{"rendered":"https:\/\/cgtsafran.com\/sae\/?page_id=451"},"modified":"2024-08-06T14:36:30","modified_gmt":"2024-08-06T12:36:30","slug":"egalite-femmes-hommes","status":"publish","type":"page","link":"https:\/\/cgtsafran.com\/sae\/egalite-femmes-hommes\/","title":{"rendered":"Egalit\u00e9 femmes\/hommes"},"content":{"rendered":"<p><img loading=\"lazy\" decoding=\"async\" class=\"wp-image-1415 alignnone\" src=\"https:\/\/cgtsafran.com\/sae\/wp-content\/uploads\/sites\/8\/2022\/06\/gagnons-l-egalite-300x105.jpg\" alt=\"\" width=\"340\" height=\"119\" srcset=\"https:\/\/cgtsafran.com\/sae\/wp-content\/uploads\/sites\/8\/2022\/06\/gagnons-l-egalite-300x105.jpg 300w, https:\/\/cgtsafran.com\/sae\/wp-content\/uploads\/sites\/8\/2022\/06\/gagnons-l-egalite-768x269.jpg 768w, https:\/\/cgtsafran.com\/sae\/wp-content\/uploads\/sites\/8\/2022\/06\/gagnons-l-egalite.jpg 800w\" sizes=\"auto, (max-width: 340px) 100vw, 340px\" \/><\/p>\n<hr \/>\n<ul>\n<li><a href=\"https:\/\/cgtsafran.com\/sae\/egalite-femmes-hommes\/2024-accord-egalite-professionnelle\/\" rel=\"attachment wp-att-2462\">2024 accord \u00e9galit\u00e9 professionnelle<\/a><\/li>\n<li><a href=\"https:\/\/cgtsafran.com\/sae\/egalite-femmes-hommes\/2024-accord-egalite-professionnelle-propositions-cgt\/\" rel=\"attachment wp-att-2461\">2024 accord \u00e9galit\u00e9 professionnelle propositions CGT<\/a><\/li>\n<li><a href=\"https:\/\/cgtsafran.com\/sae\/egalite-femmes-hommes\/2024-accord-egalite-professionnelle-positionnement-cgt\/\" rel=\"attachment wp-att-2460\">2024 accord \u00e9galit\u00e9 professionnelle positionnement CGT<\/a><\/li>\n<li><a href=\"https:\/\/cgtsafran.com\/sae\/egalite-femmes-hommes\/2024-accord-egalite-professionnelle-justificatif-cgt\/\" rel=\"attachment wp-att-2459\">2024 accord \u00e9galit\u00e9 professionnelle justificatif CGT<\/a><\/li>\n<li><a href=\"https:\/\/cgtsafran.com\/sae\/egalite-femmes-hommes\/2024-accord-egalite-professionnelle-analyse-cgt-des-indicateurs\/\" rel=\"attachment wp-att-2458\">2024 accord \u00e9galit\u00e9 professionnelle analyse CGT des indicateurs<\/a><\/li>\n<li><a href=\"https:\/\/cgtsafran.com\/sae\/wp-content\/uploads\/sites\/8\/2023\/07\/2023-accord-egalite-professionnelle.pdf\">2023 accord \u00e9galit\u00e9 professionnelle<\/a><\/li>\n<li><a href=\"https:\/\/cgtsafran.com\/sae\/wp-content\/uploads\/sites\/8\/2023\/07\/2023-accord-egalite-professionnelle-declaration-CGT.pdf\">2023 accord \u00e9galit\u00e9 professionnelle d\u00e9claration CGT<\/a><\/li>\n<li><a href=\"https:\/\/cgtsafran.com\/sae\/egalite-femmes-hommes\/analyse-egalite_bs_sae_2022\/\" rel=\"attachment wp-att-2473\">Analyse \u00e9galite_BS_SAE_2022<\/a><\/li>\n<li><a href=\"https:\/\/cgtsafran.com\/sae\/egalite-femmes-hommes\/2022-index-egalite-declaration-cgt\/\" rel=\"attachment wp-att-2456\">2022 index \u00e9galit\u00e9 d\u00e9claration CGT<\/a><\/li>\n<li><a href=\"https:\/\/cgtsafran.com\/sae\/wp-content\/uploads\/sites\/8\/2022\/05\/egalite_BS_SAE_2021.pdf\" target=\"_blank\" rel=\"noopener\">Analyse \u00e9galite_BS_SAE_2021<\/a><\/li>\n<li><a href=\"https:\/\/cgtsafran.com\/sae\/wp-content\/uploads\/sites\/8\/2022\/05\/tract-egalite-bilan-2020.pdf\" target=\"_blank\" rel=\"noopener\">Tract \u00e9galit\u00e9 bilan 2020<\/a><\/li>\n<li><a href=\"https:\/\/cgtsafran.com\/sae\/wp-content\/uploads\/sites\/8\/2022\/05\/egalite_BS_SAE_2020.pdf\" target=\"_blank\" rel=\"noopener\">Analyse \u00e9galite_BS_SAE_2020<\/a><\/li>\n<li><a href=\"https:\/\/cgtsafran.com\/sae\/wp-content\/uploads\/sites\/8\/2020\/06\/09-2018-tract-tract-\u00e9galit\u00e9-pro_v6.pdf\" target=\"_blank\" rel=\"noopener\">Tract \u00e9galit\u00e9 pro 2018<\/a><\/li>\n<li><a href=\"https:\/\/cgtsafran.com\/sae\/wp-content\/uploads\/sites\/8\/2020\/06\/2018-12-19_-Accord-Egalit\u00e9-Professionelle-et-Mixit\u00e9-SAE_VSign\u00e9e.pdf\" target=\"_blank\" rel=\"noopener\">Accord Egalite Femme\/Homme<\/a><\/li>\n<\/ul>\n<p>&nbsp;<\/p>\n","protected":false},"excerpt":{"rendered":"<p>2024 accord \u00e9galit\u00e9 professionnelle 2024 accord \u00e9galit\u00e9 professionnelle propositions CGT 2024 accord \u00e9galit\u00e9 professionnelle positionnement CGT 2024 accord \u00e9galit\u00e9 professionnelle justificatif CGT 2024 accord \u00e9galit\u00e9 professionnelle analyse CGT des indicateurs 2023 accord \u00e9galit\u00e9 professionnelle 2023 accord \u00e9galit\u00e9 professionnelle d\u00e9claration CGT Analyse \u00e9galite_BS_SAE_2022 2022 index \u00e9galit\u00e9 d\u00e9claration CGT Analyse \u00e9galite_BS_SAE_2021 Tract \u00e9galit\u00e9 bilan 2020 Analyse \u00e9galite_BS_SAE_2020 [&hellip;]<\/p>\n","protected":false},"author":7,"featured_media":0,"parent":0,"menu_order":0,"comment_status":"closed","ping_status":"closed","template":"","meta":{"_acf_changed":false,"footnotes":""},"class_list":["post-451","page","type-page","status-publish","hentry"],"acf":[],"_links":{"self":[{"href":"https:\/\/cgtsafran.com\/sae\/wp-json\/wp\/v2\/pages\/451","targetHints":{"allow":["GET"]}}],"collection":[{"href":"https:\/\/cgtsafran.com\/sae\/wp-json\/wp\/v2\/pages"}],"about":[{"href":"https:\/\/cgtsafran.com\/sae\/wp-json\/wp\/v2\/types\/page"}],"author":[{"embeddable":true,"href":"https:\/\/cgtsafran.com\/sae\/wp-json\/wp\/v2\/users\/7"}],"replies":[{"embeddable":true,"href":"https:\/\/cgtsafran.com\/sae\/wp-json\/wp\/v2\/comments?post=451"}],"version-history":[{"count":3,"href":"https:\/\/cgtsafran.com\/sae\/wp-json\/wp\/v2\/pages\/451\/revisions"}],"predecessor-version":[{"id":2474,"href":"https:\/\/cgtsafran.com\/sae\/wp-json\/wp\/v2\/pages\/451\/revisions\/2474"}],"wp:attachment":[{"href":"https:\/\/cgtsafran.com\/sae\/wp-json\/wp\/v2\/media?parent=451"}],"curies":[{"name":"wp","href":"https:\/\/api.w.org\/{rel}","templated":true}]}}