{"id":3128,"date":"2026-03-02T15:10:45","date_gmt":"2026-03-02T14:10:45","guid":{"rendered":"https:\/\/cgtsafran.com\/sae\/?page_id=3128"},"modified":"2026-03-02T15:30:03","modified_gmt":"2026-03-02T14:30:03","slug":"la-sante-des-femmes-au-travail","status":"publish","type":"page","link":"https:\/\/cgtsafran.com\/sae\/la-sante-des-femmes-au-travail\/","title":{"rendered":"La sant\u00e9 des femmes au travail"},"content":{"rendered":"<div style=\"max-width: 900px;margin: 40px auto;font-family: Arial, Helvetica, sans-serif;background: #ffffff;border-radius: 18px\">\n<div style=\"background: #c40000;color: #fff;padding: 22px 20px;margin-bottom: 18px;border-radius: 18px 18px 0 0\">\n<div style=\"font-size: 30px;font-weight: 900;line-height: 1.15\">QUIZ \u2013 La sant\u00e9 des femmes au travail<\/div>\n<div style=\"font-size: 16px;margin-top: 8px;opacity: 0.95\">Journ\u00e9e internationale de lutte pour les droits des femmes : testez vos connaissances avec la CGT.<\/div>\n<div style=\"height: 3px;width: 90px;background: #ffffff;margin-top: 14px\"><\/div>\n<\/div>\n<div style=\"padding: 0 20px 22px 20px\">\n<p style=\"margin: 0 0 18px;text-align: center\"><a style=\"text-decoration: none\" href=\"https:\/\/ladigitale.dev\/digiquiz\/q\/698e086e34053\" rel=\"noopener noreferrer\"><br \/>\n<img decoding=\"async\" style=\"max-width: 100%;height: auto;border-radius: 18px\" src=\"https:\/\/cgtsafran.com\/sae\/wp-content\/uploads\/sites\/8\/2026\/03\/ChatGPT-Image-2-mars-2026-15_12_33.png\" alt=\"La sant\u00e9 des femmes au travail \u2013 Quiz\" \/><br \/>\n<\/a><\/p>\n<p style=\"margin: 0 0 10px;font-size: 14px;color: #444;text-align: center\">Cliquez pour r\u00e9pondre :<\/p>\n<p><!-- CTA : bandeau rouge cliquable (pas un \u201cbouton\u201d fragile) --><\/p>\n<p style=\"margin: 0 0 18px;text-align: center\"><a style=\"background: #c40000;color: #ffffff;text-decoration: none;font-size: 22px;font-weight: 900;padding: 14px 22px;border-radius: 14px\" href=\"https:\/\/ladigitale.dev\/digiquiz\/q\/698e086e34053\" rel=\"noopener noreferrer\">Acc\u00e9der au quiz<br \/>\n<\/a><\/p>\n<div style=\"margin: 0 0 18px;padding: 14px 16px;border-left: 5px solid #c40000;background: #f7f7f7;color: #222;font-size: 15px\"><strong>Information :<\/strong> le quiz est h\u00e9berg\u00e9 sur un outil externe (La Digitale).<\/div>\n<p style=\"margin: 0;color: #666;font-size: 13px\">Lien direct :<br \/>\n<a href=\"https:\/\/ladigitale.dev\/digiquiz\/q\/698e086e34053\" rel=\"noopener noreferrer\"><br \/>\nhttps:\/\/ladigitale.dev\/digiquiz\/q\/698e086e34053<br \/>\n<\/a><\/p>\n<\/div>\n<\/div>\n<p><!--more--><\/p>\n","protected":false},"excerpt":{"rendered":"<p>QUIZ \u2013 La sant\u00e9 des femmes au travail Journ\u00e9e internationale de lutte pour les droits des femmes : testez vos connaissances avec la CGT. Cliquez pour r\u00e9pondre : Acc\u00e9der au quiz Information : le quiz est h\u00e9berg\u00e9 sur un outil externe (La Digitale). Lien direct : https:\/\/ladigitale.dev\/digiquiz\/q\/698e086e34053<\/p>\n","protected":false},"author":32,"featured_media":0,"parent":0,"menu_order":0,"comment_status":"closed","ping_status":"closed","template":"","meta":{"_acf_changed":false,"footnotes":""},"class_list":["post-3128","page","type-page","status-publish","hentry"],"acf":[],"_links":{"self":[{"href":"https:\/\/cgtsafran.com\/sae\/wp-json\/wp\/v2\/pages\/3128","targetHints":{"allow":["GET"]}}],"collection":[{"href":"https:\/\/cgtsafran.com\/sae\/wp-json\/wp\/v2\/pages"}],"about":[{"href":"https:\/\/cgtsafran.com\/sae\/wp-json\/wp\/v2\/types\/page"}],"author":[{"embeddable":true,"href":"https:\/\/cgtsafran.com\/sae\/wp-json\/wp\/v2\/users\/32"}],"replies":[{"embeddable":true,"href":"https:\/\/cgtsafran.com\/sae\/wp-json\/wp\/v2\/comments?post=3128"}],"version-history":[{"count":2,"href":"https:\/\/cgtsafran.com\/sae\/wp-json\/wp\/v2\/pages\/3128\/revisions"}],"predecessor-version":[{"id":3135,"href":"https:\/\/cgtsafran.com\/sae\/wp-json\/wp\/v2\/pages\/3128\/revisions\/3135"}],"wp:attachment":[{"href":"https:\/\/cgtsafran.com\/sae\/wp-json\/wp\/v2\/media?parent=3128"}],"curies":[{"name":"wp","href":"https:\/\/api.w.org\/{rel}","templated":true}]}}