{"id":1024,"date":"2021-04-29T18:45:15","date_gmt":"2021-04-29T16:45:15","guid":{"rendered":"https:\/\/cgtsafran.com\/sae\/?page_id=1024"},"modified":"2023-02-16T16:13:10","modified_gmt":"2023-02-16T15:13:10","slug":"vos-elu-es-site-de-villaroche","status":"publish","type":"page","link":"https:\/\/cgtsafran.com\/sae\/vos-elu-es-site-de-villaroche\/","title":{"rendered":"Site de Villaroche &#8211; \u00e9lu.es et mandat\u00e9.es"},"content":{"rendered":"<h2 style=\"text-align: center\">Le Comit\u00e9 Social et Economique : le CSE<\/h2>\n<hr \/>\n<h3>les \u00e9lus titulaires et suppl\u00e9ants au CSE de SAE Villaroche pour la mandature 2023-2027<\/h3>\n<p><img loading=\"lazy\" decoding=\"async\" class=\"alignnone size-full wp-image-1879\" src=\"https:\/\/cgtsafran.com\/sae\/wp-content\/uploads\/sites\/8\/2023\/01\/resultats-2023-SAE_Page_1-scaled.jpg\" alt=\"\" width=\"1448\" height=\"2048\" srcset=\"https:\/\/cgtsafran.com\/sae\/wp-content\/uploads\/sites\/8\/2023\/01\/resultats-2023-SAE_Page_1-scaled.jpg 1448w, https:\/\/cgtsafran.com\/sae\/wp-content\/uploads\/sites\/8\/2023\/01\/resultats-2023-SAE_Page_1-212x300.jpg 212w, https:\/\/cgtsafran.com\/sae\/wp-content\/uploads\/sites\/8\/2023\/01\/resultats-2023-SAE_Page_1-724x1024.jpg 724w, https:\/\/cgtsafran.com\/sae\/wp-content\/uploads\/sites\/8\/2023\/01\/resultats-2023-SAE_Page_1-768x1086.jpg 768w, https:\/\/cgtsafran.com\/sae\/wp-content\/uploads\/sites\/8\/2023\/01\/resultats-2023-SAE_Page_1-1086x1536.jpg 1086w\" sizes=\"auto, (max-width: 1448px) 100vw, 1448px\" \/> <img loading=\"lazy\" decoding=\"async\" class=\"alignnone size-full wp-image-1880\" src=\"https:\/\/cgtsafran.com\/sae\/wp-content\/uploads\/sites\/8\/2023\/01\/resultats-2023-SAE_Page_2-scaled.jpg\" alt=\"\" width=\"1448\" height=\"2048\" srcset=\"https:\/\/cgtsafran.com\/sae\/wp-content\/uploads\/sites\/8\/2023\/01\/resultats-2023-SAE_Page_2-scaled.jpg 1448w, https:\/\/cgtsafran.com\/sae\/wp-content\/uploads\/sites\/8\/2023\/01\/resultats-2023-SAE_Page_2-212x300.jpg 212w, https:\/\/cgtsafran.com\/sae\/wp-content\/uploads\/sites\/8\/2023\/01\/resultats-2023-SAE_Page_2-724x1024.jpg 724w, https:\/\/cgtsafran.com\/sae\/wp-content\/uploads\/sites\/8\/2023\/01\/resultats-2023-SAE_Page_2-768x1086.jpg 768w, https:\/\/cgtsafran.com\/sae\/wp-content\/uploads\/sites\/8\/2023\/01\/resultats-2023-SAE_Page_2-1086x1536.jpg 1086w\" sizes=\"auto, (max-width: 1448px) 100vw, 1448px\" \/><\/p>\n<hr \/>\n<h3><img loading=\"lazy\" decoding=\"async\" class=\"wp-image-1146 alignleft\" src=\"https:\/\/cgtsafran.com\/sae\/wp-content\/uploads\/sites\/8\/2021\/11\/cse-long.jpg\" alt=\"\" width=\"326\" height=\"159\" srcset=\"https:\/\/cgtsafran.com\/sae\/wp-content\/uploads\/sites\/8\/2021\/11\/cse-long.jpg 903w, https:\/\/cgtsafran.com\/sae\/wp-content\/uploads\/sites\/8\/2021\/11\/cse-long-300x147.jpg 300w, https:\/\/cgtsafran.com\/sae\/wp-content\/uploads\/sites\/8\/2021\/11\/cse-long-768x375.jpg 768w\" sizes=\"auto, (max-width: 326px) 100vw, 326px\" \/><\/h3>\n<h3><\/h3>\n<h3><\/h3>\n<h3>Les \u00e9lu.es CGT au sein des commissions du CSE pour Villaroche :<\/h3>\n<h3>Par commissions :<\/h3>\n<table style=\"height: 539px\" width=\"772\">\n<tbody>\n<tr>\n<td width=\"80\">\n<p style=\"text-align: center\"><strong>Commissions obligatoires<\/strong><\/p>\n<\/td>\n<td style=\"text-align: center\" width=\"83\"><strong>Pr\u00e9sidents<\/strong><\/td>\n<td colspan=\"2\" width=\"181\">\n<p style=\"text-align: center\"><strong>Membres<\/strong><\/p>\n<\/td>\n<\/tr>\n<tr>\n<td width=\"80\"><strong><span style=\"color: #0000ff\">March\u00e9s<\/span><\/strong><\/td>\n<td width=\"83\"><\/td>\n<td width=\"95\"><strong><span style=\"color: #0000ff\">Paulo Costa<\/span><\/strong><\/td>\n<td width=\"86\"><strong><span style=\"color: #0000ff\">\u00a0Patrick Sagnes<\/span><\/strong><\/td>\n<\/tr>\n<tr>\n<td width=\"80\"><strong><span style=\"color: #339966\">Economique<\/span><\/strong><\/td>\n<td width=\"83\"><\/td>\n<td width=\"95\"><strong><span style=\"color: #339966\">Hector Moulins<\/span><\/strong><\/td>\n<td width=\"86\"><strong><span style=\"color: #339966\">Philippe Tonnelier<\/span><\/strong><\/td>\n<\/tr>\n<tr>\n<td width=\"80\"><strong><span style=\"color: #0000ff\">Formation<\/span><\/strong><\/td>\n<td width=\"83\"><\/td>\n<td width=\"95\"><strong><span style=\"color: #0000ff\">Philippe Tonnelier<\/span><\/strong><\/td>\n<td width=\"86\"><strong><span style=\"color: #0000ff\">Johanne Regnier<\/span><\/strong><\/td>\n<\/tr>\n<tr>\n<td width=\"80\"><strong><span style=\"color: #339966\">Egalit\u00e9 Professionnelle<\/span><\/strong><\/td>\n<td width=\"83\"><strong><span style=\"color: #339966\">Johanne Regnier<\/span><\/strong><\/td>\n<td width=\"95\"><strong><span style=\"color: #339966\">Olivier DEFOSSE<\/span><\/strong><\/td>\n<td width=\"86\"><\/td>\n<\/tr>\n<tr>\n<td width=\"80\"><strong><span style=\"color: #0000ff\">Info et aide au logement<\/span><\/strong><\/td>\n<td width=\"83\"><\/td>\n<td width=\"95\"><strong><span style=\"color: #0000ff\">Anne De La Torre<\/span><\/strong><\/td>\n<td width=\"86\"><\/td>\n<\/tr>\n<\/tbody>\n<\/table>\n<p>&nbsp;<\/p>\n<table style=\"height: 878px\" width=\"773\">\n<tbody>\n<tr>\n<td rowspan=\"10\" width=\"6\"><\/td>\n<td width=\"80\">\n<p style=\"text-align: center\"><strong>Commissions facultatives<\/strong><\/p>\n<\/td>\n<td style=\"text-align: center\" width=\"83\"><strong>Pr\u00e9sidents<\/strong><\/td>\n<td colspan=\"2\" width=\"181\">\n<p style=\"text-align: center\"><strong>Membres<\/strong><\/p>\n<\/td>\n<\/tr>\n<tr>\n<td width=\"80\"><strong><span style=\"color: #0000ff\">Culturelle<\/span><\/strong><\/td>\n<td width=\"83\"><\/td>\n<td width=\"95\"><strong><span style=\"color: #0000ff\">Philippe Tonnelier<\/span><\/strong><\/td>\n<td width=\"86\"><strong><span style=\"color: #0000ff\">Viviane Parent<\/span><\/strong><\/td>\n<\/tr>\n<tr>\n<td width=\"80\"><strong><span style=\"color: #339966\">Fonctionnement<\/span><\/strong><\/td>\n<td width=\"83\"><\/td>\n<td width=\"95\"><strong><span style=\"color: #339966\">Patrick Sagnes<\/span><\/strong><\/td>\n<td width=\"86\"><strong><span style=\"color: #339966\">R\u00e9mi Muzette<\/span><\/strong><\/td>\n<\/tr>\n<tr>\n<td width=\"80\"><strong><span style=\"color: #0000ff\">RSE-DD<\/span><\/strong><\/td>\n<td width=\"83\"><\/td>\n<td width=\"95\"><strong><span style=\"color: #0000ff\">Johanne Regnier<\/span><\/strong><\/td>\n<td width=\"86\"><strong><span style=\"color: #0000ff\">Olivier Defosse<\/span><\/strong><\/td>\n<\/tr>\n<tr>\n<td width=\"80\"><strong><span style=\"color: #339966\">Gestion RLS<\/span><\/strong><\/td>\n<td width=\"83\"><\/td>\n<td width=\"95\"><strong><span style=\"color: #339966\">Paulo Costa<\/span><\/strong><\/td>\n<td width=\"86\"><strong><span style=\"color: #339966\">Christophe Albouy<\/span><\/strong><\/td>\n<\/tr>\n<tr>\n<td width=\"80\"><strong><span style=\"color: #0000ff\">Am\u00e9lioration Continue RLS<\/span><\/strong><\/td>\n<td width=\"83\"><\/td>\n<td width=\"95\"><strong><span style=\"color: #0000ff\">Christophe Albouy<\/span><\/strong><\/td>\n<td width=\"86\"><strong><span style=\"color: #0000ff\">Paulo Costa<\/span><\/strong><\/td>\n<\/tr>\n<tr>\n<td width=\"80\"><strong><span style=\"color: #339966\">Handicap et Sociale<\/span><\/strong><\/td>\n<td width=\"83\"><strong><span style=\"color: #339966\">Christophe Albouy<\/span><\/strong><\/td>\n<td width=\"95\"><strong><span style=\"color: #339966\">Patrick Sagnes<\/span><\/strong><\/td>\n<td width=\"86\"><\/td>\n<\/tr>\n<tr>\n<td width=\"80\"><strong><span style=\"color: #0000ff\">Sports et Loisirs<\/span><\/strong><\/td>\n<td width=\"83\"><strong><span style=\"color: #0000ff\">Philippe Tonnelier<\/span><\/strong><\/td>\n<td width=\"95\"><strong><span style=\"color: #0000ff\">\u00a0Jimmy Faucher<\/span><\/strong><\/td>\n<td width=\"86\"><\/td>\n<\/tr>\n<tr>\n<td width=\"80\"><strong><span style=\"color: #339966\">Tourisme<\/span><\/strong><\/td>\n<td width=\"83\"><\/td>\n<td width=\"95\"><strong><span style=\"color: #339966\">Paulo Costa<\/span><\/strong><\/td>\n<td width=\"86\"><strong><span style=\"color: #339966\">Patrick Sagnes<\/span><\/strong><\/td>\n<\/tr>\n<tr>\n<td width=\"80\"><strong><span style=\"color: #0000ff\">Enfance<\/span><\/strong><\/td>\n<td width=\"83\"><strong><span style=\"color: #0000ff\">Paulo Costa<\/span><\/strong><\/td>\n<td width=\"95\"><strong><span style=\"color: #0000ff\">Christophe Albouy<\/span><\/strong><\/td>\n<td width=\"86\"><\/td>\n<\/tr>\n<\/tbody>\n<\/table>\n<hr \/>\n<h4>Repr\u00e9sentant Syndical (RS) : Fr\u00e9d\u00e9ric Eichstadt<\/h4>\n<hr \/>\n<h3><img loading=\"lazy\" decoding=\"async\" class=\"wp-image-1923 alignleft\" src=\"https:\/\/cgtsafran.com\/sae\/wp-content\/uploads\/sites\/8\/2023\/02\/cssct-2.jpg\" alt=\"\" width=\"469\" height=\"171\" srcset=\"https:\/\/cgtsafran.com\/sae\/wp-content\/uploads\/sites\/8\/2023\/02\/cssct-2.jpg 794w, https:\/\/cgtsafran.com\/sae\/wp-content\/uploads\/sites\/8\/2023\/02\/cssct-2-300x109.jpg 300w, https:\/\/cgtsafran.com\/sae\/wp-content\/uploads\/sites\/8\/2023\/02\/cssct-2-768x280.jpg 768w\" sizes=\"auto, (max-width: 469px) 100vw, 469px\" \/><\/h3>\n<h3>Membres CGT dans les 4 CSSCT :<\/h3>\n<p>CSSCT 1 : Anne De La Torre, Nicolas Janco, Michel Baptista<\/p>\n<p>CSSCT 2 : R\u00e9mi Muzette, Guillaume Majkowski, Jimmy Faucher, Christophe Germany<\/p>\n<p>CSSCT 3 : Christophe Albouy, Sylvain Duval<\/p>\n<p>CSSCT 4 : Olivier Defosse, Hector Mata Collado<\/p>\n<p>&nbsp;<\/p>\n<hr \/>\n<h3>Les \u00e9lections du CSE 2023-2027 (\u00e9lections professionnelles du 23 au 25 janvier 2023)<\/h3>\n<p><img loading=\"lazy\" decoding=\"async\" class=\"alignnone size-full wp-image-1848\" src=\"https:\/\/cgtsafran.com\/sae\/wp-content\/uploads\/sites\/8\/2023\/01\/Capture_Image_mise_en_avant.jpg\" alt=\"\" width=\"733\" height=\"376\" srcset=\"https:\/\/cgtsafran.com\/sae\/wp-content\/uploads\/sites\/8\/2023\/01\/Capture_Image_mise_en_avant.jpg 733w, https:\/\/cgtsafran.com\/sae\/wp-content\/uploads\/sites\/8\/2023\/01\/Capture_Image_mise_en_avant-300x154.jpg 300w\" sizes=\"auto, (max-width: 733px) 100vw, 733px\" \/><\/p>\n<p><a href=\"https:\/\/cgtsafran.com\/sae\/wp-content\/uploads\/sites\/8\/2023\/01\/tract-programme-CGT_final.pdf\" target=\"_blank\" rel=\"noopener\">tract programme CGT_final<\/a><\/p>\n<h3>Affiche CGT pour les \u00e9lections du CSE de Villaroche d&rsquo;avril 2023<\/h3>\n<p><img loading=\"lazy\" decoding=\"async\" class=\"alignnone size-full wp-image-1805\" src=\"https:\/\/cgtsafran.com\/sae\/wp-content\/uploads\/sites\/8\/2023\/01\/Tract_10012023_Bonne-annee_-liste.jpg\" alt=\"\" width=\"1290\" height=\"1825\" srcset=\"https:\/\/cgtsafran.com\/sae\/wp-content\/uploads\/sites\/8\/2023\/01\/Tract_10012023_Bonne-annee_-liste.jpg 1290w, https:\/\/cgtsafran.com\/sae\/wp-content\/uploads\/sites\/8\/2023\/01\/Tract_10012023_Bonne-annee_-liste-212x300.jpg 212w, https:\/\/cgtsafran.com\/sae\/wp-content\/uploads\/sites\/8\/2023\/01\/Tract_10012023_Bonne-annee_-liste-724x1024.jpg 724w, https:\/\/cgtsafran.com\/sae\/wp-content\/uploads\/sites\/8\/2023\/01\/Tract_10012023_Bonne-annee_-liste-768x1087.jpg 768w, https:\/\/cgtsafran.com\/sae\/wp-content\/uploads\/sites\/8\/2023\/01\/Tract_10012023_Bonne-annee_-liste-1086x1536.jpg 1086w\" sizes=\"auto, (max-width: 1290px) 100vw, 1290px\" \/><\/p>\n<hr \/>\n<h3>Assembl\u00e9e G\u00e9n\u00e9rale du 19 d\u00e9cembre 2022<\/h3>\n<p><a href=\"https:\/\/cgtsafran.com\/sae\/wp-content\/uploads\/sites\/8\/2023\/01\/compte-CGT-12-2022.pdf\" target=\"_blank\" rel=\"noopener\">bilan financier CGT 12 2022<\/a><\/p>\n<p>&nbsp;<\/p>\n","protected":false},"excerpt":{"rendered":"<p>Le Comit\u00e9 Social et Economique : le CSE les \u00e9lus titulaires et suppl\u00e9ants au CSE de SAE Villaroche pour la mandature 2023-2027 Les \u00e9lu.es CGT au sein des commissions du CSE pour Villaroche : Par commissions : Commissions obligatoires Pr\u00e9sidents Membres March\u00e9s Paulo Costa \u00a0Patrick Sagnes Economique Hector Moulins Philippe Tonnelier Formation Philippe Tonnelier Johanne [&hellip;]<\/p>\n","protected":false},"author":17,"featured_media":0,"parent":0,"menu_order":0,"comment_status":"closed","ping_status":"closed","template":"","meta":{"_acf_changed":false,"footnotes":""},"class_list":["post-1024","page","type-page","status-publish","hentry"],"acf":[],"_links":{"self":[{"href":"https:\/\/cgtsafran.com\/sae\/wp-json\/wp\/v2\/pages\/1024","targetHints":{"allow":["GET"]}}],"collection":[{"href":"https:\/\/cgtsafran.com\/sae\/wp-json\/wp\/v2\/pages"}],"about":[{"href":"https:\/\/cgtsafran.com\/sae\/wp-json\/wp\/v2\/types\/page"}],"author":[{"embeddable":true,"href":"https:\/\/cgtsafran.com\/sae\/wp-json\/wp\/v2\/users\/17"}],"replies":[{"embeddable":true,"href":"https:\/\/cgtsafran.com\/sae\/wp-json\/wp\/v2\/comments?post=1024"}],"version-history":[{"count":3,"href":"https:\/\/cgtsafran.com\/sae\/wp-json\/wp\/v2\/pages\/1024\/revisions"}],"predecessor-version":[{"id":1926,"href":"https:\/\/cgtsafran.com\/sae\/wp-json\/wp\/v2\/pages\/1024\/revisions\/1926"}],"wp:attachment":[{"href":"https:\/\/cgtsafran.com\/sae\/wp-json\/wp\/v2\/media?parent=1024"}],"curies":[{"name":"wp","href":"https:\/\/api.w.org\/{rel}","templated":true}]}}