{"id":5445,"date":"2023-02-23T12:50:38","date_gmt":"2023-02-23T11:50:38","guid":{"rendered":"https:\/\/cgtsafran.com\/groupe\/?page_id=5445"},"modified":"2023-04-25T10:43:52","modified_gmt":"2023-04-25T08:43:52","slug":"calcul-de-la-prime-danciennete-applicable-au-1er-janvier-2024","status":"publish","type":"page","link":"https:\/\/cgtsafran.com\/groupe\/calcul-de-la-prime-danciennete-applicable-au-1er-janvier-2024\/","title":{"rendered":"Calcul de la prime d&rsquo;anciennet\u00e9 applicable au 1er janvier 2024"},"content":{"rendered":"<p>Pour connaitre la valeur de la prime d&rsquo;anciennet\u00e9 pr\u00e9vue dans la Nouvelle Convention Collective de la m\u00e9tallurgie si aucun accord de compensation n&rsquo;est sign\u00e9 dans votre entreprise, remplissez le formulaire suivant:<\/p>\n<p>&nbsp;<\/p>\n<p>Si vous ne connaissez pas votre classe d&#8217;emploi, simulez votre cotation d&#8217;emploi ici:<\/p>\n<p><a href=\"https:\/\/cgtsafran.com\/groupe\/le-jeu-de-la-cotation-de-lemploi\/\">simulateur de cotation<\/a><\/p>\n<div class=\"forminator-ui forminator-custom-form forminator-custom-form-5444 forminator-design--default  forminator_ajax\" data-forminator-render=\"0\" data-form=\"forminator-module-5444\" data-uid=\"69d1529d058ce\"><br\/><\/div><form\r\n\t\t\t\tid=\"forminator-module-5444\"\r\n\t\t\t\tclass=\"forminator-ui forminator-custom-form forminator-custom-form-5444 forminator-design--default  forminator_ajax\"\r\n\t\t\t\tmethod=\"post\"\r\n\t\t\t\tdata-forminator-render=\"0\"\r\n\t\t\t\tdata-form-id=\"5444\"\r\n\t\t\t\t data-color-option=\"default\" data-design=\"default\" data-grid=\"open\" style=\"display: none;\"\r\n\t\t\t\tdata-uid=\"69d1529d058ce\"\r\n\t\t\t><div role=\"alert\" aria-live=\"polite\" class=\"forminator-response-message forminator-error\" aria-hidden=\"true\"><\/div><div class=\"forminator-row\"><div id=\"select-1\" class=\"forminator-field-select forminator-col forminator-col-6 \"><div class=\"forminator-field\"><label for=\"forminator-form-5444__field--select-1_69d1529d058ce\" id=\"forminator-form-5444__field--select-1_69d1529d058ce-label\" class=\"forminator-label\">Je s\u00e9lectionne ma classe d&#039;emploi:<\/label><select  id=\"forminator-form-5444__field--select-1_69d1529d058ce\" class=\"forminator-select--field forminator-select2 forminator-select2-multiple\" data-required=\"\" name=\"select-1\" data-default-value=\"\" data-hidden-behavior=\"zero\" data-placeholder=\"\" data-search=\"false\" data-search-placeholder=\"\" data-checkbox=\"false\" data-allow-clear=\"false\" aria-labelledby=\"forminator-form-5444__field--select-1_69d1529d058ce-label\"><option value=\"one\"  data-calculation=\"0.0145\">1 (entre 6 et 9 points)<\/option><option value=\"two\"  data-calculation=\"0.0160\">2 (entre 10 et 12 points)<\/option><option value=\"3\"  data-calculation=\"0.0175\">3 (entre 13 et 15 points)<\/option><option value=\"4\"  data-calculation=\"0.0195\">4 (entre 16 et 18 points)<\/option><option value=\"5\"  data-calculation=\"0.022\">5 (entre 19 et 21 points)<\/option><option value=\"6\"  data-calculation=\"0.0245\">6 (entre 22 et 24 points)<\/option><option value=\"7\"  data-calculation=\"0.026\">7 (entre 25 et 27 points)<\/option><option value=\"8\"  data-calculation=\"0.029\">8 (entre 28 et 30 points)<\/option><option value=\"9\"  data-calculation=\"0.033\">9 (entre 31 et 33 points)<\/option><option value=\"10\"  data-calculation=\"0.038\">10 (entre 34 et 36 points)<\/option><\/select><\/div><\/div><div id=\"select-2\" class=\"forminator-field-select forminator-col forminator-col-6 \"><div class=\"forminator-field\"><label for=\"forminator-form-5444__field--select-2_69d1529d058ce\" id=\"forminator-form-5444__field--select-2_69d1529d058ce-label\" class=\"forminator-label\">Mon anciennet\u00e9 est de<\/label><select  id=\"forminator-form-5444__field--select-2_69d1529d058ce\" class=\"forminator-select--field forminator-select2 forminator-select2-multiple\" data-required=\"\" name=\"select-2\" data-default-value=\"\" data-hidden-behavior=\"zero\" data-placeholder=\"\" data-search=\"false\" data-search-placeholder=\"\" data-checkbox=\"false\" data-allow-clear=\"false\" aria-labelledby=\"forminator-form-5444__field--select-2_69d1529d058ce-label\"><option value=\"one\"  data-calculation=\"0\">1 an<\/option><option value=\"two\"  data-calculation=\"0\">2 ans<\/option><option value=\"3-ans\"  data-calculation=\"3\">3 ans<\/option><option value=\"4-ans\"  data-calculation=\"4\">4 ans<\/option><option value=\"5-ans\"  data-calculation=\"5\">5 ans<\/option><option value=\"6-ans\"  data-calculation=\"6\">6 ans<\/option><option value=\"7-ans\"  data-calculation=\"7\">7 ans<\/option><option value=\"8-ans\"  data-calculation=\"8\">8 ans<\/option><option value=\"9-ans\"  data-calculation=\"9\">9 ans<\/option><option value=\"10-ans\"  data-calculation=\"10\">10 ans<\/option><option value=\"11-ans\"  data-calculation=\"11\">11 ans<\/option><option value=\"12-ans\"  data-calculation=\"12\">12 ans<\/option><option value=\"13-ans\"  data-calculation=\"13\">13 ans<\/option><option value=\"14-ans\"  data-calculation=\"14\">14 ans<\/option><option value=\"15-ans\"  data-calculation=\"15\">15 ans<\/option><option value=\"Plus-de-15-ans\"  data-calculation=\"15\">Plus de 15 ans<\/option><\/select><\/div><\/div><\/div><div class=\"forminator-row\"><div id=\"calculation-1\" class=\"forminator-field-calculation forminator-col forminator-col-12 \"><div class=\"forminator-field\"><label for=\"calculation-1-field_69d1529d058ce\" id=\"calculation-1-field_69d1529d058ce-label\" class=\"forminator-label\">Montant de ta prime d&#039;anciennet\u00e9 en 2024 (nouvelle convention collective)<\/label><div class=\"forminator-input forminator-input-with-prefix\"><input type=\"text\" name=\"calculation-1\" value=\"\" id=\"calculation-1-field_69d1529d058ce\" class=\"forminator-calculation\" data-formula=\"((5.015 * {select-1}) * 100) * {select-2}\" data-required=\"\" data-decimal-point=\".\" data-precision=\"2\" data-is-hidden=\"1\" disabled=\"disabled\" data-decimals=\"2\" data-inputmask=\"&#039;groupSeparator&#039;: &#039;&#039;, &#039;radixPoint&#039;: &#039;.&#039;, &#039;digits&#039;: &#039;2&#039;\" readonly=\"readonly\" data-hidden-behavior=\"zero\" \/><span class=\"forminator-suffix\">\u20ac<\/span><\/div><\/div><\/div><\/div><div class=\"forminator-row\"><div id=\"email-1\" class=\"forminator-field-email forminator-col forminator-col-12 \"><div class=\"forminator-field\"><label for=\"forminator-field-email-1_69d1529d058ce\" id=\"forminator-field-email-1_69d1529d058ce-label\" class=\"forminator-label\">Adresse de messagerie<\/label><input type=\"email\" name=\"email-1\" value=\"\" placeholder=\"Par exemple\u00a0: jacques@martin.com\" id=\"forminator-field-email-1_69d1529d058ce\" class=\"forminator-input forminator-email--field\" data-required=\"\" aria-required=\"false\" autocomplete=\"email\" aria-describedby=\"forminator-field-email-1_69d1529d058ce-description\" \/><span id=\"forminator-field-email-1_69d1529d058ce-description\" class=\"forminator-description\">(cet adresse mail est destin\u00e9 a vous envoyer le r\u00e9sultat - elle ne sera pas conserv\u00e9e)<\/span><\/div><\/div><\/div><input type=\"hidden\" name=\"referer_url\" value=\"\" \/><div class=\"forminator-row forminator-row-last\"><div class=\"forminator-col\"><div class=\"forminator-field\"><button class=\"forminator-button forminator-button-submit\">Soumettre le calcul<\/button><\/div><\/div><\/div><input type=\"hidden\" id=\"forminator_nonce\" name=\"forminator_nonce\" value=\"d79fd3096a\" \/><input type=\"hidden\" name=\"_wp_http_referer\" value=\"\/groupe\/wp-json\/wp\/v2\/pages\/5445\" \/><input type=\"hidden\" name=\"form_id\" value=\"5444\"><input type=\"hidden\" name=\"page_id\" value=\"5445\"><input type=\"hidden\" name=\"form_type\" value=\"default\"><input type=\"hidden\" name=\"current_url\" value=\"https:\/\/cgtsafran.com\/groupe\/calcul-de-la-prime-danciennete-applicable-au-1er-janvier-2024\/\"><input type=\"hidden\" name=\"render_id\" value=\"0\"><input type=\"hidden\" name=\"action\" value=\"forminator_submit_form_custom-forms\"><\/form>\n","protected":false},"excerpt":{"rendered":"<p>Pour connaitre la valeur de la prime d&rsquo;anciennet\u00e9 pr\u00e9vue dans la Nouvelle Convention Collective de la m\u00e9tallurgie si aucun accord de compensation n&rsquo;est sign\u00e9 dans votre entreprise, remplissez le formulaire suivant: &nbsp; Si vous ne connaissez pas votre classe d&#8217;emploi, simulez votre cotation d&#8217;emploi ici: simulateur de cotation<\/p>\n","protected":false},"author":2,"featured_media":0,"parent":0,"menu_order":0,"comment_status":"closed","ping_status":"closed","template":"","meta":{"_acf_changed":false,"wds_primary_applications":0,"footnotes":""},"applications":[],"class_list":["post-5445","page","type-page","status-publish","hentry"],"acf":[],"_links":{"self":[{"href":"https:\/\/cgtsafran.com\/groupe\/wp-json\/wp\/v2\/pages\/5445","targetHints":{"allow":["GET"]}}],"collection":[{"href":"https:\/\/cgtsafran.com\/groupe\/wp-json\/wp\/v2\/pages"}],"about":[{"href":"https:\/\/cgtsafran.com\/groupe\/wp-json\/wp\/v2\/types\/page"}],"author":[{"embeddable":true,"href":"https:\/\/cgtsafran.com\/groupe\/wp-json\/wp\/v2\/users\/2"}],"replies":[{"embeddable":true,"href":"https:\/\/cgtsafran.com\/groupe\/wp-json\/wp\/v2\/comments?post=5445"}],"version-history":[{"count":2,"href":"https:\/\/cgtsafran.com\/groupe\/wp-json\/wp\/v2\/pages\/5445\/revisions"}],"predecessor-version":[{"id":5508,"href":"https:\/\/cgtsafran.com\/groupe\/wp-json\/wp\/v2\/pages\/5445\/revisions\/5508"}],"wp:attachment":[{"href":"https:\/\/cgtsafran.com\/groupe\/wp-json\/wp\/v2\/media?parent=5445"}],"wp:term":[{"taxonomy":"applications","embeddable":true,"href":"https:\/\/cgtsafran.com\/groupe\/wp-json\/wp\/v2\/applications?post=5445"}],"curies":[{"name":"wp","href":"https:\/\/api.w.org\/{rel}","templated":true}]}}